{"id":30884,"date":"2024-12-20T10:38:24","date_gmt":"2024-12-20T10:38:24","guid":{"rendered":"https:\/\/www.freeshopfrontiera.ch\/shop\/boss-bottled-edp\/"},"modified":"2025-07-29T09:45:02","modified_gmt":"2025-07-29T09:45:02","slug":"boss-bottled-edp","status":"publish","type":"product","link":"https:\/\/www.freeshopfrontiera.ch\/de\/shop\/boss-bottled-edp\/","title":{"rendered":"Boss Bottled EdP"},"content":{"rendered":"<p><strong>Hugo Boss Boss Bottled Eau de Parfum: Ein Zeitloser Klassiker<\/strong><\/p>\n<p>Hugo Boss steht f\u00fcr Eleganz und Raffinesse, und <strong>Boss Bottled Eau de Parfum<\/strong> repr\u00e4sentiert einen der ikonischsten D\u00fcfte der Marke. Perfekt f\u00fcr den modernen Mann kombiniert dieser Duft Frische, W\u00e4rme und Intensit\u00e4t.<\/p>\n<p><strong>Ein Ausgewogener und Raffinierter Duft<\/strong><\/p>\n<p>Boss Bottled Eau de Parfum ist ein Duft, der frische und holzige Noten perfekt kombiniert. Der Einstieg wird von der lebendigen Frische gr\u00fcner \u00c4pfel gepr\u00e4gt, die sofort ein Gef\u00fchl von Energie vermittelt. Danach enth\u00fcllt das Herz des Duftes w\u00fcrzige Noten von Zimt und Nelken, die dem Duft Tiefe und Komplexit\u00e4t verleihen.<\/p>\n<p><strong>Basisnoten: Holzartig und Warm<\/strong><\/p>\n<p>Die Basis von Boss Bottled Eau de Parfum wird von holzigen Noten aus Zedernholz und Sandelholz dominiert, die eine warme und einh\u00fcllende Spur hinterlassen. Die Kombination dieser Noten schafft einen lang anhaltenden Duft, der sich langsam entwickelt und somit sowohl f\u00fcr den t\u00e4glichen Gebrauch als auch f\u00fcr besondere Anl\u00e4sse perfekt geeignet ist.<\/p>\n<p><strong>Ein Elegantes Design f\u00fcr den Selbstbewussten Mann<\/strong><\/p>\n<p>Der Flakon von Boss Bottled Eau de Parfum spiegelt die zeitlose Eleganz der Marke wider. Das moderne, klare Design wird durch metallische Details erg\u00e4nzt, was dem Flakon ein raffiniertes Aussehen verleiht. Dieser Duft ist f\u00fcr den Mann gemacht, der jederzeit eine Note von Klasse sucht.<\/p>\n<p><strong>Perfekt f\u00fcr Jede Gelegenheit<\/strong><\/p>\n<p>Boss Bottled Eau de Parfum ist ideal f\u00fcr jede Gelegenheit, vom Arbeitsplatz bis zu gesellschaftlichen Anl\u00e4ssen. Die ausgewogene Komposition macht ihn vielseitig und perfekt f\u00fcr einen Mann, der einen Duft sucht, der sich m\u00fchelos jeder Situation anpasst.<br \/>\nZusammenfassend l\u00e4sst sich sagen, dass <strong>Boss Bottled EdP<\/strong> ein Muss f\u00fcr diejenigen ist, die einen klassischen und raffinierten Duft suchen, der Frische und Intensit\u00e4t kombiniert und dabei eine elegante und langanhaltende Spur hinterl\u00e4sst.<\/p>\n<p>Verfolgen Sie alle unsere Neuigkeiten! <a href=\"https:\/\/www.instagram.com\/freeshopswiss\/\" target=\"_blank\" rel=\"noopener\">@freeshopswiss<\/a><\/p>\n","protected":false},"excerpt":{"rendered":"<p><em><strong>Hugo Boss Boss Bottled Eau de Parfum<\/strong> ist ein raffinierter Duft, der die Frische von Apfel mit warmen, w\u00fcrzigen Noten kombiniert \u2013 ideal f\u00fcr den eleganten Mann.<\/em><\/p>\n","protected":false},"featured_media":9353,"comment_status":"open","ping_status":"closed","template":"","meta":[],"pwb-brand":[260],"product_brand":[],"product_cat":[84,86],"product_tag":[952,254,953,1642],"class_list":{"0":"post-30884","1":"product","2":"type-product","3":"status-publish","4":"has-post-thumbnail","6":"pwb-brand-hugo-boss","7":"product_cat-duefte","8":"product_cat-fur-ihn-de","9":"product_tag-profumi-de","10":"product_tag-eau-de-parfum-de","11":"product_tag-uomo-de","12":"product_tag-mens-fragrances-de","14":"first","15":"outofstock","16":"sale","17":"taxable","18":"shipping-taxable","19":"purchasable","20":"product-type-variable","21":"has-default-attributes"},"brands":[{"id":260,"name":"Hugo Boss","slug":"hugo-boss"}],"_links":{"self":[{"href":"https:\/\/www.freeshopfrontiera.ch\/de\/wp-json\/wp\/v2\/product\/30884","targetHints":{"allow":["GET"]}}],"collection":[{"href":"https:\/\/www.freeshopfrontiera.ch\/de\/wp-json\/wp\/v2\/product"}],"about":[{"href":"https:\/\/www.freeshopfrontiera.ch\/de\/wp-json\/wp\/v2\/types\/product"}],"replies":[{"embeddable":true,"href":"https:\/\/www.freeshopfrontiera.ch\/de\/wp-json\/wp\/v2\/comments?post=30884"}],"version-history":[{"count":1,"href":"https:\/\/www.freeshopfrontiera.ch\/de\/wp-json\/wp\/v2\/product\/30884\/revisions"}],"predecessor-version":[{"id":33928,"href":"https:\/\/www.freeshopfrontiera.ch\/de\/wp-json\/wp\/v2\/product\/30884\/revisions\/33928"}],"wp:featuredmedia":[{"embeddable":true,"href":"https:\/\/www.freeshopfrontiera.ch\/de\/wp-json\/wp\/v2\/media\/9353"}],"wp:attachment":[{"href":"https:\/\/www.freeshopfrontiera.ch\/de\/wp-json\/wp\/v2\/media?parent=30884"}],"wp:term":[{"taxonomy":"pwb-brand","embeddable":true,"href":"https:\/\/www.freeshopfrontiera.ch\/de\/wp-json\/wp\/v2\/pwb-brand?post=30884"},{"taxonomy":"product_brand","embeddable":true,"href":"https:\/\/www.freeshopfrontiera.ch\/de\/wp-json\/wp\/v2\/product_brand?post=30884"},{"taxonomy":"product_cat","embeddable":true,"href":"https:\/\/www.freeshopfrontiera.ch\/de\/wp-json\/wp\/v2\/product_cat?post=30884"},{"taxonomy":"product_tag","embeddable":true,"href":"https:\/\/www.freeshopfrontiera.ch\/de\/wp-json\/wp\/v2\/product_tag?post=30884"}],"curies":[{"name":"wp","href":"https:\/\/api.w.org\/{rel}","templated":true}]}}