{"id":30926,"date":"2024-12-11T16:14:28","date_gmt":"2024-12-11T16:14:28","guid":{"rendered":"https:\/\/www.freeshopfrontiera.ch\/shop\/libre-flowers-flames\/"},"modified":"2024-12-11T16:14:28","modified_gmt":"2024-12-11T16:14:28","slug":"libre-flowers-flames","status":"publish","type":"product","link":"https:\/\/www.freeshopfrontiera.ch\/de\/shop\/libre-flowers-flames\/","title":{"rendered":"Libre Flowers &amp; Flames"},"content":{"rendered":"<p><strong>Yves Saint Laurent Libre Flowers &amp; Flames Eau de Parfum Florale: Die Essenz von Freiheit und Leidenschaft<\/strong><\/p>\n<p>Yves Saint Laurent Libre Flowers &amp; Flames Eau de Parfum Florale ist ein Parf\u00fcm, das die Verbindung zwischen der Kraft der Freiheit und der Leidenschaft der Blumen feiert. Mit seiner einzigartigen Komposition bietet dieser Duft ein intensives Sinneserlebnis, perfekt f\u00fcr alle, die ein anspruchsvolles und kr\u00e4ftiges Parf\u00fcm suchen. <\/p>\n<p><strong>Eine Einzigartige Olfaktorische Komposition<\/strong><\/p>\n<p>Der Duft beginnt mit einer Explosion der Frische dank der Kopfnoten von Bergamotte und Mandarine, die eine lebendige und dynamische Atmosph\u00e4re schaffen. Das Herz von Yves Saint Laurent Libre Flowers &amp; Flames wird von der Zartheit der Orangenbl\u00fcte und der Sinnlichkeit des Jasmins dominiert, die einen femininen und geheimnisvollen Charme hervorrufen. Schlie\u00dflich sorgen die Basisnoten aus Vanille, Moschus und Zedernholz f\u00fcr eine einh\u00fcllende Persistenz und hinterlassen eine warme und lang anhaltende Spur.  <\/p>\n<p><strong>&#8211;<\/strong><\/p>\n<p>Libre Flowers &amp; Flames ist das ideale Parf\u00fcm f\u00fcr eine Frau, die ihre Unabh\u00e4ngigkeit mit Eleganz zum Ausdruck bringen m\u00f6chte. Seine Kombination aus Frische und Sinnlichkeit verk\u00f6rpert die St\u00e4rke der modernen Frau, die bereit ist, ihr Leben ohne Kompromisse zu leben. Perfekt f\u00fcr jeden Anlass, vom Arbeitstag bis zum besonderen Abend, steht dieses Parf\u00fcm f\u00fcr die Freiheit, jederzeit man selbst zu sein.  <\/p>\n<p><strong>Das Flaschendesign: Eleganz und Raffinesse<\/strong><\/p>\n<p>Der Flakon von Yves Saint Laurent Libre Flowers &amp; Flames ist ein wahres Meisterwerk des Designs. Die moderne, mit goldenen Details verzierte Form der Flasche bringt den f\u00fcr die Marke typischen Luxus und die Eleganz zum Ausdruck. Das Design spiegelt die Raffinesse und Kraft des enthaltenen Duftes wider und macht den Flakon zu einem Accessoire, das gerne zur Schau gestellt wird.  <\/p>\n<p><strong>&#8211;<\/strong><\/p>\n<p>Eau de Parfum Florale ist eine Hommage an die St\u00e4rke und Leidenschaft der modernen Frau. Mit seiner blumigen und einh\u00fcllenden Komposition ist es das perfekte Parf\u00fcm f\u00fcr alle, die eine einzigartige und kr\u00e4ftige Essenz suchen. <\/p>\n<p>Verfolgen Sie alle unsere Neuigkeiten! <a href=\"https:\/\/www.instagram.com\/freeshopswiss\/\" target=\"_blank\" rel=\"noopener\">@freeshopswiss<\/a><\/p>\n","protected":false},"excerpt":{"rendered":"<p><em><strong>Yves Saint Laurent Libre Flowers &amp; Flames Eau de Parfum Florale<\/strong> Es ist ein blumiges Parf\u00fcm, das Frische und Sinnlichkeit vereint, perfekt f\u00fcr die Frau, die ihre Freiheit und Leidenschaft ausdr\u00fccken m\u00f6chte.<\/em><\/p>\n","protected":false},"featured_media":9164,"comment_status":"open","ping_status":"closed","template":"","meta":[],"pwb-brand":[268],"product_brand":[],"product_cat":[84,111],"product_tag":[790,952,254,293,4368],"class_list":{"0":"post-30926","1":"product","2":"type-product","3":"status-publish","4":"has-post-thumbnail","6":"pwb-brand-yves-saint-laurent","7":"product_cat-duefte","8":"product_cat-fur-sie-de","9":"product_tag-womens-fragrances-de","10":"product_tag-profumi-de","11":"product_tag-eau-de-parfum-de","12":"product_tag-frau","13":"product_tag-fruehlingsspecial","15":"first","16":"instock","17":"sale","18":"taxable","19":"shipping-taxable","20":"purchasable","21":"product-type-variable","22":"has-default-attributes"},"brands":[{"id":268,"name":"Yves Saint Laurent","slug":"yves-saint-laurent"}],"_links":{"self":[{"href":"https:\/\/www.freeshopfrontiera.ch\/de\/wp-json\/wp\/v2\/product\/30926","targetHints":{"allow":["GET"]}}],"collection":[{"href":"https:\/\/www.freeshopfrontiera.ch\/de\/wp-json\/wp\/v2\/product"}],"about":[{"href":"https:\/\/www.freeshopfrontiera.ch\/de\/wp-json\/wp\/v2\/types\/product"}],"replies":[{"embeddable":true,"href":"https:\/\/www.freeshopfrontiera.ch\/de\/wp-json\/wp\/v2\/comments?post=30926"}],"version-history":[{"count":0,"href":"https:\/\/www.freeshopfrontiera.ch\/de\/wp-json\/wp\/v2\/product\/30926\/revisions"}],"wp:featuredmedia":[{"embeddable":true,"href":"https:\/\/www.freeshopfrontiera.ch\/de\/wp-json\/wp\/v2\/media\/9164"}],"wp:attachment":[{"href":"https:\/\/www.freeshopfrontiera.ch\/de\/wp-json\/wp\/v2\/media?parent=30926"}],"wp:term":[{"taxonomy":"pwb-brand","embeddable":true,"href":"https:\/\/www.freeshopfrontiera.ch\/de\/wp-json\/wp\/v2\/pwb-brand?post=30926"},{"taxonomy":"product_brand","embeddable":true,"href":"https:\/\/www.freeshopfrontiera.ch\/de\/wp-json\/wp\/v2\/product_brand?post=30926"},{"taxonomy":"product_cat","embeddable":true,"href":"https:\/\/www.freeshopfrontiera.ch\/de\/wp-json\/wp\/v2\/product_cat?post=30926"},{"taxonomy":"product_tag","embeddable":true,"href":"https:\/\/www.freeshopfrontiera.ch\/de\/wp-json\/wp\/v2\/product_tag?post=30926"}],"curies":[{"name":"wp","href":"https:\/\/api.w.org\/{rel}","templated":true}]}}