{"id":30931,"date":"2024-12-17T15:29:06","date_gmt":"2024-12-17T15:29:06","guid":{"rendered":"https:\/\/www.freeshopfrontiera.ch\/shop\/yves-saint-laurent-y\/"},"modified":"2025-05-28T08:46:00","modified_gmt":"2025-05-28T08:46:00","slug":"yves-saint-laurent-y","status":"publish","type":"product","link":"https:\/\/www.freeshopfrontiera.ch\/de\/shop\/yves-saint-laurent-y\/","title":{"rendered":"YVES SAINT LAURENT Y 100ml"},"content":{"rendered":"<h4>YVES SAINT LAURENT Y Eau de Toilette: Die Essenz von Modernit\u00e4t und Eleganz<\/h4>\n<p><strong>Yves Saint Laurent Y Eau de Toilette <\/strong>ist ein ikonischer Duft, der den Geist eines modernen, mutigen und kultivierten Mannes verk\u00f6rpert. Dieses 2017 auf den Markt gebrachte Eau de Toilette hat sich schnell zu einem Klassiker f\u00fcr alle entwickelt, die einen unverwechselbaren und vielseitigen Duft suchen. Seine olfaktorische Komposition ist eine perfekte Verschmelzung von Frische, Energie und Sinnlichkeit.<\/p>\n<h4>Ein frischer und holziger Duft<\/h4>\n<p>Der Duft Yves Saint Laurent Y Eau de Toilette zeichnet sich durch eine perfekte Balance zwischen frischen und holzigen Noten aus. Die Kopfnoten beginnen mit einer Kombination aus Bergamotte und Minze und sorgen f\u00fcr einen frischen und lebendigen Auftakt. Die Herznote des Duftes wird von Geranie und Salbei gepr\u00e4gt, die eine aromatisch-blumige Dimension hinzuf\u00fcgen. Schlie\u00dflich verleiht die holzige Basis aus Zeder, Moschus und Amber dem Duft eine warme und einh\u00fcllende Tiefe.<\/p>\n<h4>Die elegante und minimalistische Flasche<\/h4>\n<p>Die Verpackung von Yves Saint Laurent Y Eau de Toilette spiegelt die Philosophie der Marke wider: ein elegantes und minimalistisches Design. Die Flasche mit klaren und modernen Linien ist mit dem ber\u00fchmten YSL-Logo verziert, das einen Hauch von Klasse verleiht. Die Farbe der Fl\u00fcssigkeit, ein kristallines Blau, strahlt Frische und Helligkeit aus und macht die Flasche perfekt f\u00fcr jede Parf\u00fcmsammlung.<\/p>\n<h4>Passend f\u00fcr jeden Anlass<\/h4>\n<p>Yves Saint Laurent Y Eau de Toilette ist perfekt f\u00fcr jeden Anlass. Seine Vielseitigkeit macht es ideal f\u00fcr den t\u00e4glichen Gebrauch, aber auch f\u00fcr besondere Anl\u00e4sse. Ob Arbeitstag oder eleganter Abend, dieses Parf\u00fcm verleiht immer einen Hauch von Raffinesse. Seine Frische macht ihn auch f\u00fcr die Sommersaison geeignet, w\u00e4hrend die holzigen Noten perfekt f\u00fcr Herbst und Winter sind.<\/p>\n<h4>Ein Duft f\u00fcr den modernen Mann<\/h4>\n<p>Yves Saint Laurent Y ist dem modernen Mann gewidmet, der ein Parf\u00fcm sucht, das seine Pers\u00f6nlichkeit und seinen dynamischen Lebensstil widerspiegelt. Dieses Parf\u00fcm verk\u00f6rpert das Konzept des Erfolgs, ohne jemals auf Eleganz zu verzichten. Perfekt f\u00fcr den Mann, der mit seiner Pr\u00e4senz einen unausl\u00f6schlichen Eindruck hinterlassen m\u00f6chte, ist Y Eau de Toilette ein wahres Symbol f\u00fcr Stil und Authentizit\u00e4t.<\/p>\n<h4>Conclusione<\/h4>\n<h4>Y Eau de Toilette ist viel mehr als nur ein Parf\u00fcm: Es ist ein Statement der Pers\u00f6nlichkeit. Seine einzigartige Zusammensetzung macht es ideal f\u00fcr den modernen Mann, der wei\u00df, was er will und keine Angst hat, es zu verfolgen. Mit seiner lebendigen Frische und einer umh\u00fcllenden holzigen Basis wird dieser Duft zu einem Must-have f\u00fcr alle, die ein elegantes und modernes Parf\u00fcm suchen.<\/h4>\n<p>Verfolgen Sie alle unsere Neuigkeiten! <a href=\"https:\/\/www.instagram.com\/freeshopswiss\/\" target=\"_blank\" rel=\"noopener\">@freeshopswiss<\/a><\/p>\n","protected":false},"excerpt":{"rendered":"<p><em><strong>Yves Saint Laurent Y Eau de Toilette<\/strong> ist ein frischer und holziger Duft, perfekt f\u00fcr den modernen Mann. Es kombiniert Zitrus- und Holznoten zu einem eleganten und vielseitigen Parf\u00fcm, das f\u00fcr jeden Anlass geeignet ist. <\/em><\/p>\n","protected":false},"featured_media":9230,"comment_status":"open","ping_status":"closed","template":"","meta":[],"pwb-brand":[268],"product_brand":[],"product_cat":[84,86],"product_tag":[952,147,953,1642],"class_list":{"0":"post-30931","1":"product","2":"type-product","3":"status-publish","4":"has-post-thumbnail","6":"pwb-brand-yves-saint-laurent","7":"product_cat-duefte","8":"product_cat-fur-ihn-de","9":"product_tag-profumi-de","10":"product_tag-eau-de-toilette-de","11":"product_tag-uomo-de","12":"product_tag-mens-fragrances-de","14":"first","15":"instock","16":"sale","17":"taxable","18":"shipping-taxable","19":"purchasable","20":"product-type-simple"},"brands":[{"id":268,"name":"Yves Saint Laurent","slug":"yves-saint-laurent"}],"_links":{"self":[{"href":"https:\/\/www.freeshopfrontiera.ch\/de\/wp-json\/wp\/v2\/product\/30931","targetHints":{"allow":["GET"]}}],"collection":[{"href":"https:\/\/www.freeshopfrontiera.ch\/de\/wp-json\/wp\/v2\/product"}],"about":[{"href":"https:\/\/www.freeshopfrontiera.ch\/de\/wp-json\/wp\/v2\/types\/product"}],"replies":[{"embeddable":true,"href":"https:\/\/www.freeshopfrontiera.ch\/de\/wp-json\/wp\/v2\/comments?post=30931"}],"version-history":[{"count":3,"href":"https:\/\/www.freeshopfrontiera.ch\/de\/wp-json\/wp\/v2\/product\/30931\/revisions"}],"predecessor-version":[{"id":31431,"href":"https:\/\/www.freeshopfrontiera.ch\/de\/wp-json\/wp\/v2\/product\/30931\/revisions\/31431"}],"wp:featuredmedia":[{"embeddable":true,"href":"https:\/\/www.freeshopfrontiera.ch\/de\/wp-json\/wp\/v2\/media\/9230"}],"wp:attachment":[{"href":"https:\/\/www.freeshopfrontiera.ch\/de\/wp-json\/wp\/v2\/media?parent=30931"}],"wp:term":[{"taxonomy":"pwb-brand","embeddable":true,"href":"https:\/\/www.freeshopfrontiera.ch\/de\/wp-json\/wp\/v2\/pwb-brand?post=30931"},{"taxonomy":"product_brand","embeddable":true,"href":"https:\/\/www.freeshopfrontiera.ch\/de\/wp-json\/wp\/v2\/product_brand?post=30931"},{"taxonomy":"product_cat","embeddable":true,"href":"https:\/\/www.freeshopfrontiera.ch\/de\/wp-json\/wp\/v2\/product_cat?post=30931"},{"taxonomy":"product_tag","embeddable":true,"href":"https:\/\/www.freeshopfrontiera.ch\/de\/wp-json\/wp\/v2\/product_tag?post=30931"}],"curies":[{"name":"wp","href":"https:\/\/api.w.org\/{rel}","templated":true}]}}