{"id":30948,"date":"2024-12-19T15:57:20","date_gmt":"2024-12-19T15:57:20","guid":{"rendered":"https:\/\/www.freeshopfrontiera.ch\/shop\/ysl-mon-paris\/"},"modified":"2025-05-20T11:34:20","modified_gmt":"2025-05-20T11:34:20","slug":"ysl-mon-paris","status":"publish","type":"product","link":"https:\/\/www.freeshopfrontiera.ch\/de\/shop\/ysl-mon-paris\/","title":{"rendered":"YSL Mon Paris"},"content":{"rendered":"<p><strong>&#8211;<\/strong><\/p>\n<p>YSL Mon Paris Eau de Parfum ist ein anspruchsvoller, intensiver und leidenschaftlicher Duft, der die Essenz der Liebe in Paris einf\u00e4ngt. Mon Paris wurde 2016 auf den Markt gebracht und ist eine Hommage an die Stadt der Liebe, ein Parf\u00fcm, das die Intensit\u00e4t und Spontaneit\u00e4t der Gef\u00fchle verk\u00f6rpert. Perfekt f\u00fcr alle, die ein einzigartiges Sinneserlebnis suchen.  <\/p>\n<p><strong>Eine blumig-fruchtige Duftkomposition<\/strong><\/p>\n<p>Mon Paris beginnt mit einer frischen und fruchtigen Kombination aus roten Fr\u00fcchten und Birne. Diese ersten Aromen werden von der Frische der Bergamotte und Orange begleitet und erzeugen ein Gef\u00fchl der Vitalit\u00e4t. Die Herznote des Duftes wird von floralen Noten aus Pfingstrose, Jasmin und Orangenbl\u00fcte dominiert, die ihm eine feminine und raffinierte Note verleihen. Die warmen und sinnlichen Basisnoten sind gepr\u00e4gt von Patchouli, Amber und Moschus, die dem Parf\u00fcm eine einzigartige und anhaltende Tiefe verleihen.   <\/p>\n<p><strong>Eine moderne Interpretation der Liebe<\/strong><\/p>\n<p>Mon Paris ist das ideale Parf\u00fcm f\u00fcr eine mutige, romantische und moderne Frau. Der Duft erz\u00e4hlt eine leidenschaftliche Liebesgeschichte, \u00e4hnlich wie die Stadt Paris, die immer lebendig und pulsierend ist. Mon Paris ist perfekt f\u00fcr alle, die ihre Individualit\u00e4t und Sinnlichkeit zum Ausdruck bringen m\u00f6chten, ohne auf einen Hauch von Eleganz zu verzichten. Durch seine komplexe Zusammensetzung ist es f\u00fcr jeden Anlass geeignet, vom Alltag bis hin zu besonderen Abenden.   <\/p>\n<p><strong>Eine elegante und raffinierte Flasche<\/strong><\/p>\n<p>Der Flakon des YVES SAINT LAURENT Mon Paris Eau de Parfum ist ein wahres Kunstwerk. Die Flasche besticht durch ihr anspruchsvolles und modernes Design, ihre geschwungene Form und das schwarze Band machen sie sofort erkennbar. Der rosa Farbton des Parfums, der durch das transparente Glas sichtbar ist, weckt Romantik und Leidenschaft und macht Mon Paris sowohl zu einem Objekt der Begierde als auch zu einem Duft.  <\/p>\n<p><strong>Perfekt f\u00fcr Jede Gelegenheit<\/strong><\/p>\n<p>YVES SAINT LAURENT Mon Paris ist \u00e4u\u00dferst vielseitig, perfekt f\u00fcr den Alltag, aber auch f\u00fcr besondere Anl\u00e4sse. Seine S\u00fc\u00dfe und Sinnlichkeit machen es ideal f\u00fcr den Tag, w\u00e4hrend die intensiveren Noten es perfekt f\u00fcr romantische Abende und elegante Veranstaltungen machen. Der langanhaltende Duft von Mon Paris bleibt den ganzen Tag \u00fcber erhalten und vermittelt ein Gef\u00fchl anhaltender Frische und Sinnlichkeit.  <\/p>\n<p><strong>Fazit<\/strong><\/p>\n<p>YSL Mon Paris Eau de Parfum ist ein Duft, der die Leidenschaft, Liebe und Sch\u00f6nheit von Paris feiert. Mit seiner blumigen, fruchtigen und sinnlichen Komposition ist Mon Paris ein Parf\u00fcm, das eine Geschichte voller Emotionen erz\u00e4hlt. Mon Paris ist perfekt f\u00fcr die moderne Frau, die nach einer anspruchsvollen und lang anhaltenden Essenz sucht, und die ideale Wahl f\u00fcr alle, die bei jeder Gelegenheit einen unausl\u00f6schlichen Eindruck hinterlassen m\u00f6chten.  <\/p>\n<p>Verfolgen Sie alle unsere Neuigkeiten! <a href=\"https:\/\/www.instagram.com\/freeshopswiss\/\" target=\"_blank\" rel=\"noopener\">@freeshopswiss<\/a><\/p>\n","protected":false},"excerpt":{"rendered":"<p><em><strong>YVES SAINT LAURENT Mon Paris Eau de Parfum<\/strong> Es ist ein Parf\u00fcm, das die Intensit\u00e4t der Pariser Liebe verk\u00f6rpert. Mit fruchtigen und blumigen Noten hinterl\u00e4sst es eine romantische und langanhaltende Spur. <\/em><\/p>\n","protected":false},"featured_media":9307,"comment_status":"open","ping_status":"closed","template":"","meta":[],"pwb-brand":[268],"product_brand":[],"product_cat":[84,111],"product_tag":[790,952,254,293],"class_list":{"0":"post-30948","1":"product","2":"type-product","3":"status-publish","4":"has-post-thumbnail","6":"pwb-brand-yves-saint-laurent","7":"product_cat-duefte","8":"product_cat-fur-sie-de","9":"product_tag-womens-fragrances-de","10":"product_tag-profumi-de","11":"product_tag-eau-de-parfum-de","12":"product_tag-frau","14":"first","15":"instock","16":"sale","17":"taxable","18":"shipping-taxable","19":"purchasable","20":"product-type-variable","21":"has-default-attributes"},"brands":[{"id":268,"name":"Yves Saint Laurent","slug":"yves-saint-laurent"}],"_links":{"self":[{"href":"https:\/\/www.freeshopfrontiera.ch\/de\/wp-json\/wp\/v2\/product\/30948","targetHints":{"allow":["GET"]}}],"collection":[{"href":"https:\/\/www.freeshopfrontiera.ch\/de\/wp-json\/wp\/v2\/product"}],"about":[{"href":"https:\/\/www.freeshopfrontiera.ch\/de\/wp-json\/wp\/v2\/types\/product"}],"replies":[{"embeddable":true,"href":"https:\/\/www.freeshopfrontiera.ch\/de\/wp-json\/wp\/v2\/comments?post=30948"}],"version-history":[{"count":1,"href":"https:\/\/www.freeshopfrontiera.ch\/de\/wp-json\/wp\/v2\/product\/30948\/revisions"}],"predecessor-version":[{"id":30952,"href":"https:\/\/www.freeshopfrontiera.ch\/de\/wp-json\/wp\/v2\/product\/30948\/revisions\/30952"}],"wp:featuredmedia":[{"embeddable":true,"href":"https:\/\/www.freeshopfrontiera.ch\/de\/wp-json\/wp\/v2\/media\/9307"}],"wp:attachment":[{"href":"https:\/\/www.freeshopfrontiera.ch\/de\/wp-json\/wp\/v2\/media?parent=30948"}],"wp:term":[{"taxonomy":"pwb-brand","embeddable":true,"href":"https:\/\/www.freeshopfrontiera.ch\/de\/wp-json\/wp\/v2\/pwb-brand?post=30948"},{"taxonomy":"product_brand","embeddable":true,"href":"https:\/\/www.freeshopfrontiera.ch\/de\/wp-json\/wp\/v2\/product_brand?post=30948"},{"taxonomy":"product_cat","embeddable":true,"href":"https:\/\/www.freeshopfrontiera.ch\/de\/wp-json\/wp\/v2\/product_cat?post=30948"},{"taxonomy":"product_tag","embeddable":true,"href":"https:\/\/www.freeshopfrontiera.ch\/de\/wp-json\/wp\/v2\/product_tag?post=30948"}],"curies":[{"name":"wp","href":"https:\/\/api.w.org\/{rel}","templated":true}]}}