{"id":30960,"date":"2024-12-19T08:43:38","date_gmt":"2024-12-19T08:43:38","guid":{"rendered":"https:\/\/www.freeshopfrontiera.ch\/shop\/ysl-y-lelixir\/"},"modified":"2025-05-28T08:40:09","modified_gmt":"2025-05-28T08:40:09","slug":"ysl-y-lelixir","status":"publish","type":"product","link":"https:\/\/www.freeshopfrontiera.ch\/de\/shop\/ysl-y-lelixir\/","title":{"rendered":"YSL Y L&#8217;Elixir 60ml"},"content":{"rendered":"<p><strong>YSL Y L&#8217;Elixir Eau de Parfum: Intensive Eleganz f\u00fcr den modernen Mann<\/strong><\/p>\n<p>YVES SAINT LAURENT Y L&#8217;Elixir Eau de Parfum ist ein kraftvolles und anspruchsvolles Parf\u00fcm, kreiert f\u00fcr den mutigen Mann, der mit einem intensiven Duft auffallen m\u00f6chte. Diese konzentrierte Version von Y Eau de Parfum kam 2020 auf den Markt und bietet eine Komposition, die Frische, Kraft und Sinnlichkeit in einem einzigen, faszinierenden Elixier vereint.<\/p>\n<p><strong>Eine komplexe und einh\u00fcllende Essenz<\/strong><\/p>\n<p>Y L&#8217;Elixir beginnt mit einer frischen Note von Bergamotte und gr\u00fcnem Apfel und erzeugt ein sofortiges Gef\u00fchl von Energie. Das Herz des Duftes wird von Lavendel und Geranie dominiert, zwei aromatischen Noten, die Frische mit blumiger Tiefe in Einklang bringen. Die mit Zedernholz, Amber und Vanille angereicherten Basisnoten verleihen dem Parf\u00fcm eine warme und sinnliche Basis, die stundenlang auf der Haut verweilt und eine unvergessliche Spur hinterl\u00e4sst.<\/p>\n<p><strong>Der Duft des Selbstbewussten Mannes<\/strong><\/p>\n<p>YSL Y L&#8217;Elixir ist f\u00fcr den Mann gedacht, der sein Charisma mit Eleganz und Entschlossenheit zum Ausdruck bringen m\u00f6chte. Der Duft ist stark und doch raffiniert und eignet sich perfekt f\u00fcr jeden Anlass, von der Arbeit bis zum Abend, und sorgt f\u00fcr eine langanhaltende Wirkung. Seine umh\u00fcllende Komposition macht es ideal f\u00fcr den Mann, der einen Duft liebt, der seinen starken Charakter widerspiegelt.<\/p>\n<p><strong>Eine elegante und moderne Flasche<\/strong><\/p>\n<p>Der Flakon von Y L&#8217;Elixir ist elegant und modern, mit einem anspruchsvollen Design, das die Intensit\u00e4t des Parf\u00fcms im Inneren widerspiegelt. Die dunkelblaue Flasche mit dem YSL-Logo besteht aus transparentem Glas mit klaren und modernen Linien. Seine minimalistische und raffinierte \u00c4sthetik verleiht dem Duft einen Hauch von Luxus.<\/p>\n<p><strong>Perfekt f\u00fcr Jede Gelegenheit<\/strong><\/p>\n<p>YVES SAINT LAURENT Y L&#8217;Elixir Eau de Parfum ist ein vielseitiger Duft, der sich ideal f\u00fcr tags\u00fcber und abends eignet. Seine Intensit\u00e4t macht es perfekt f\u00fcr besondere Anl\u00e4sse, aber auch f\u00fcr den Alltag, wo es die Pers\u00f6nlichkeit unterstreichen kann, ohne aufdringlich zu sein. Dank seiner langen Haltbarkeit bleibt das Parf\u00fcm den ganzen Tag unver\u00e4ndert und hinterl\u00e4sst ein Gef\u00fchl von Frische und Raffinesse.<\/p>\n<p><strong>Fazit<\/strong><\/p>\n<p>YSL Y L&#8217;Elixir r Eau de Parfum ist die ideale Wahl f\u00fcr den modernen Mann, der einen eleganten und intensiven Duft sucht. Mit seiner komplexen Komposition aus frischen, aromatischen und holzigen Noten ist es ein Parf\u00fcm, das jederzeit St\u00e4rke und Raffinesse verk\u00f6rpert. Ein Muss f\u00fcr alle, die sich einen langanhaltenden und edlen Duft w\u00fcnschen.<\/p>\n<p>Verfolgen Sie alle unsere Neuigkeiten! <a href=\"https:\/\/www.instagram.com\/freeshopswiss\/\" target=\"_blank\" rel=\"noopener\">@freeshopswiss<\/a><\/p>\n","protected":false},"excerpt":{"rendered":"<p><em><strong>YVES SAINT LAURENT Y L&#8217;Elixir Eau de Parfum<\/strong> Es ist ein umh\u00fcllender und kraftvoller Duft, der frische und holzige Noten f\u00fcr einen entschlossenen und anspruchsvollen Mann kombiniert. Perfekt f\u00fcr jeden Anlass. <\/em><\/p>\n","protected":false},"featured_media":9268,"comment_status":"open","ping_status":"closed","template":"","meta":[],"pwb-brand":[268],"product_brand":[],"product_cat":[84,86],"product_tag":[952,254,953,1642],"class_list":{"0":"post-30960","1":"product","2":"type-product","3":"status-publish","4":"has-post-thumbnail","6":"pwb-brand-yves-saint-laurent","7":"product_cat-duefte","8":"product_cat-fur-ihn-de","9":"product_tag-profumi-de","10":"product_tag-eau-de-parfum-de","11":"product_tag-uomo-de","12":"product_tag-mens-fragrances-de","14":"first","15":"instock","16":"sale","17":"taxable","18":"shipping-taxable","19":"purchasable","20":"product-type-simple"},"brands":[{"id":268,"name":"Yves Saint Laurent","slug":"yves-saint-laurent"}],"_links":{"self":[{"href":"https:\/\/www.freeshopfrontiera.ch\/de\/wp-json\/wp\/v2\/product\/30960","targetHints":{"allow":["GET"]}}],"collection":[{"href":"https:\/\/www.freeshopfrontiera.ch\/de\/wp-json\/wp\/v2\/product"}],"about":[{"href":"https:\/\/www.freeshopfrontiera.ch\/de\/wp-json\/wp\/v2\/types\/product"}],"replies":[{"embeddable":true,"href":"https:\/\/www.freeshopfrontiera.ch\/de\/wp-json\/wp\/v2\/comments?post=30960"}],"version-history":[{"count":1,"href":"https:\/\/www.freeshopfrontiera.ch\/de\/wp-json\/wp\/v2\/product\/30960\/revisions"}],"predecessor-version":[{"id":31412,"href":"https:\/\/www.freeshopfrontiera.ch\/de\/wp-json\/wp\/v2\/product\/30960\/revisions\/31412"}],"wp:featuredmedia":[{"embeddable":true,"href":"https:\/\/www.freeshopfrontiera.ch\/de\/wp-json\/wp\/v2\/media\/9268"}],"wp:attachment":[{"href":"https:\/\/www.freeshopfrontiera.ch\/de\/wp-json\/wp\/v2\/media?parent=30960"}],"wp:term":[{"taxonomy":"pwb-brand","embeddable":true,"href":"https:\/\/www.freeshopfrontiera.ch\/de\/wp-json\/wp\/v2\/pwb-brand?post=30960"},{"taxonomy":"product_brand","embeddable":true,"href":"https:\/\/www.freeshopfrontiera.ch\/de\/wp-json\/wp\/v2\/product_brand?post=30960"},{"taxonomy":"product_cat","embeddable":true,"href":"https:\/\/www.freeshopfrontiera.ch\/de\/wp-json\/wp\/v2\/product_cat?post=30960"},{"taxonomy":"product_tag","embeddable":true,"href":"https:\/\/www.freeshopfrontiera.ch\/de\/wp-json\/wp\/v2\/product_tag?post=30960"}],"curies":[{"name":"wp","href":"https:\/\/api.w.org\/{rel}","templated":true}]}}