{"id":30972,"date":"2024-11-08T14:52:06","date_gmt":"2024-11-08T14:52:06","guid":{"rendered":"https:\/\/www.freeshopfrontiera.ch\/shop\/ck-euphoria-for-her\/"},"modified":"2024-11-08T14:52:06","modified_gmt":"2024-11-08T14:52:06","slug":"ck-euphoria-for-her","status":"publish","type":"product","link":"https:\/\/www.freeshopfrontiera.ch\/de\/shop\/ck-euphoria-for-her\/","title":{"rendered":"CK Euphoria for Her"},"content":{"rendered":"<p><strong>CK Euphoria for Her Eau de Parfum 30 ml: Eleganz und Geheimnis in einem femininen Duft<\/strong><\/p>\n<p><strong>CK Euphoria for Her Eau <\/strong>de Parfum 30ml Es ist ein raffinierter und sinnlicher Duft, der die Essenz der modernen und geheimnisvollen Frau einf\u00e4ngt. <strong>Euphoria for Her<\/strong> wurde 2005 von Calvin Klein auf den Markt gebracht und entwickelte sich schnell zu einem Klassiker, der f\u00fcr seine F\u00e4higkeit gesch\u00e4tzt wird, Eleganz, Sinnlichkeit und eine gewisse K\u00fchnheit zu vereinen. Die <strong>30-ml-<\/strong>Flasche ist perfekt f\u00fcr alle, die einen hochwertigen Duft in einer kompakten und praktischen Verpackung suchen, ideal, um ihn immer bei sich zu tragen.  <\/p>\n<p>Die <strong>Zusammensetzung von CK Euphoria<\/strong> f\u00fcr sie ist eine olfaktorische Erfahrung, die sich f\u00fcr seine Harmonie zwischen fruchtiger, floralem und orientalischem Noten auszeichnet. Der Duft beginnt mit einer Explosion aus Granatapfel und exotischen Fr\u00fcchten und schafft eine frische und prickelnde Atmosph\u00e4re. Unmittelbar danach wird das Herz mit Orchidee, Rose und Lotus angereichert, floralen Noten, die eine zarte und feminine, aber gleichzeitig intensive Note verleihen. Die Basis besteht aus einer sinnlichen Kombination aus Moschus, Zedernholz und Amber, die dem Parf\u00fcm eine au\u00dfergew\u00f6hnliche Langlebigkeit und Tiefe verleiht, die stundenlang auf der Haut verweilt.   <\/p>\n<p>Der <strong>30-ml-Flakon CK<\/strong><strong> Euphoria<\/strong> hat ein elegantes und modernes Design mit einer Form, die Sinnlichkeit und Raffinesse ausstrahlt. Der Vaporizer erm\u00f6glicht eine einfache und pr\u00e4zise Anwendung, sodass Sie seine erlesene Essenz jederzeit in vollen Z\u00fcgen genie\u00dfen k\u00f6nnen. <\/p>\n<p><strong>CK Euphoria for Her Es ist ideal f\u00fcr die Frau, die einh\u00fcllende und raffinierte D\u00fcfte liebt, perfekt f\u00fcr besondere Anl\u00e4sse oder um dem Alltag einen Hauch von Eleganz zu verleihen. Durch seine Vielseitigkeit ist er f\u00fcr jede Jahreszeit geeignet, besonders aber f\u00fcr Herbst und Winter, da er tief und warm ist.<\/strong> <\/p>\n<p>Verfolgen Sie alle unsere Neuigkeiten! <a href=\"https:\/\/www.instagram.com\/freeshopswiss\/\" target=\"_blank\" rel=\"noopener\">@freeshopswiss<\/a><\/p>\n","protected":false},"excerpt":{"rendered":"<div class=\"flex-shrink-0 flex flex-col relative items-end\">\n<div>\n<div class=\"pt-0\">\n<div class=\"gizmo-bot-avatar flex h-8 w-8 items-center justify-center overflow-hidden rounded-full\">\n<div class=\"relative p-1 rounded-sm flex items-center justify-center bg-token-main-surface-primary text-token-text-primary h-8 w-8\"><\/div>\n<\/div>\n<\/div>\n<\/div>\n<\/div>\n<div class=\"group\/conversation-turn relative flex w-full min-w-0 flex-col agent-turn\">\n<div class=\"flex-col gap-1 md:gap-3\">\n<div class=\"flex max-w-full flex-col flex-grow\">\n<div class=\"min-h-8 text-message flex w-full flex-col items-end gap-2 whitespace-normal break-words [.text-message+&amp;]:mt-5\" dir=\"auto\" data-message-author-role=\"assistant\" data-message-id=\"80755c88-5daf-4503-a6ce-11ac4e2ff5df\" data-message-model-slug=\"gpt-4o-mini\">\n<div class=\"flex w-full flex-col gap-1 empty:hidden first:pt-[3px]\">\n<div class=\"markdown prose w-full break-words dark:prose-invert light\">\n<p><strong>CK Euphoria for Her Eau de Parfum 30ml<\/strong> Es ist ein sinnlicher und raffinierter Duft mit Noten von Granatapfel, Orchidee und Moschus. Elegant und umh\u00fcllend, ideal f\u00fcr die moderne und anspruchsvolle Frau. <\/p>\n<\/div>\n<\/div>\n<\/div>\n<\/div>\n<\/div>\n<\/div>\n","protected":false},"featured_media":7200,"comment_status":"open","ping_status":"closed","template":"","meta":[],"pwb-brand":[181],"product_brand":[],"product_cat":[84,111],"product_tag":[790,952,254,293],"class_list":{"0":"post-30972","1":"product","2":"type-product","3":"status-publish","4":"has-post-thumbnail","6":"pwb-brand-calvin-klein","7":"product_cat-duefte","8":"product_cat-fur-sie-de","9":"product_tag-womens-fragrances-de","10":"product_tag-profumi-de","11":"product_tag-eau-de-parfum-de","12":"product_tag-frau","14":"first","15":"outofstock","16":"sale","17":"taxable","18":"shipping-taxable","19":"purchasable","20":"product-type-simple"},"brands":[{"id":181,"name":"Calvin Klein","slug":"calvin-klein"}],"_links":{"self":[{"href":"https:\/\/www.freeshopfrontiera.ch\/de\/wp-json\/wp\/v2\/product\/30972","targetHints":{"allow":["GET"]}}],"collection":[{"href":"https:\/\/www.freeshopfrontiera.ch\/de\/wp-json\/wp\/v2\/product"}],"about":[{"href":"https:\/\/www.freeshopfrontiera.ch\/de\/wp-json\/wp\/v2\/types\/product"}],"replies":[{"embeddable":true,"href":"https:\/\/www.freeshopfrontiera.ch\/de\/wp-json\/wp\/v2\/comments?post=30972"}],"version-history":[{"count":0,"href":"https:\/\/www.freeshopfrontiera.ch\/de\/wp-json\/wp\/v2\/product\/30972\/revisions"}],"wp:featuredmedia":[{"embeddable":true,"href":"https:\/\/www.freeshopfrontiera.ch\/de\/wp-json\/wp\/v2\/media\/7200"}],"wp:attachment":[{"href":"https:\/\/www.freeshopfrontiera.ch\/de\/wp-json\/wp\/v2\/media?parent=30972"}],"wp:term":[{"taxonomy":"pwb-brand","embeddable":true,"href":"https:\/\/www.freeshopfrontiera.ch\/de\/wp-json\/wp\/v2\/pwb-brand?post=30972"},{"taxonomy":"product_brand","embeddable":true,"href":"https:\/\/www.freeshopfrontiera.ch\/de\/wp-json\/wp\/v2\/product_brand?post=30972"},{"taxonomy":"product_cat","embeddable":true,"href":"https:\/\/www.freeshopfrontiera.ch\/de\/wp-json\/wp\/v2\/product_cat?post=30972"},{"taxonomy":"product_tag","embeddable":true,"href":"https:\/\/www.freeshopfrontiera.ch\/de\/wp-json\/wp\/v2\/product_tag?post=30972"}],"curies":[{"name":"wp","href":"https:\/\/api.w.org\/{rel}","templated":true}]}}