{"id":30982,"date":"2025-05-21T07:27:29","date_gmt":"2025-05-21T07:27:29","guid":{"rendered":"https:\/\/www.freeshopfrontiera.ch\/shop\/clarins-set-total-eye-lift\/"},"modified":"2025-05-21T07:32:32","modified_gmt":"2025-05-21T07:32:32","slug":"clarins-set-total-eye-lift","status":"publish","type":"product","link":"https:\/\/www.freeshopfrontiera.ch\/de\/shop\/clarins-set-total-eye-lift\/","title":{"rendered":"CLARINS SET Total Eye Lift"},"content":{"rendered":"<h3 class=\"\" data-start=\"3026\" data-end=\"3107\"><strong data-start=\"3035\" data-end=\"3107\">CLARINS Total Eye Lift Set \u2013 Komplettpflege f\u00fcr die Augen mit Tasche<\/strong><\/h3>\n<p class=\"\" data-start=\"3109\" data-end=\"3388\">Entdecken Sie die Wirksamkeit der CLARINS Pflege mit dem <strong data-start=\"3166\" data-end=\"3188\">Total Eye Lift Set<\/strong>, einem eleganten Set, das entwickelt wurde, um Ihre Augenpartie zu beleben und Ihre Pflegeroutine zu bereichern. Auch ideal als Geschenk \u2013 f\u00fcr einen sichtbar j\u00fcngeren, wacheren und strahlenden Blick.<\/p>\n<p class=\"\" data-start=\"3390\" data-end=\"3405\">Enthalten sind:<\/p>\n<ul data-start=\"3407\" data-end=\"4186\">\n<li class=\"\" data-start=\"3407\" data-end=\"3646\">\n<p class=\"\" data-start=\"3409\" data-end=\"3646\"><strong data-start=\"3409\" data-end=\"3432\">Total Eye Lift 15ml<\/strong> \u2013 Die Komplettpflege f\u00fcr die Augenpartie, die F\u00e4ltchen, Tr\u00e4nens\u00e4cke und Augenringe sichtbar reduziert, gl\u00e4ttet und strafft. Die zarte, seidige Textur zieht schnell ein und verleiht einen sofortigen Lifting-Effekt.<\/p>\n<\/li>\n<li class=\"\" data-start=\"3647\" data-end=\"3865\">\n<p class=\"\" data-start=\"3649\" data-end=\"3865\"><strong data-start=\"3649\" data-end=\"3677\">Huile D\u00e9maquillante 50ml<\/strong> \u2013 Das sanfte Reinigungs\u00f6l f\u00fcr Gesicht und Augen entfernt m\u00fchelos selbst wasserfestes Make-up. Pflanzliche Inhaltsstoffe sorgen f\u00fcr eine gr\u00fcndliche Reinigung und ein gepflegtes Hautgef\u00fchl.<\/p>\n<\/li>\n<li class=\"\" data-start=\"3866\" data-end=\"4082\">\n<p class=\"\" data-start=\"3868\" data-end=\"4082\"><strong data-start=\"3868\" data-end=\"3905\">Mini Supra Lift &amp; Curl Mascara 01<\/strong> \u2013 Die Mini-Version der beliebten Mascara von Clarins mit Volumen- und Lifting-Effekt. Die intensive schwarze Farbe hebt die Wimpern sichtbar an und verleiht dem Blick Ausdruck.<\/p>\n<\/li>\n<li class=\"\" data-start=\"4083\" data-end=\"4186\">\n<p class=\"\" data-start=\"4085\" data-end=\"4186\"><strong data-start=\"4085\" data-end=\"4112\">Elegante Kosmetiktasche<\/strong> \u2013 Eine stilvolle Tasche, um Ihre Beauty-Favoriten \u00fcberall dabei zu haben.<\/p>\n<\/li>\n<\/ul>\n<p class=\"\" data-start=\"4188\" data-end=\"4407\">Das <strong data-start=\"4192\" data-end=\"4222\">Clarins Total Eye Lift Set<\/strong> ist die perfekte Wahl f\u00fcr alle, die eine hochwertige Augenpflege mit Stil suchen. Entwickelt f\u00fcr moderne Frauen, vereint dieses Set Wirksamkeit, Nat\u00fcrlichkeit und franz\u00f6sische Eleganz. Entdecken Sie die Wirksamkeit der CLARINS Pflege mit dem <strong data-start=\"3166\" data-end=\"3188\">Total Eye Lift Set<\/strong>, einem eleganten Set, das entwickelt wurde, um Ihre Augenpartie zu beleben und Ihre Pflegeroutine zu bereichern.<\/p>\n<p data-start=\"1372\" data-end=\"1698\">Follow us! <a href=\"https:\/\/www.instagram.com\/freeshopswiss\/\" target=\"_blank\" rel=\"noopener\">@freeshopswiss<\/a><\/p>\n","protected":false},"excerpt":{"rendered":"<p>CLARINS Total Eye Lift Set \u2013 Komplettpflege f\u00fcr die Augen mit Tasche Entdecken Sie die Wirksamkeit der CLARINS Pflege mit dem Total Eye Lift Set, einem eleganten Set, das entwickelt wurde, um Ihre Augenpartie zu beleben und Ihre Pflegeroutine zu bereichern. Auch ideal als Geschenk \u2013 f\u00fcr einen sichtbar j\u00fcngeren, wacheren und strahlenden Blick. Enthalten [&hellip;]<\/p>\n","protected":false},"featured_media":30978,"comment_status":"open","ping_status":"closed","template":"","meta":[],"pwb-brand":[311],"product_brand":[],"product_cat":[111,485],"product_tag":[293,462,460],"class_list":{"0":"post-30982","1":"product","2":"type-product","3":"status-publish","4":"has-post-thumbnail","6":"pwb-brand-clarins","7":"product_cat-fur-sie-de","8":"product_cat-geschenkbox","9":"product_tag-frau","10":"product_tag-geschenkset-fuer-damen","11":"product_tag-parfuem-geschenkset","13":"first","14":"outofstock","15":"sale","16":"taxable","17":"shipping-taxable","18":"purchasable","19":"product-type-simple"},"brands":[{"id":311,"name":"Clarins","slug":"clarins"}],"_links":{"self":[{"href":"https:\/\/www.freeshopfrontiera.ch\/de\/wp-json\/wp\/v2\/product\/30982","targetHints":{"allow":["GET"]}}],"collection":[{"href":"https:\/\/www.freeshopfrontiera.ch\/de\/wp-json\/wp\/v2\/product"}],"about":[{"href":"https:\/\/www.freeshopfrontiera.ch\/de\/wp-json\/wp\/v2\/types\/product"}],"replies":[{"embeddable":true,"href":"https:\/\/www.freeshopfrontiera.ch\/de\/wp-json\/wp\/v2\/comments?post=30982"}],"version-history":[{"count":2,"href":"https:\/\/www.freeshopfrontiera.ch\/de\/wp-json\/wp\/v2\/product\/30982\/revisions"}],"predecessor-version":[{"id":30986,"href":"https:\/\/www.freeshopfrontiera.ch\/de\/wp-json\/wp\/v2\/product\/30982\/revisions\/30986"}],"wp:featuredmedia":[{"embeddable":true,"href":"https:\/\/www.freeshopfrontiera.ch\/de\/wp-json\/wp\/v2\/media\/30978"}],"wp:attachment":[{"href":"https:\/\/www.freeshopfrontiera.ch\/de\/wp-json\/wp\/v2\/media?parent=30982"}],"wp:term":[{"taxonomy":"pwb-brand","embeddable":true,"href":"https:\/\/www.freeshopfrontiera.ch\/de\/wp-json\/wp\/v2\/pwb-brand?post=30982"},{"taxonomy":"product_brand","embeddable":true,"href":"https:\/\/www.freeshopfrontiera.ch\/de\/wp-json\/wp\/v2\/product_brand?post=30982"},{"taxonomy":"product_cat","embeddable":true,"href":"https:\/\/www.freeshopfrontiera.ch\/de\/wp-json\/wp\/v2\/product_cat?post=30982"},{"taxonomy":"product_tag","embeddable":true,"href":"https:\/\/www.freeshopfrontiera.ch\/de\/wp-json\/wp\/v2\/product_tag?post=30982"}],"curies":[{"name":"wp","href":"https:\/\/api.w.org\/{rel}","templated":true}]}}