{"id":30995,"date":"2025-05-21T07:41:18","date_gmt":"2025-05-21T07:41:18","guid":{"rendered":"https:\/\/www.freeshopfrontiera.ch\/shop\/clarins-set-nutri-lumiere\/"},"modified":"2025-05-21T07:47:58","modified_gmt":"2025-05-21T07:47:58","slug":"clarins-set-nutri-lumiere","status":"publish","type":"product","link":"https:\/\/www.freeshopfrontiera.ch\/de\/shop\/clarins-set-nutri-lumiere\/","title":{"rendered":"CLARINS SET Nutri-Lumiere"},"content":{"rendered":"<h3 class=\"\" data-start=\"3185\" data-end=\"3268\"><strong data-start=\"3194\" data-end=\"3268\">CLARINS Nutri-Lumi\u00e8re Set \u2013 Komplettes Anti-Aging-Pflegeset mit Tasche<\/strong><\/h3>\n<p class=\"\" data-start=\"3270\" data-end=\"3574\">Verleihen Sie Ihrer Haut neue Strahlkraft mit dem <strong data-start=\"3320\" data-end=\"3349\">Clarins Nutri-Lumi\u00e8re Set<\/strong>, dem perfekten Pflegeset f\u00fcr reife Haut, die intensive N\u00e4hrstoffe, Festigkeit und Leuchtkraft ben\u00f6tigt. Ein vollst\u00e4ndiges Pflegeritual in einer stilvollen Tasche \u2013 ideal zum Verschenken oder f\u00fcr die eigene Sch\u00f6nheitsroutine.<\/p>\n<p class=\"\" data-start=\"3576\" data-end=\"3593\">Im Set enthalten:<\/p>\n<ul data-start=\"3595\" data-end=\"4492\">\n<li class=\"\" data-start=\"3595\" data-end=\"3815\">\n<p class=\"\" data-start=\"3597\" data-end=\"3815\"><strong data-start=\"3597\" data-end=\"3630\">Nutri-Lumi\u00e8re Tagescreme 50ml<\/strong> \u2013 Eine n\u00e4hrende Tagespflege, die die Haut st\u00e4rkt und zum Strahlen bringt. Mit Extrakten aus Rosskastanienbl\u00fcten f\u00f6rdert sie die Mikrozirkulation und sorgt f\u00fcr glattere, straffere Haut.<\/p>\n<\/li>\n<li class=\"\" data-start=\"3816\" data-end=\"3978\">\n<p class=\"\" data-start=\"3818\" data-end=\"3978\"><strong data-start=\"3818\" data-end=\"3851\">Nutri-Lumi\u00e8re Nachtcreme 15ml<\/strong> \u2013 Die Nachtpflege regeneriert die Haut \u00fcber Nacht, reduziert F\u00e4ltchen und sorgt f\u00fcr ein frisches, erholtes Hautbild am Morgen.<\/p>\n<\/li>\n<li class=\"\" data-start=\"3979\" data-end=\"4192\">\n<p class=\"\" data-start=\"3981\" data-end=\"4192\"><strong data-start=\"3981\" data-end=\"4012\">Cryo-Flash Cream-Maske 15ml<\/strong> \u2013 Eine k\u00fchlende Maske mit Lifting-Effekt, inspiriert von der Kryotherapie. Sie mildert Zeichen von M\u00fcdigkeit und sorgt in wenigen Minuten f\u00fcr ein strafferes, gegl\u00e4ttetes Hautbild.<\/p>\n<\/li>\n<li class=\"\" data-start=\"4193\" data-end=\"4376\">\n<p class=\"\" data-start=\"4195\" data-end=\"4376\"><strong data-start=\"4195\" data-end=\"4231\">Nutri-Lumi\u00e8re Jugend-Lotion 10ml<\/strong> \u2013 Eine leichte Lotion, die die Haut sofort erfrischt und optimal auf die weiteren Pflegeprodukte vorbereitet. F\u00fcr mehr Energie und Ausstrahlung.<\/p>\n<\/li>\n<li class=\"\" data-start=\"4377\" data-end=\"4492\">\n<p class=\"\" data-start=\"4379\" data-end=\"4492\"><strong data-start=\"4379\" data-end=\"4407\">Exklusive Kosmetiktasche<\/strong> \u2013 Eine elegante, praktische Tasche f\u00fcr Ihre Pflegelieblinge \u2013 perfekt f\u00fcr unterwegs.<\/p>\n<\/li>\n<\/ul>\n<p class=\"\" data-start=\"4494\" data-end=\"4651\">Das <strong data-start=\"4498\" data-end=\"4527\">Clarins Nutri-Lumi\u00e8re Set<\/strong> ist die ideale Wahl f\u00fcr alle, die reife Haut gezielt und effektiv pflegen m\u00f6chten \u2013 mit der bew\u00e4hrten Qualit\u00e4t von Clarins. Verleihen Sie Ihrer Haut neue Strahlkraft mit dem Clarins Nutri-Lumi\u00e8re Set, dem perfekten Pflegeset f\u00fcr reife Haut, die intensive N\u00e4hrstoffe und Leuchtkraft ben\u00f6tigt.<\/p>\n<p data-start=\"1793\" data-end=\"1873\">Follow us! <a href=\"https:\/\/www.instagram.com\/freeshopswiss\/\" target=\"_blank\" rel=\"noopener\">@freeshopswiss<\/a><\/p>\n","protected":false},"excerpt":{"rendered":"<p>CLARINS Nutri-Lumi\u00e8re Set \u2013 Komplettes Anti-Aging-Pflegeset mit Tasche Verleihen Sie Ihrer Haut neue Strahlkraft mit dem Clarins Nutri-Lumi\u00e8re Set, dem perfekten Pflegeset f\u00fcr reife Haut, die intensive N\u00e4hrstoffe, Festigkeit und Leuchtkraft ben\u00f6tigt. Ein vollst\u00e4ndiges Pflegeritual in einer stilvollen Tasche \u2013 ideal zum Verschenken oder f\u00fcr die eigene Sch\u00f6nheitsroutine. Im Set enthalten: Nutri-Lumi\u00e8re Tagescreme 50ml \u2013 [&hellip;]<\/p>\n","protected":false},"featured_media":30991,"comment_status":"open","ping_status":"closed","template":"","meta":[],"pwb-brand":[311],"product_brand":[],"product_cat":[111,485],"product_tag":[419,462,300,460],"class_list":{"0":"post-30995","1":"product","2":"type-product","3":"status-publish","4":"has-post-thumbnail","6":"pwb-brand-clarins","7":"product_cat-fur-sie-de","8":"product_cat-geschenkbox","9":"product_tag-behandlungen-de","10":"product_tag-geschenkset-fuer-damen","11":"product_tag-gesichtsbehandlungen","12":"product_tag-parfuem-geschenkset","14":"first","15":"outofstock","16":"sale","17":"taxable","18":"shipping-taxable","19":"purchasable","20":"product-type-simple"},"brands":[{"id":311,"name":"Clarins","slug":"clarins"}],"_links":{"self":[{"href":"https:\/\/www.freeshopfrontiera.ch\/de\/wp-json\/wp\/v2\/product\/30995","targetHints":{"allow":["GET"]}}],"collection":[{"href":"https:\/\/www.freeshopfrontiera.ch\/de\/wp-json\/wp\/v2\/product"}],"about":[{"href":"https:\/\/www.freeshopfrontiera.ch\/de\/wp-json\/wp\/v2\/types\/product"}],"replies":[{"embeddable":true,"href":"https:\/\/www.freeshopfrontiera.ch\/de\/wp-json\/wp\/v2\/comments?post=30995"}],"version-history":[{"count":2,"href":"https:\/\/www.freeshopfrontiera.ch\/de\/wp-json\/wp\/v2\/product\/30995\/revisions"}],"predecessor-version":[{"id":31001,"href":"https:\/\/www.freeshopfrontiera.ch\/de\/wp-json\/wp\/v2\/product\/30995\/revisions\/31001"}],"wp:featuredmedia":[{"embeddable":true,"href":"https:\/\/www.freeshopfrontiera.ch\/de\/wp-json\/wp\/v2\/media\/30991"}],"wp:attachment":[{"href":"https:\/\/www.freeshopfrontiera.ch\/de\/wp-json\/wp\/v2\/media?parent=30995"}],"wp:term":[{"taxonomy":"pwb-brand","embeddable":true,"href":"https:\/\/www.freeshopfrontiera.ch\/de\/wp-json\/wp\/v2\/pwb-brand?post=30995"},{"taxonomy":"product_brand","embeddable":true,"href":"https:\/\/www.freeshopfrontiera.ch\/de\/wp-json\/wp\/v2\/product_brand?post=30995"},{"taxonomy":"product_cat","embeddable":true,"href":"https:\/\/www.freeshopfrontiera.ch\/de\/wp-json\/wp\/v2\/product_cat?post=30995"},{"taxonomy":"product_tag","embeddable":true,"href":"https:\/\/www.freeshopfrontiera.ch\/de\/wp-json\/wp\/v2\/product_tag?post=30995"}],"curies":[{"name":"wp","href":"https:\/\/api.w.org\/{rel}","templated":true}]}}