{"id":31010,"date":"2025-05-21T08:26:26","date_gmt":"2025-05-21T08:26:26","guid":{"rendered":"https:\/\/www.freeshopfrontiera.ch\/shop\/clarins-set-creme-solaire-jeunesse\/"},"modified":"2025-05-21T08:35:48","modified_gmt":"2025-05-21T08:35:48","slug":"clarins-set-creme-solaire-jeunesse","status":"publish","type":"product","link":"https:\/\/www.freeshopfrontiera.ch\/de\/shop\/clarins-set-creme-solaire-jeunesse\/","title":{"rendered":"CLARINS SET Creme Solaire Jeunesse"},"content":{"rendered":"<h3 class=\"\" data-start=\"3003\" data-end=\"3090\"><strong data-start=\"3012\" data-end=\"3090\">CLARINS Sonnenpflege-Set SPF50+ \u2013 Schutz, Feuchtigkeit und Pflege in einem<\/strong><\/h3>\n<p class=\"\" data-start=\"3092\" data-end=\"3361\">Sch\u00fctzen, pflegen und verw\u00f6hnen Sie Ihre Haut mit dem <strong data-start=\"3146\" data-end=\"3181\">Clarins Sonnenpflege-Set SPF50+<\/strong> \u2013 ein perfektes Trio f\u00fcr sonnige Tage. Das Set kombiniert hochwirksamen Sonnenschutz, Lippenpflege und eine beruhigende After-Sun-Behandlung \u2013 alles in bew\u00e4hrter Clarins-Qualit\u00e4t.<\/p>\n<p class=\"\" data-start=\"3363\" data-end=\"3380\">Im Set enthalten:<\/p>\n<ul data-start=\"3382\" data-end=\"4141\">\n<li class=\"\" data-start=\"3382\" data-end=\"3696\">\n<p class=\"\" data-start=\"3384\" data-end=\"3696\"><strong data-start=\"3384\" data-end=\"3424\">Cr\u00e8me Solaire Jeunesse SPF50+ (50ml)<\/strong> \u2013 Eine Anti-Aging-Sonnencreme mit hohem Lichtschutzfaktor, ideal f\u00fcr Gesicht und Dekollet\u00e9. Die leichte, nicht fettende Textur sch\u00fctzt vor UVA-\/UVB-Strahlen und beugt sichtbaren Zeichen vorzeitiger Hautalterung vor. Mit pflanzlichen Extrakten angereichert und wasserfest.<\/p>\n<\/li>\n<li class=\"\" data-start=\"3697\" data-end=\"3932\">\n<p class=\"\" data-start=\"3699\" data-end=\"3932\"><strong data-start=\"3699\" data-end=\"3735\">Lip Comfort Oil 7ml \u2013 Farbton 01<\/strong> \u2013 Ein pflegendes Lippen\u00f6l mit Glanzeffekt. Es versorgt die Lippen mit Feuchtigkeit, sch\u00fctzt sie und verleiht einen nat\u00fcrlichen Glanz. Reich an pflanzlichen \u00d6len f\u00fcr geschmeidige, gepflegte Lippen.<\/p>\n<\/li>\n<li class=\"\" data-start=\"3933\" data-end=\"4141\">\n<p class=\"\" data-start=\"3935\" data-end=\"4141\"><strong data-start=\"3935\" data-end=\"3964\">48H After Sun Balm (30ml)<\/strong> \u2013 Ein erfrischender Balsam, der die Haut nach dem Sonnenbaden sofort beruhigt. Er spendet bis zu 48 Stunden Feuchtigkeit, sch\u00fctzt vor dem Austrocknen und verl\u00e4ngert die Br\u00e4une.<\/p>\n<\/li>\n<\/ul>\n<p class=\"\" data-start=\"4143\" data-end=\"4344\">Das <strong data-start=\"4147\" data-end=\"4175\">Clarins Sonnenpflege-Set<\/strong> ist der ideale Begleiter f\u00fcr den Urlaub, Strandtage oder den Alltag im Freien. Auch perfekt als Geschenk f\u00fcr Sonnenliebhaberinnen, die ihre Haut rundum pflegen m\u00f6chten.<\/p>\n<p data-start=\"1817\" data-end=\"1877\">Follow us! <a href=\"https:\/\/www.instagram.com\/freeshopswiss\/\" target=\"_blank\" rel=\"noopener\">@freeshopswiss<\/a><\/p>\n","protected":false},"excerpt":{"rendered":"<p>CLARINS Sonnenpflege-Set SPF50+ \u2013 Schutz, Feuchtigkeit und Pflege in einem Sch\u00fctzen, pflegen und verw\u00f6hnen Sie Ihre Haut mit dem Clarins Sonnenpflege-Set SPF50+ \u2013 ein perfektes Trio f\u00fcr sonnige Tage. Das Set kombiniert hochwirksamen Sonnenschutz, Lippenpflege und eine beruhigende After-Sun-Behandlung \u2013 alles in bew\u00e4hrter Clarins-Qualit\u00e4t. Im Set enthalten: Cr\u00e8me Solaire Jeunesse SPF50+ (50ml) \u2013 Eine Anti-Aging-Sonnencreme [&hellip;]<\/p>\n","protected":false},"featured_media":31006,"comment_status":"open","ping_status":"closed","template":"","meta":[],"pwb-brand":[311],"product_brand":[],"product_cat":[292,86,111,485,425],"product_tag":[419,293,953,554,492],"class_list":{"0":"post-31010","1":"product","2":"type-product","3":"status-publish","4":"has-post-thumbnail","6":"pwb-brand-clarins","7":"product_cat-behandlungen","8":"product_cat-fur-ihn-de","9":"product_cat-fur-sie-de","10":"product_cat-geschenkbox","11":"product_cat-solari-de","12":"product_tag-behandlungen-de","13":"product_tag-frau","14":"product_tag-uomo-de","15":"product_tag-sonnenschutzcreme","16":"product_tag-sonnenschutzmittel","18":"first","19":"outofstock","20":"sale","21":"taxable","22":"shipping-taxable","23":"purchasable","24":"product-type-simple"},"brands":[{"id":311,"name":"Clarins","slug":"clarins"}],"_links":{"self":[{"href":"https:\/\/www.freeshopfrontiera.ch\/de\/wp-json\/wp\/v2\/product\/31010","targetHints":{"allow":["GET"]}}],"collection":[{"href":"https:\/\/www.freeshopfrontiera.ch\/de\/wp-json\/wp\/v2\/product"}],"about":[{"href":"https:\/\/www.freeshopfrontiera.ch\/de\/wp-json\/wp\/v2\/types\/product"}],"replies":[{"embeddable":true,"href":"https:\/\/www.freeshopfrontiera.ch\/de\/wp-json\/wp\/v2\/comments?post=31010"}],"version-history":[{"count":1,"href":"https:\/\/www.freeshopfrontiera.ch\/de\/wp-json\/wp\/v2\/product\/31010\/revisions"}],"predecessor-version":[{"id":31013,"href":"https:\/\/www.freeshopfrontiera.ch\/de\/wp-json\/wp\/v2\/product\/31010\/revisions\/31013"}],"wp:featuredmedia":[{"embeddable":true,"href":"https:\/\/www.freeshopfrontiera.ch\/de\/wp-json\/wp\/v2\/media\/31006"}],"wp:attachment":[{"href":"https:\/\/www.freeshopfrontiera.ch\/de\/wp-json\/wp\/v2\/media?parent=31010"}],"wp:term":[{"taxonomy":"pwb-brand","embeddable":true,"href":"https:\/\/www.freeshopfrontiera.ch\/de\/wp-json\/wp\/v2\/pwb-brand?post=31010"},{"taxonomy":"product_brand","embeddable":true,"href":"https:\/\/www.freeshopfrontiera.ch\/de\/wp-json\/wp\/v2\/product_brand?post=31010"},{"taxonomy":"product_cat","embeddable":true,"href":"https:\/\/www.freeshopfrontiera.ch\/de\/wp-json\/wp\/v2\/product_cat?post=31010"},{"taxonomy":"product_tag","embeddable":true,"href":"https:\/\/www.freeshopfrontiera.ch\/de\/wp-json\/wp\/v2\/product_tag?post=31010"}],"curies":[{"name":"wp","href":"https:\/\/api.w.org\/{rel}","templated":true}]}}