{"id":31038,"date":"2025-05-21T09:37:59","date_gmt":"2025-05-21T09:37:59","guid":{"rendered":"https:\/\/www.freeshopfrontiera.ch\/shop\/clarins-set-eau-extraordinaire\/"},"modified":"2025-05-21T10:00:10","modified_gmt":"2025-05-21T10:00:10","slug":"clarins-set-eau-extraordinaire","status":"publish","type":"product","link":"https:\/\/www.freeshopfrontiera.ch\/de\/shop\/clarins-set-eau-extraordinaire\/","title":{"rendered":"CLARINS SET Eau Extraordinaire"},"content":{"rendered":"<h3 class=\"\" data-start=\"1579\" data-end=\"1683\"><strong data-start=\"1588\" data-end=\"1683\">CLARINS Eau Extraordinaire Set \u2013 Energie, Wohlbefinden und Vitalit\u00e4t in einer Sonderedition<\/strong><\/h3>\n<p class=\"\" data-start=\"1685\" data-end=\"1997\">Erlebe ein Gef\u00fchl von Energie und Wohlbefinden mit dem <strong data-start=\"1740\" data-end=\"1774\">Clarins Eau Extraordinaire Set<\/strong>, einem multisensorischen Verw\u00f6hnerlebnis f\u00fcr K\u00f6rper und Geist. Dieses exklusive Set ist ideal f\u00fcr alle, die sich eine revitalisierende, duftende und entspannende Pflegeroutine w\u00fcnschen \u2013 mit der bew\u00e4hrten Clarins-Qualit\u00e4t.<\/p>\n<p class=\"\" data-start=\"1999\" data-end=\"2015\">Das Set enth\u00e4lt:<\/p>\n<ul data-start=\"2017\" data-end=\"2886\">\n<li class=\"\" data-start=\"2017\" data-end=\"2446\">\n<p class=\"\" data-start=\"2019\" data-end=\"2446\"><strong data-start=\"2019\" data-end=\"2061\">Eau Extraordinaire Pflege-Duft (100ml)<\/strong> \u2013 Ein einzigartiger Duft mit Pflegewirkung, der die aromatische Kraft \u00e4therischer \u00d6le mit den belebenden Eigenschaften pflanzlicher Extrakte verbindet. Frische, sonnige Noten von Zitrusfr\u00fcchten, rotem Ingwer und Jasmin wecken die Sinne, w\u00e4hrend Acerola-Extrakt die Haut mit neuer Energie und Leuchtkraft versorgt. Auf K\u00f6rper und Kleidung aufspr\u00fchen \u2013 f\u00fcr ein t\u00e4gliches Wohlf\u00fchlritual.<\/p>\n<\/li>\n<li class=\"\" data-start=\"2448\" data-end=\"2717\">\n<p class=\"\" data-start=\"2450\" data-end=\"2717\"><strong data-start=\"2450\" data-end=\"2487\">Revitalisierendes Duschgel (30ml)<\/strong> \u2013 Ein energiespendendes Duschgel mit zarter Textur, das die Haut sanft reinigt und sie weich, straff und angenehm duftend hinterl\u00e4sst \u2013 mit denselben Noten wie das Eau Extraordinaire. Perfekt f\u00fcr einen positiven Start in den Tag.<\/p>\n<\/li>\n<li class=\"\" data-start=\"2719\" data-end=\"2886\">\n<p class=\"\" data-start=\"2721\" data-end=\"2886\"><strong data-start=\"2721\" data-end=\"2757\">Exklusive Clarins Kosmetiktasche<\/strong> \u2013 Elegant und praktisch, ideal um deine Lieblingsprodukte \u00fcberallhin mitzunehmen \u2013 ob zu Hause, im Fitnessstudio oder unterwegs.<\/p>\n<\/li>\n<\/ul>\n<p class=\"\" data-start=\"2888\" data-end=\"3117\">Das <strong data-start=\"2892\" data-end=\"2926\">Clarins Eau Extraordinaire Set<\/strong> ist eine stilvolle Geschenkidee f\u00fcr alle, die Sch\u00f6nheitspflege mit aromatherapeutischem Effekt lieben. F\u00fcr jede Jahreszeit geeignet \u2013 es spendet Vitalit\u00e4t und gute Laune bei jeder Anwendung. Erlebe ein Gef\u00fchl von Energie und Wohlbefinden mit dem Clarins Eau Extraordinaire Set, einem multisensorischen Verw\u00f6hnerlebnis f\u00fcr K\u00f6rper und Geist.<\/p>\n<p data-start=\"1437\" data-end=\"1669\">Follow us! <a href=\"https:\/\/www.instagram.com\/freeshopswiss\/\" target=\"_blank\" rel=\"noopener\">@freeshopswiss<\/a><\/p>\n","protected":false},"excerpt":{"rendered":"<p>CLARINS Eau Extraordinaire Set \u2013 Energie, Wohlbefinden und Vitalit\u00e4t in einer Sonderedition Erlebe ein Gef\u00fchl von Energie und Wohlbefinden mit dem Clarins Eau Extraordinaire Set, einem multisensorischen Verw\u00f6hnerlebnis f\u00fcr K\u00f6rper und Geist. Dieses exklusive Set ist ideal f\u00fcr alle, die sich eine revitalisierende, duftende und entspannende Pflegeroutine w\u00fcnschen \u2013 mit der bew\u00e4hrten Clarins-Qualit\u00e4t. Das Set [&hellip;]<\/p>\n","protected":false},"featured_media":31034,"comment_status":"open","ping_status":"closed","template":"","meta":[],"pwb-brand":[311],"product_brand":[],"product_cat":[292,111,485],"product_tag":[293,462,460],"class_list":{"0":"post-31038","1":"product","2":"type-product","3":"status-publish","4":"has-post-thumbnail","6":"pwb-brand-clarins","7":"product_cat-behandlungen","8":"product_cat-fur-sie-de","9":"product_cat-geschenkbox","10":"product_tag-frau","11":"product_tag-geschenkset-fuer-damen","12":"product_tag-parfuem-geschenkset","14":"first","15":"instock","16":"sale","17":"taxable","18":"shipping-taxable","19":"purchasable","20":"product-type-simple"},"brands":[{"id":311,"name":"Clarins","slug":"clarins"}],"_links":{"self":[{"href":"https:\/\/www.freeshopfrontiera.ch\/de\/wp-json\/wp\/v2\/product\/31038","targetHints":{"allow":["GET"]}}],"collection":[{"href":"https:\/\/www.freeshopfrontiera.ch\/de\/wp-json\/wp\/v2\/product"}],"about":[{"href":"https:\/\/www.freeshopfrontiera.ch\/de\/wp-json\/wp\/v2\/types\/product"}],"replies":[{"embeddable":true,"href":"https:\/\/www.freeshopfrontiera.ch\/de\/wp-json\/wp\/v2\/comments?post=31038"}],"version-history":[{"count":2,"href":"https:\/\/www.freeshopfrontiera.ch\/de\/wp-json\/wp\/v2\/product\/31038\/revisions"}],"predecessor-version":[{"id":31045,"href":"https:\/\/www.freeshopfrontiera.ch\/de\/wp-json\/wp\/v2\/product\/31038\/revisions\/31045"}],"wp:featuredmedia":[{"embeddable":true,"href":"https:\/\/www.freeshopfrontiera.ch\/de\/wp-json\/wp\/v2\/media\/31034"}],"wp:attachment":[{"href":"https:\/\/www.freeshopfrontiera.ch\/de\/wp-json\/wp\/v2\/media?parent=31038"}],"wp:term":[{"taxonomy":"pwb-brand","embeddable":true,"href":"https:\/\/www.freeshopfrontiera.ch\/de\/wp-json\/wp\/v2\/pwb-brand?post=31038"},{"taxonomy":"product_brand","embeddable":true,"href":"https:\/\/www.freeshopfrontiera.ch\/de\/wp-json\/wp\/v2\/product_brand?post=31038"},{"taxonomy":"product_cat","embeddable":true,"href":"https:\/\/www.freeshopfrontiera.ch\/de\/wp-json\/wp\/v2\/product_cat?post=31038"},{"taxonomy":"product_tag","embeddable":true,"href":"https:\/\/www.freeshopfrontiera.ch\/de\/wp-json\/wp\/v2\/product_tag?post=31038"}],"curies":[{"name":"wp","href":"https:\/\/api.w.org\/{rel}","templated":true}]}}