{"id":31055,"date":"2025-05-21T10:11:35","date_gmt":"2025-05-21T10:11:35","guid":{"rendered":"https:\/\/www.freeshopfrontiera.ch\/shop\/clarins-set-eau-dynamisante\/"},"modified":"2025-05-21T10:14:58","modified_gmt":"2025-05-21T10:14:58","slug":"clarins-set-eau-dynamisante","status":"publish","type":"product","link":"https:\/\/www.freeshopfrontiera.ch\/de\/shop\/clarins-set-eau-dynamisante\/","title":{"rendered":"CLARINS SET Eau Dynamisante"},"content":{"rendered":"<h3 class=\"\" data-start=\"1803\" data-end=\"1889\"><strong data-start=\"1812\" data-end=\"1889\">CLARINS Eau Dynamisante Set \u2013 Energie, Frische und t\u00e4gliches Wohlbefinden<\/strong><\/h3>\n<p class=\"\" data-start=\"1891\" data-end=\"2173\">Erlebe das Vergn\u00fcgen einer belebenden und erfrischenden Sch\u00f6nheitsroutine mit dem <strong data-start=\"1973\" data-end=\"2004\">Clarins Eau Dynamisante Set<\/strong> \u2013 ein ikonisches Pflegeset, das Pflege und Duft in einem Schritt vereint. Ideal f\u00fcr alle, die sich t\u00e4glich frisch, vital und im Einklang mit sich selbst f\u00fchlen m\u00f6chten.<\/p>\n<p class=\"\" data-start=\"2175\" data-end=\"2191\">Das Set enth\u00e4lt:<\/p>\n<ul data-start=\"2193\" data-end=\"3215\">\n<li class=\"\" data-start=\"2193\" data-end=\"2605\">\n<p class=\"\" data-start=\"2195\" data-end=\"2605\"><strong data-start=\"2195\" data-end=\"2234\">Eau Dynamisante Pflege-Duft (100ml)<\/strong> \u2013 Der ikonische Duft von Clarins. Dieses aromatische Pflegewasser kombiniert die erfrischende Wirkung \u00e4therischer \u00d6le mit den tonisierenden Eigenschaften pflanzlicher Extrakte. Spritzige Noten von Orange, Zitrone, Patchouli und Ginseng beleben die Sinne und sorgen f\u00fcr sofortige Energie. Gro\u00dfz\u00fcgig auf K\u00f6rper und Kleidung aufspr\u00fchen \u2013 f\u00fcr ein langanhaltendes Wohlgef\u00fchl.<\/p>\n<\/li>\n<li class=\"\" data-start=\"2607\" data-end=\"2872\">\n<p class=\"\" data-start=\"2609\" data-end=\"2872\"><strong data-start=\"2609\" data-end=\"2671\">Eau Dynamisante Feuchtigkeitsspendende K\u00f6rpermilch (100ml)<\/strong> \u2013 Eine seidige, feuchtigkeitsspendende Lotion, angereichert mit denselben Wirkstoffen wie das Eau de Soins. Sie pflegt, gl\u00e4ttet und parf\u00fcmiert die Haut und macht sie geschmeidig, straff und strahlend.<\/p>\n<\/li>\n<li class=\"\" data-start=\"2874\" data-end=\"3052\">\n<p class=\"\" data-start=\"2876\" data-end=\"3052\"><strong data-start=\"2876\" data-end=\"2911\">Eau Dynamisante Duschgel (30ml)<\/strong> \u2013 Ein revitalisierendes Duschgel mit leichter, frischer Textur. Es reinigt sanft und hinterl\u00e4sst einen angenehmen Duft nach Eau Dynamisante.<\/p>\n<\/li>\n<li class=\"\" data-start=\"3054\" data-end=\"3215\">\n<p class=\"\" data-start=\"3056\" data-end=\"3215\"><strong data-start=\"3056\" data-end=\"3092\">Exklusive Clarins Kosmetiktasche<\/strong> \u2013 Elegant und praktisch, ideal um deine Lieblingsprodukte unterwegs, im Fitnessstudio oder in der Handtasche dabeizuhaben.<\/p>\n<\/li>\n<\/ul>\n<p class=\"\" data-start=\"3217\" data-end=\"3446\">Das <strong data-start=\"3221\" data-end=\"3252\">Clarins Eau Dynamisante Set<\/strong> ist das ideale Geschenk f\u00fcr alle, die ein vollst\u00e4ndiges, belebendes und duftendes Sch\u00f6nheitsritual lieben. Eine multisensorische Pflegeerfahrung, die Wirksamkeit mit Wohlf\u00fchlmomenten verbindet.<\/p>\n<p data-start=\"1553\" data-end=\"1798\">Follow us! <a href=\"https:\/\/www.instagram.com\/freeshopswiss\/\" target=\"_blank\" rel=\"noopener\">@freeshopswiss<\/a><\/p>\n","protected":false},"excerpt":{"rendered":"<p>CLARINS Eau Dynamisante Set \u2013 Energie, Frische und t\u00e4gliches Wohlbefinden Erlebe das Vergn\u00fcgen einer belebenden und erfrischenden Sch\u00f6nheitsroutine mit dem Clarins Eau Dynamisante Set \u2013 ein ikonisches Pflegeset, das Pflege und Duft in einem Schritt vereint. Ideal f\u00fcr alle, die sich t\u00e4glich frisch, vital und im Einklang mit sich selbst f\u00fchlen m\u00f6chten. Das Set enth\u00e4lt: [&hellip;]<\/p>\n","protected":false},"featured_media":36143,"comment_status":"open","ping_status":"closed","template":"","meta":[],"pwb-brand":[311],"product_brand":[],"product_cat":[292,485],"product_tag":[293,462,460],"class_list":{"0":"post-31055","1":"product","2":"type-product","3":"status-publish","4":"has-post-thumbnail","6":"pwb-brand-clarins","7":"product_cat-behandlungen","8":"product_cat-geschenkbox","9":"product_tag-frau","10":"product_tag-geschenkset-fuer-damen","11":"product_tag-parfuem-geschenkset","13":"first","14":"outofstock","15":"sale","16":"taxable","17":"shipping-taxable","18":"purchasable","19":"product-type-simple"},"brands":[{"id":311,"name":"Clarins","slug":"clarins"}],"_links":{"self":[{"href":"https:\/\/www.freeshopfrontiera.ch\/de\/wp-json\/wp\/v2\/product\/31055","targetHints":{"allow":["GET"]}}],"collection":[{"href":"https:\/\/www.freeshopfrontiera.ch\/de\/wp-json\/wp\/v2\/product"}],"about":[{"href":"https:\/\/www.freeshopfrontiera.ch\/de\/wp-json\/wp\/v2\/types\/product"}],"replies":[{"embeddable":true,"href":"https:\/\/www.freeshopfrontiera.ch\/de\/wp-json\/wp\/v2\/comments?post=31055"}],"version-history":[{"count":1,"href":"https:\/\/www.freeshopfrontiera.ch\/de\/wp-json\/wp\/v2\/product\/31055\/revisions"}],"predecessor-version":[{"id":31057,"href":"https:\/\/www.freeshopfrontiera.ch\/de\/wp-json\/wp\/v2\/product\/31055\/revisions\/31057"}],"wp:featuredmedia":[{"embeddable":true,"href":"https:\/\/www.freeshopfrontiera.ch\/de\/wp-json\/wp\/v2\/media\/36143"}],"wp:attachment":[{"href":"https:\/\/www.freeshopfrontiera.ch\/de\/wp-json\/wp\/v2\/media?parent=31055"}],"wp:term":[{"taxonomy":"pwb-brand","embeddable":true,"href":"https:\/\/www.freeshopfrontiera.ch\/de\/wp-json\/wp\/v2\/pwb-brand?post=31055"},{"taxonomy":"product_brand","embeddable":true,"href":"https:\/\/www.freeshopfrontiera.ch\/de\/wp-json\/wp\/v2\/product_brand?post=31055"},{"taxonomy":"product_cat","embeddable":true,"href":"https:\/\/www.freeshopfrontiera.ch\/de\/wp-json\/wp\/v2\/product_cat?post=31055"},{"taxonomy":"product_tag","embeddable":true,"href":"https:\/\/www.freeshopfrontiera.ch\/de\/wp-json\/wp\/v2\/product_tag?post=31055"}],"curies":[{"name":"wp","href":"https:\/\/api.w.org\/{rel}","templated":true}]}}