{"id":31094,"date":"2025-05-23T08:30:44","date_gmt":"2025-05-23T08:30:44","guid":{"rendered":"https:\/\/www.freeshopfrontiera.ch\/shop\/clarins-set-men-gel-moussant\/"},"modified":"2025-05-30T14:46:42","modified_gmt":"2025-05-30T14:46:42","slug":"clarins-set-men-gel-moussant","status":"publish","type":"product","link":"https:\/\/www.freeshopfrontiera.ch\/de\/shop\/clarins-set-men-gel-moussant\/","title":{"rendered":"CLARINS SET Men Gel Moussant"},"content":{"rendered":"<p data-start=\"1833\" data-end=\"1924\"><strong data-start=\"1833\" data-end=\"1924\">CLARINS SET Men \u2013 Rasiergel Schaum 150ml + After Shave Gel 75ml + Gesichtsreiniger 30ml<\/strong><\/p>\n<p data-start=\"1926\" data-end=\"2218\">Entdecken Sie das <strong data-start=\"1944\" data-end=\"1963\">CLARINS SET Men<\/strong>, das perfekte Pflege-Set f\u00fcr den modernen Mann. Ideal als Geschenk oder f\u00fcr alle, die eine effektive und unkomplizierte Pflegeroutine suchen. Dieses Set enth\u00e4lt drei essentielle Produkte f\u00fcr eine gr\u00fcndliche Rasur und frische, gesch\u00fctzte Haut \u2013 jeden Tag.<\/p>\n<p data-start=\"2220\" data-end=\"2559\"><strong data-start=\"2220\" data-end=\"2249\">Rasiergel Schaum (150 ml)<\/strong><br data-start=\"2249\" data-end=\"2252\" \/>Ein leistungsstarkes Rasiergel, das sich bei Kontakt mit Wasser in einen reichhaltigen Schaum verwandelt. Es erm\u00f6glicht eine pr\u00e4zise, sanfte Rasur und reduziert Hautreizungen, R\u00f6tungen und Schnittverletzungen. Mit nat\u00fcrlichen Extrakten sch\u00fctzt und pflegt es die Haut und hinterl\u00e4sst sie glatt und gereinigt.<\/p>\n<p data-start=\"2561\" data-end=\"2851\"><strong data-start=\"2561\" data-end=\"2588\">After Shave Gel (75 ml)<\/strong><br data-start=\"2588\" data-end=\"2591\" \/>Das beruhigende Aftershave von Clarins Men. Mit pflanzlichen Wirkstoffen angereichert, lindert es Rasurbrand und sorgt f\u00fcr sofortige Frische. Es spendet Feuchtigkeit, st\u00e4rkt die Hautbarriere und beruhigt auch empfindliche Haut. Fettfrei und schnell einziehend.<\/p>\n<p data-start=\"2853\" data-end=\"3147\"><strong data-start=\"2853\" data-end=\"2881\">Gesichtsreiniger (30 ml)<\/strong><br data-start=\"2881\" data-end=\"2884\" \/>Ein belebender Gesichtsreiniger, der Schmutz, \u00fcbersch\u00fcssiges Fett und Umweltr\u00fcckst\u00e4nde entfernt. T\u00e4gliche Anwendung bereitet die Haut optimal auf die Rasur vor und sorgt f\u00fcr ein sauberes, glattes Hautbild. Die cremige Textur verleiht ein angenehmes Frischegef\u00fchl.<\/p>\n<p data-start=\"3149\" data-end=\"3332\">Das <strong data-start=\"3153\" data-end=\"3172\">Clarins Men Set<\/strong> ist ideal f\u00fcr aktive M\u00e4nner, die Wert auf hochwertige Pflegeprodukte legen. Alle Produkte sind dermatologisch getestet und auch f\u00fcr empfindliche Haut geeignet.<\/p>\n<p data-start=\"1605\" data-end=\"1825\" data-is-last-node=\"\" data-is-only-node=\"\">Follow us!\u00a0<a href=\"https:\/\/www.instagram.com\/freeshopswiss\/\" target=\"_blank\" rel=\"noopener\">@freeshopswiss<\/a><\/p>\n","protected":false},"excerpt":{"rendered":"<p>CLARINS SET Men \u2013 Rasiergel Schaum 150ml + After Shave Gel 75ml + Gesichtsreiniger 30ml Entdecken Sie das CLARINS SET Men, das perfekte Pflege-Set f\u00fcr den modernen Mann. Ideal als Geschenk oder f\u00fcr alle, die eine effektive und unkomplizierte Pflegeroutine suchen. Dieses Set enth\u00e4lt drei essentielle Produkte f\u00fcr eine gr\u00fcndliche Rasur und frische, gesch\u00fctzte Haut [&hellip;]<\/p>\n","protected":false},"featured_media":31090,"comment_status":"open","ping_status":"closed","template":"","meta":[],"pwb-brand":[311],"product_brand":[],"product_cat":[292,86,485],"product_tag":[465,953,460],"class_list":{"0":"post-31094","1":"product","2":"type-product","3":"status-publish","4":"has-post-thumbnail","6":"pwb-brand-clarins","7":"product_cat-behandlungen","8":"product_cat-fur-ihn-de","9":"product_cat-geschenkbox","10":"product_tag-geschenkset-herren","11":"product_tag-uomo-de","12":"product_tag-parfuem-geschenkset","14":"first","15":"outofstock","16":"sale","17":"taxable","18":"shipping-taxable","19":"purchasable","20":"product-type-simple"},"brands":[{"id":311,"name":"Clarins","slug":"clarins"}],"_links":{"self":[{"href":"https:\/\/www.freeshopfrontiera.ch\/de\/wp-json\/wp\/v2\/product\/31094","targetHints":{"allow":["GET"]}}],"collection":[{"href":"https:\/\/www.freeshopfrontiera.ch\/de\/wp-json\/wp\/v2\/product"}],"about":[{"href":"https:\/\/www.freeshopfrontiera.ch\/de\/wp-json\/wp\/v2\/types\/product"}],"replies":[{"embeddable":true,"href":"https:\/\/www.freeshopfrontiera.ch\/de\/wp-json\/wp\/v2\/comments?post=31094"}],"version-history":[{"count":2,"href":"https:\/\/www.freeshopfrontiera.ch\/de\/wp-json\/wp\/v2\/product\/31094\/revisions"}],"predecessor-version":[{"id":31101,"href":"https:\/\/www.freeshopfrontiera.ch\/de\/wp-json\/wp\/v2\/product\/31094\/revisions\/31101"}],"wp:featuredmedia":[{"embeddable":true,"href":"https:\/\/www.freeshopfrontiera.ch\/de\/wp-json\/wp\/v2\/media\/31090"}],"wp:attachment":[{"href":"https:\/\/www.freeshopfrontiera.ch\/de\/wp-json\/wp\/v2\/media?parent=31094"}],"wp:term":[{"taxonomy":"pwb-brand","embeddable":true,"href":"https:\/\/www.freeshopfrontiera.ch\/de\/wp-json\/wp\/v2\/pwb-brand?post=31094"},{"taxonomy":"product_brand","embeddable":true,"href":"https:\/\/www.freeshopfrontiera.ch\/de\/wp-json\/wp\/v2\/product_brand?post=31094"},{"taxonomy":"product_cat","embeddable":true,"href":"https:\/\/www.freeshopfrontiera.ch\/de\/wp-json\/wp\/v2\/product_cat?post=31094"},{"taxonomy":"product_tag","embeddable":true,"href":"https:\/\/www.freeshopfrontiera.ch\/de\/wp-json\/wp\/v2\/product_tag?post=31094"}],"curies":[{"name":"wp","href":"https:\/\/api.w.org\/{rel}","templated":true}]}}