{"id":31110,"date":"2025-05-23T08:52:21","date_gmt":"2025-05-23T08:52:21","guid":{"rendered":"https:\/\/www.freeshopfrontiera.ch\/shop\/clarins-set-men-gel-energisant\/"},"modified":"2025-05-23T09:00:48","modified_gmt":"2025-05-23T09:00:48","slug":"clarins-set-men-gel-energisant","status":"publish","type":"product","link":"https:\/\/www.freeshopfrontiera.ch\/de\/shop\/clarins-set-men-gel-energisant\/","title":{"rendered":"CLARINS SET Men Gel Energisant"},"content":{"rendered":"<p data-start=\"1800\" data-end=\"1929\"><strong data-start=\"1800\" data-end=\"1929\">CLARINS SET Men \u2013 Energie-Gel 50ml + Shampoo &amp; Duschgel 30ml + Gesichtsreiniger 30ml + Energie-Augenpflege 3ml + Kulturtasche<\/strong><\/p>\n<p data-start=\"1931\" data-end=\"2257\">Erlebe t\u00e4glich neue Frische und Energie mit dem <strong data-start=\"1979\" data-end=\"1998\">CLARINS SET Men<\/strong>, einem vollst\u00e4ndigen und praktischen Pflegeset f\u00fcr den modernen, aktiven Mann. Ideal auch f\u00fcr unterwegs \u2013 dank der praktischen <strong data-start=\"2126\" data-end=\"2142\">Kulturtasche<\/strong> \u2013 enth\u00e4lt dieses Set f\u00fcnf essentielle Produkte f\u00fcr eine effektive und revitalisierende Gesichts- und K\u00f6rperpflege.<\/p>\n<p data-start=\"2259\" data-end=\"2520\"><strong data-start=\"2259\" data-end=\"2297\">Energie-Gel f\u00fcr das Gesicht (50ml)<\/strong><br data-start=\"2297\" data-end=\"2300\" \/>Eine leichte, erfrischende Feuchtigkeitspflege, die m\u00fcde und fahle Haut sofort belebt. Zieht schnell ein, ohne zu fetten, und hinterl\u00e4sst ein glattes, gest\u00e4rktes Hautgef\u00fchl. Mit pflanzlichen Wirkstoffen f\u00fcr neue Energie.<\/p>\n<p data-start=\"2522\" data-end=\"2781\"><strong data-start=\"2522\" data-end=\"2551\">Shampoo &amp; Duschgel (30ml)<\/strong><br data-start=\"2551\" data-end=\"2554\" \/>Ein 2-in-1-Gel f\u00fcr K\u00f6rper und Haare, ideal f\u00fcr die t\u00e4gliche Anwendung. Reinigt sanft, erfrischt die Haut und sorgt f\u00fcr ein belebendes Gef\u00fchl. Die leichte Schaumtextur l\u00e4sst sich einfach absp\u00fclen und trocknet die Haut nicht aus.<\/p>\n<p data-start=\"2783\" data-end=\"3014\"><strong data-start=\"2783\" data-end=\"2810\">Gesichtsreiniger (30ml)<\/strong><br data-start=\"2810\" data-end=\"2813\" \/>Ein belebender Gesichtsreiniger, der Schmutz, \u00fcbersch\u00fcssigen Talg und Umweltbelastungen entfernt. F\u00fcr die t\u00e4gliche Anwendung \u2013 reinigt gr\u00fcndlich und bereitet die Haut optimal auf Rasur oder Pflege vor.<\/p>\n<p data-start=\"3016\" data-end=\"3248\"><strong data-start=\"3016\" data-end=\"3045\">Energie-Augenpflege (3ml)<\/strong><br data-start=\"3045\" data-end=\"3048\" \/>Eine gezielte Pflege f\u00fcr die Augenpartie, die sichtbar Schwellungen und M\u00fcdigkeitsanzeichen reduziert. Der praktische Roll-on-Applikator sorgt f\u00fcr einen sofortigen Frische-Kick und einen wachen Blick.<\/p>\n<p data-start=\"3250\" data-end=\"3355\"><strong data-start=\"3250\" data-end=\"3266\">Kulturtasche<\/strong><br data-start=\"3266\" data-end=\"3269\" \/>Elegant und funktional \u2013 perfekt, um Ihre Clarins Men Produkte \u00fcberallhin mitzunehmen.<\/p>\n<p data-start=\"1538\" data-end=\"1665\">Follow us!\u00a0<a href=\"https:\/\/www.instagram.com\/freeshopswiss\/\" target=\"_blank\" rel=\"noopener\">@freeshopswiss<\/a><\/p>\n","protected":false},"excerpt":{"rendered":"<p>CLARINS SET Men \u2013 Energie-Gel 50ml + Shampoo &amp; Duschgel 30ml + Gesichtsreiniger 30ml + Energie-Augenpflege 3ml + Kulturtasche Erlebe t\u00e4glich neue Frische und Energie mit dem CLARINS SET Men, einem vollst\u00e4ndigen und praktischen Pflegeset f\u00fcr den modernen, aktiven Mann. Ideal auch f\u00fcr unterwegs \u2013 dank der praktischen Kulturtasche \u2013 enth\u00e4lt dieses Set f\u00fcnf essentielle [&hellip;]<\/p>\n","protected":false},"featured_media":31106,"comment_status":"open","ping_status":"closed","template":"","meta":[],"pwb-brand":[311],"product_brand":[],"product_cat":[292,86,485],"product_tag":[465,953,460],"class_list":{"0":"post-31110","1":"product","2":"type-product","3":"status-publish","4":"has-post-thumbnail","6":"pwb-brand-clarins","7":"product_cat-behandlungen","8":"product_cat-fur-ihn-de","9":"product_cat-geschenkbox","10":"product_tag-geschenkset-herren","11":"product_tag-uomo-de","12":"product_tag-parfuem-geschenkset","14":"first","15":"outofstock","16":"sale","17":"taxable","18":"shipping-taxable","19":"purchasable","20":"product-type-simple"},"brands":[{"id":311,"name":"Clarins","slug":"clarins"}],"_links":{"self":[{"href":"https:\/\/www.freeshopfrontiera.ch\/de\/wp-json\/wp\/v2\/product\/31110","targetHints":{"allow":["GET"]}}],"collection":[{"href":"https:\/\/www.freeshopfrontiera.ch\/de\/wp-json\/wp\/v2\/product"}],"about":[{"href":"https:\/\/www.freeshopfrontiera.ch\/de\/wp-json\/wp\/v2\/types\/product"}],"replies":[{"embeddable":true,"href":"https:\/\/www.freeshopfrontiera.ch\/de\/wp-json\/wp\/v2\/comments?post=31110"}],"version-history":[{"count":3,"href":"https:\/\/www.freeshopfrontiera.ch\/de\/wp-json\/wp\/v2\/product\/31110\/revisions"}],"predecessor-version":[{"id":31118,"href":"https:\/\/www.freeshopfrontiera.ch\/de\/wp-json\/wp\/v2\/product\/31110\/revisions\/31118"}],"wp:featuredmedia":[{"embeddable":true,"href":"https:\/\/www.freeshopfrontiera.ch\/de\/wp-json\/wp\/v2\/media\/31106"}],"wp:attachment":[{"href":"https:\/\/www.freeshopfrontiera.ch\/de\/wp-json\/wp\/v2\/media?parent=31110"}],"wp:term":[{"taxonomy":"pwb-brand","embeddable":true,"href":"https:\/\/www.freeshopfrontiera.ch\/de\/wp-json\/wp\/v2\/pwb-brand?post=31110"},{"taxonomy":"product_brand","embeddable":true,"href":"https:\/\/www.freeshopfrontiera.ch\/de\/wp-json\/wp\/v2\/product_brand?post=31110"},{"taxonomy":"product_cat","embeddable":true,"href":"https:\/\/www.freeshopfrontiera.ch\/de\/wp-json\/wp\/v2\/product_cat?post=31110"},{"taxonomy":"product_tag","embeddable":true,"href":"https:\/\/www.freeshopfrontiera.ch\/de\/wp-json\/wp\/v2\/product_tag?post=31110"}],"curies":[{"name":"wp","href":"https:\/\/api.w.org\/{rel}","templated":true}]}}