{"id":31172,"date":"2025-05-26T13:49:14","date_gmt":"2025-05-26T13:49:14","guid":{"rendered":"https:\/\/www.freeshopfrontiera.ch\/shop\/clarins-set-lip-comfort-oil\/"},"modified":"2025-05-26T15:49:59","modified_gmt":"2025-05-26T15:49:59","slug":"clarins-set-lip-comfort-oil","status":"publish","type":"product","link":"https:\/\/www.freeshopfrontiera.ch\/de\/shop\/clarins-set-lip-comfort-oil\/","title":{"rendered":"CLARINS SET Lip Comfort Oil"},"content":{"rendered":"<h3 data-start=\"2956\" data-end=\"3017\">CLARINS SET Lip Comfort Oil \u2013 04 Pitaya + Minis 01 &amp; 03<\/h3>\n<p data-start=\"3089\" data-end=\"3489\">Entdecken Sie den Genuss eines Lippenpflegeprodukts, das Farbe, Glanz und h\u00f6chsten Komfort vereint \u2013 mit dem <strong data-start=\"3198\" data-end=\"3229\">CLARINS SET Lip Comfort Oil<\/strong>. Dieses exklusive Set enth\u00e4lt ein <strong data-start=\"3264\" data-end=\"3313\">7ml Full-Size Lip Oil in der Nuance 04 Pitaya<\/strong>, ein leuchtendes Fuchsia mit gl\u00e4nzendem Finish, sowie <strong data-start=\"3368\" data-end=\"3396\">zwei Mini-Gr\u00f6\u00dfen \u00e0 1,4ml<\/strong> in den Farbt\u00f6nen <strong data-start=\"3414\" data-end=\"3426\">01 Honey<\/strong> und <strong data-start=\"3431\" data-end=\"3444\">03 Cherry<\/strong> \u2013 ideal zum Ausprobieren oder f\u00fcr unterwegs.<\/p>\n<p data-start=\"3491\" data-end=\"3846\">Mit \u00fcber <strong data-start=\"3500\" data-end=\"3545\">90 % Inhaltsstoffen nat\u00fcrlichen Ursprungs<\/strong>, darunter <strong data-start=\"3556\" data-end=\"3600\">Jojoba-, Haselnuss- und Bio-Hagebutten\u00f6l<\/strong>, pflegen diese Lippen\u00f6le intensiv, spenden Feuchtigkeit und verleihen spiegelnden Glanz \u2013 ganz ohne Kleben. Die umh\u00fcllende, nicht fettende Textur macht jede Anwendung zu einem Wohlf\u00fchlmoment, w\u00e4hrend die sanften Farben jedem Hautton schmeicheln.<\/p>\n<p data-start=\"3848\" data-end=\"3950\">Perfekt als Geschenk oder zum Verw\u00f6hnen \u2013 dieses Clarins-Set ist ein Must-have in jeder Beautyroutine.<\/p>\n<p data-start=\"3952\" data-end=\"4102\"><strong data-start=\"3952\" data-end=\"3966\">Ideal f\u00fcr:<\/strong><br data-start=\"3966\" data-end=\"3969\" \/>\u2013 Intensive Lippenpflege<br data-start=\"3993\" data-end=\"3996\" \/>\u2013 Farb- und Glanzakzente<br data-start=\"4020\" data-end=\"4023\" \/>\u2013 Schutz vor Trockenheit und Umwelteinfl\u00fcssen<br data-start=\"4068\" data-end=\"4071\" \/>\u2013 Einen Hauch Glamour im Alltag<\/p>\n<p data-start=\"4104\" data-end=\"4121\"><strong data-start=\"4104\" data-end=\"4119\">Set-Inhalt:<\/strong><\/p>\n<ul data-start=\"4122\" data-end=\"4246\">\n<li data-start=\"4122\" data-end=\"4173\">\n<p data-start=\"4124\" data-end=\"4173\">Lip Comfort Oil 04 Pitaya \u2013 7ml (Originalgr\u00f6\u00dfe)<\/p>\n<\/li>\n<li data-start=\"4174\" data-end=\"4210\">\n<p data-start=\"4176\" data-end=\"4210\">Lip Comfort Oil 01 Honey \u2013 1,4ml<\/p>\n<\/li>\n<li data-start=\"4211\" data-end=\"4246\">\n<p data-start=\"4213\" data-end=\"4246\">Lip Comfort Oil 03 Cherry \u2013 1,4ml<\/p>\n<\/li>\n<\/ul>\n<p>&nbsp;<\/p>\n<p>Follow us!\u00a0<a href=\"https:\/\/www.instagram.com\/freeshopswiss\/\" target=\"_blank\" rel=\"noopener\">@freeshopswiss<\/a><\/p>\n","protected":false},"excerpt":{"rendered":"<p>CLARINS SET Lip Comfort Oil \u2013 04 Pitaya + Minis 01 &amp; 03 Entdecken Sie den Genuss eines Lippenpflegeprodukts, das Farbe, Glanz und h\u00f6chsten Komfort vereint \u2013 mit dem CLARINS SET Lip Comfort Oil. Dieses exklusive Set enth\u00e4lt ein 7ml Full-Size Lip Oil in der Nuance 04 Pitaya, ein leuchtendes Fuchsia mit gl\u00e4nzendem Finish, sowie [&hellip;]<\/p>\n","protected":false},"featured_media":31165,"comment_status":"open","ping_status":"closed","template":"","meta":[],"pwb-brand":[311],"product_brand":[],"product_cat":[485,588,567],"product_tag":[462,589,476,460],"class_list":{"0":"post-31172","1":"product","2":"type-product","3":"status-publish","4":"has-post-thumbnail","6":"pwb-brand-clarins","7":"product_cat-geschenkbox","8":"product_cat-lippen-make-up-de","9":"product_cat-make-up-de-2","10":"product_tag-geschenkset-fuer-damen","11":"product_tag-lippen-make-up-de","12":"product_tag-make-up-de","13":"product_tag-parfuem-geschenkset","15":"first","16":"outofstock","17":"sale","18":"taxable","19":"shipping-taxable","20":"purchasable","21":"product-type-simple"},"brands":[{"id":311,"name":"Clarins","slug":"clarins"}],"_links":{"self":[{"href":"https:\/\/www.freeshopfrontiera.ch\/de\/wp-json\/wp\/v2\/product\/31172","targetHints":{"allow":["GET"]}}],"collection":[{"href":"https:\/\/www.freeshopfrontiera.ch\/de\/wp-json\/wp\/v2\/product"}],"about":[{"href":"https:\/\/www.freeshopfrontiera.ch\/de\/wp-json\/wp\/v2\/types\/product"}],"replies":[{"embeddable":true,"href":"https:\/\/www.freeshopfrontiera.ch\/de\/wp-json\/wp\/v2\/comments?post=31172"}],"version-history":[{"count":3,"href":"https:\/\/www.freeshopfrontiera.ch\/de\/wp-json\/wp\/v2\/product\/31172\/revisions"}],"predecessor-version":[{"id":31180,"href":"https:\/\/www.freeshopfrontiera.ch\/de\/wp-json\/wp\/v2\/product\/31172\/revisions\/31180"}],"wp:featuredmedia":[{"embeddable":true,"href":"https:\/\/www.freeshopfrontiera.ch\/de\/wp-json\/wp\/v2\/media\/31165"}],"wp:attachment":[{"href":"https:\/\/www.freeshopfrontiera.ch\/de\/wp-json\/wp\/v2\/media?parent=31172"}],"wp:term":[{"taxonomy":"pwb-brand","embeddable":true,"href":"https:\/\/www.freeshopfrontiera.ch\/de\/wp-json\/wp\/v2\/pwb-brand?post=31172"},{"taxonomy":"product_brand","embeddable":true,"href":"https:\/\/www.freeshopfrontiera.ch\/de\/wp-json\/wp\/v2\/product_brand?post=31172"},{"taxonomy":"product_cat","embeddable":true,"href":"https:\/\/www.freeshopfrontiera.ch\/de\/wp-json\/wp\/v2\/product_cat?post=31172"},{"taxonomy":"product_tag","embeddable":true,"href":"https:\/\/www.freeshopfrontiera.ch\/de\/wp-json\/wp\/v2\/product_tag?post=31172"}],"curies":[{"name":"wp","href":"https:\/\/api.w.org\/{rel}","templated":true}]}}