{"id":31254,"date":"2025-05-27T08:42:45","date_gmt":"2025-05-27T08:42:45","guid":{"rendered":"https:\/\/www.freeshopfrontiera.ch\/shop\/michael-kors-set-gorgeous\/"},"modified":"2025-05-30T14:32:39","modified_gmt":"2025-05-30T14:32:39","slug":"michael-kors-set-gorgeous","status":"publish","type":"product","link":"https:\/\/www.freeshopfrontiera.ch\/de\/shop\/michael-kors-set-gorgeous\/","title":{"rendered":"MICHAEL KORS SET Gorgeous!"},"content":{"rendered":"<p data-start=\"1628\" data-end=\"1734\"><strong data-start=\"1628\" data-end=\"1734\">Michael Kors Set Gorgeous! \u2013 Eau de Parfum 100ml + Bodylotion 100ml + Duschgel 100ml + Mini-Spray 10ml<\/strong><\/p>\n<p data-start=\"1736\" data-end=\"1982\">Erleben Sie die moderne Weiblichkeit mit <strong data-start=\"1777\" data-end=\"1803\">Michael Kors Gorgeous!<\/strong> \u2013 eine Hommage an St\u00e4rke, Sch\u00f6nheit und Authentizit\u00e4t. Dieses elegante Set enth\u00e4lt alles, was Sie f\u00fcr ein luxuri\u00f6ses Dufterlebnis brauchen \u2013 ideal zum Verschenken oder Verw\u00f6hnen.<\/p>\n<p data-start=\"1984\" data-end=\"2004\"><strong data-start=\"1984\" data-end=\"2004\">Das Set enth\u00e4lt:<\/strong><\/p>\n<ul data-start=\"2006\" data-end=\"2666\">\n<li data-start=\"2006\" data-end=\"2291\">\n<p data-start=\"2008\" data-end=\"2291\"><strong data-start=\"2008\" data-end=\"2031\">Eau de Parfum 100ml<\/strong>: ein unwiderstehlicher blumig-holziger Duft. Frische Bergamotte er\u00f6ffnet die Komposition, gefolgt von einem \u00fcppigen Herzen aus wei\u00dfen Bl\u00fcten. Sanfte H\u00f6lzer und Tabaknoten sorgen f\u00fcr W\u00e4rme und Tiefe. Ein selbstbewusster, femininer Duft mit bleibendem Eindruck.<\/p>\n<\/li>\n<li data-start=\"2292\" data-end=\"2470\">\n<p data-start=\"2294\" data-end=\"2470\"><strong data-start=\"2294\" data-end=\"2314\">Bodylotion 100ml<\/strong>: eine pflegende, duftende Lotion, die die Haut mit Feuchtigkeit versorgt und sie geschmeidig und zart parf\u00fcmiert hinterl\u00e4sst. Perfekt zur Duftverl\u00e4ngerung.<\/p>\n<\/li>\n<li data-start=\"2471\" data-end=\"2586\">\n<p data-start=\"2473\" data-end=\"2586\"><strong data-start=\"2473\" data-end=\"2491\">Duschgel 100ml<\/strong>: ein sanftes Duschgel mit dem eleganten Duft von Gorgeous!, das die Haut reinigt und verw\u00f6hnt.<\/p>\n<\/li>\n<li data-start=\"2587\" data-end=\"2666\">\n<p data-start=\"2589\" data-end=\"2666\"><strong data-start=\"2589\" data-end=\"2616\">Mini Eau de Parfum 10ml<\/strong>: das praktische Reiseformat, ideal f\u00fcr unterwegs.<\/p>\n<\/li>\n<\/ul>\n<p data-start=\"2668\" data-end=\"2882\">Mit dem <strong data-start=\"2676\" data-end=\"2702\">Michael Kors Gorgeous!<\/strong> Set wird jede Pflegeroutine zu einem stilvollen Verw\u00f6hnmoment. Die elegante Verpackung macht es zum perfekten Geschenk f\u00fcr selbstbewusste, stilvolle Frauen mit modernem Geschmack.<\/p>\n<p data-start=\"1431\" data-end=\"1675\">Follow us!\u00a0<a href=\"https:\/\/www.instagram.com\/freeshopswiss\/\" target=\"_blank\" rel=\"noopener\">@freeshopswiss<\/a><\/p>\n","protected":false},"excerpt":{"rendered":"<p>Michael Kors Set Gorgeous! \u2013 Eau de Parfum 100ml + Bodylotion 100ml + Duschgel 100ml + Mini-Spray 10ml Erleben Sie die moderne Weiblichkeit mit Michael Kors Gorgeous! \u2013 eine Hommage an St\u00e4rke, Sch\u00f6nheit und Authentizit\u00e4t. Dieses elegante Set enth\u00e4lt alles, was Sie f\u00fcr ein luxuri\u00f6ses Dufterlebnis brauchen \u2013 ideal zum Verschenken oder Verw\u00f6hnen. Das Set [&hellip;]<\/p>\n","protected":false},"featured_media":31249,"comment_status":"open","ping_status":"closed","template":"","meta":[],"pwb-brand":[118],"product_brand":[],"product_cat":[111,485],"product_tag":[419,293,462,460],"class_list":{"0":"post-31254","1":"product","2":"type-product","3":"status-publish","4":"has-post-thumbnail","6":"pwb-brand-michael-kors","7":"product_cat-fur-sie-de","8":"product_cat-geschenkbox","9":"product_tag-behandlungen-de","10":"product_tag-frau","11":"product_tag-geschenkset-fuer-damen","12":"product_tag-parfuem-geschenkset","14":"first","15":"outofstock","16":"sale","17":"taxable","18":"shipping-taxable","19":"purchasable","20":"product-type-simple"},"brands":[{"id":118,"name":"Michael Kors","slug":"michael-kors"}],"_links":{"self":[{"href":"https:\/\/www.freeshopfrontiera.ch\/de\/wp-json\/wp\/v2\/product\/31254","targetHints":{"allow":["GET"]}}],"collection":[{"href":"https:\/\/www.freeshopfrontiera.ch\/de\/wp-json\/wp\/v2\/product"}],"about":[{"href":"https:\/\/www.freeshopfrontiera.ch\/de\/wp-json\/wp\/v2\/types\/product"}],"replies":[{"embeddable":true,"href":"https:\/\/www.freeshopfrontiera.ch\/de\/wp-json\/wp\/v2\/comments?post=31254"}],"version-history":[{"count":1,"href":"https:\/\/www.freeshopfrontiera.ch\/de\/wp-json\/wp\/v2\/product\/31254\/revisions"}],"predecessor-version":[{"id":31257,"href":"https:\/\/www.freeshopfrontiera.ch\/de\/wp-json\/wp\/v2\/product\/31254\/revisions\/31257"}],"wp:featuredmedia":[{"embeddable":true,"href":"https:\/\/www.freeshopfrontiera.ch\/de\/wp-json\/wp\/v2\/media\/31249"}],"wp:attachment":[{"href":"https:\/\/www.freeshopfrontiera.ch\/de\/wp-json\/wp\/v2\/media?parent=31254"}],"wp:term":[{"taxonomy":"pwb-brand","embeddable":true,"href":"https:\/\/www.freeshopfrontiera.ch\/de\/wp-json\/wp\/v2\/pwb-brand?post=31254"},{"taxonomy":"product_brand","embeddable":true,"href":"https:\/\/www.freeshopfrontiera.ch\/de\/wp-json\/wp\/v2\/product_brand?post=31254"},{"taxonomy":"product_cat","embeddable":true,"href":"https:\/\/www.freeshopfrontiera.ch\/de\/wp-json\/wp\/v2\/product_cat?post=31254"},{"taxonomy":"product_tag","embeddable":true,"href":"https:\/\/www.freeshopfrontiera.ch\/de\/wp-json\/wp\/v2\/product_tag?post=31254"}],"curies":[{"name":"wp","href":"https:\/\/api.w.org\/{rel}","templated":true}]}}