{"id":31443,"date":"2025-05-26T16:00:35","date_gmt":"2025-05-26T16:00:35","guid":{"rendered":"https:\/\/www.freeshopfrontiera.ch\/shop\/house-of-perfumes-mashair-class-100ml\/"},"modified":"2025-05-28T09:43:23","modified_gmt":"2025-05-28T09:43:23","slug":"house-of-perfumes-mashair-class-100ml","status":"publish","type":"product","link":"https:\/\/www.freeshopfrontiera.ch\/de\/shop\/house-of-perfumes-mashair-class-100ml\/","title":{"rendered":"HOUSE OF PERFUMES Mashair Class 100ml"},"content":{"rendered":"<p data-start=\"1688\" data-end=\"1804\"><strong data-start=\"1688\" data-end=\"1804\">HOUSE OF PERFUMES Mashair Class Eau de Parfum 100ml \u2013 Zeitlose Eleganz in einem intensiven und raffinierten Duft<\/strong><\/p>\n<p data-start=\"1806\" data-end=\"2127\">Entdecken Sie den Zauber orientalischer Eleganz mit Mashair Class Eau de Parfum von HOUSE OF PERFUMES \u2013 ein exklusiver 100ml-Duft, der Klasse, Sinnlichkeit und Raffinesse verk\u00f6rpert. F\u00fcr alle, die sich mit Stil und Eleganz abheben m\u00f6chten, bietet dieses Unisex-Parfum eine perfekte Balance zwischen Tradition und Moderne.<\/p>\n<p data-start=\"2129\" data-end=\"2537\">Mashair Class er\u00f6ffnet mit einer Explosion aus w\u00fcrzigen und zitrischen Noten, die sofort Aufmerksamkeit erregen. Im Herzen entfaltet sich ein reiches und einh\u00fcllendes Bouquet, in dem edle Bl\u00fcten und holzige Akzente harmonisch verschmelzen. Die warme, lang anhaltende Basis wird von Amber, Moschus und orientalischen H\u00f6lzern dominiert \u2013 f\u00fcr eine tiefe und unwiderstehliche Duftspur, die den ganzen Tag anh\u00e4lt.<\/p>\n<p data-start=\"2539\" data-end=\"2774\">Ideal f\u00fcr jede Gelegenheit ist dieser Duft perfekt f\u00fcr alle, die intensive, elegante und anspruchsvolle Parfums lieben. Sowohl tags\u00fcber als auch abends tragbar, hinterl\u00e4sst Mashair Class einen unverwechselbaren olfaktorischen Eindruck.<\/p>\n<p data-start=\"2776\" data-end=\"2979\">Der elegante und minimalistische 100ml-Flakon spiegelt die luxuri\u00f6se Seele des Dufts wider und macht ihn zu einem perfekten Geschenk f\u00fcr Liebhaber von Nischend\u00fcften und au\u00dfergew\u00f6hnlichen Dufterlebnissen.<\/p>\n<p data-start=\"2981\" data-end=\"2999\"><strong data-start=\"2981\" data-end=\"2999\">Hauptmerkmale:<\/strong><\/p>\n<ul data-start=\"3001\" data-end=\"3263\">\n<li data-start=\"3001\" data-end=\"3032\">\n<p data-start=\"3003\" data-end=\"3032\">Unisex Eau de Parfum, 100ml<\/p>\n<\/li>\n<li data-start=\"3033\" data-end=\"3063\">\n<p data-start=\"3035\" data-end=\"3063\">Orientalisch-w\u00fcrziger Duft<\/p>\n<\/li>\n<li data-start=\"3064\" data-end=\"3100\">\n<p data-start=\"3066\" data-end=\"3100\">Kopfnote: Zitrusfr\u00fcchte, Gew\u00fcrze<\/p>\n<\/li>\n<li data-start=\"3101\" data-end=\"3134\">\n<p data-start=\"3103\" data-end=\"3134\">Herznote: edle Bl\u00fcten, H\u00f6lzer<\/p>\n<\/li>\n<li data-start=\"3135\" data-end=\"3186\">\n<p data-start=\"3137\" data-end=\"3186\">Basisnote: Amber, Moschus, orientalische H\u00f6lzer<\/p>\n<\/li>\n<li data-start=\"3187\" data-end=\"3232\">\n<p data-start=\"3189\" data-end=\"3232\">Ideal f\u00fcr jede Jahreszeit und Gelegenheit<\/p>\n<\/li>\n<li data-start=\"3233\" data-end=\"3263\">\n<p data-start=\"3235\" data-end=\"3263\">Intensiv und langanhaltend<\/p>\n<\/li>\n<\/ul>\n<p>&nbsp;<\/p>\n<p>Follow us!\u00a0<a href=\"https:\/\/www.instagram.com\/freeshopswiss\/\" target=\"_blank\" rel=\"noopener\">@freeshopswiss<\/a><\/p>\n","protected":false},"excerpt":{"rendered":"<p>HOUSE OF PERFUMES Mashair Class Eau de Parfum 100ml \u2013 Zeitlose Eleganz in einem intensiven und raffinierten Duft Entdecken Sie den Zauber orientalischer Eleganz mit Mashair Class Eau de Parfum von HOUSE OF PERFUMES \u2013 ein exklusiver 100ml-Duft, der Klasse, Sinnlichkeit und Raffinesse verk\u00f6rpert. F\u00fcr alle, die sich mit Stil und Eleganz abheben m\u00f6chten, bietet [&hellip;]<\/p>\n","protected":false},"featured_media":31211,"comment_status":"open","ping_status":"closed","template":"","meta":[],"pwb-brand":[391],"product_brand":[],"product_cat":[84],"product_tag":[790,254,293,953,1642,595],"class_list":{"0":"post-31443","1":"product","2":"type-product","3":"status-publish","4":"has-post-thumbnail","6":"pwb-brand-house-of-perfumes","7":"product_cat-duefte","8":"product_tag-womens-fragrances-de","9":"product_tag-eau-de-parfum-de","10":"product_tag-frau","11":"product_tag-uomo-de","12":"product_tag-mens-fragrances-de","13":"product_tag-unisex-de-2","15":"first","16":"instock","17":"sale","18":"taxable","19":"shipping-taxable","20":"purchasable","21":"product-type-simple"},"brands":[{"id":391,"name":"House of Perfumes","slug":"house-of-perfumes"}],"_links":{"self":[{"href":"https:\/\/www.freeshopfrontiera.ch\/de\/wp-json\/wp\/v2\/product\/31443","targetHints":{"allow":["GET"]}}],"collection":[{"href":"https:\/\/www.freeshopfrontiera.ch\/de\/wp-json\/wp\/v2\/product"}],"about":[{"href":"https:\/\/www.freeshopfrontiera.ch\/de\/wp-json\/wp\/v2\/types\/product"}],"replies":[{"embeddable":true,"href":"https:\/\/www.freeshopfrontiera.ch\/de\/wp-json\/wp\/v2\/comments?post=31443"}],"version-history":[{"count":1,"href":"https:\/\/www.freeshopfrontiera.ch\/de\/wp-json\/wp\/v2\/product\/31443\/revisions"}],"predecessor-version":[{"id":31446,"href":"https:\/\/www.freeshopfrontiera.ch\/de\/wp-json\/wp\/v2\/product\/31443\/revisions\/31446"}],"wp:featuredmedia":[{"embeddable":true,"href":"https:\/\/www.freeshopfrontiera.ch\/de\/wp-json\/wp\/v2\/media\/31211"}],"wp:attachment":[{"href":"https:\/\/www.freeshopfrontiera.ch\/de\/wp-json\/wp\/v2\/media?parent=31443"}],"wp:term":[{"taxonomy":"pwb-brand","embeddable":true,"href":"https:\/\/www.freeshopfrontiera.ch\/de\/wp-json\/wp\/v2\/pwb-brand?post=31443"},{"taxonomy":"product_brand","embeddable":true,"href":"https:\/\/www.freeshopfrontiera.ch\/de\/wp-json\/wp\/v2\/product_brand?post=31443"},{"taxonomy":"product_cat","embeddable":true,"href":"https:\/\/www.freeshopfrontiera.ch\/de\/wp-json\/wp\/v2\/product_cat?post=31443"},{"taxonomy":"product_tag","embeddable":true,"href":"https:\/\/www.freeshopfrontiera.ch\/de\/wp-json\/wp\/v2\/product_tag?post=31443"}],"curies":[{"name":"wp","href":"https:\/\/api.w.org\/{rel}","templated":true}]}}