{"id":31473,"date":"2025-05-28T10:44:16","date_gmt":"2025-05-28T10:44:16","guid":{"rendered":"https:\/\/www.freeshopfrontiera.ch\/shop\/lattafa-qaaed-eau-de-parfum-100ml\/"},"modified":"2025-06-02T09:37:53","modified_gmt":"2025-06-02T09:37:53","slug":"lattafa-qaaed-eau-de-parfum-100ml","status":"publish","type":"product","link":"https:\/\/www.freeshopfrontiera.ch\/de\/shop\/lattafa-qaaed-eau-de-parfum-100ml\/","title":{"rendered":"LATTAFA Qaa&#8217;ed Eau de Parfum 100ml"},"content":{"rendered":"<p data-start=\"1637\" data-end=\"1735\"><strong data-start=\"1637\" data-end=\"1735\">LATTAFA Qaa\u2019ed Eau de Parfum 100ml \u2013 Kraft und Geheimnis in einem gewagten orientalischen Duft<\/strong><\/p>\n<p data-start=\"1737\" data-end=\"2050\"><strong data-start=\"1737\" data-end=\"1747\">Qaa\u2019ed<\/strong> von <strong data-start=\"1752\" data-end=\"1763\">Lattafa<\/strong> ist ein intensiver und charismatischer Duft, kreiert f\u00fcr Menschen, die Eindruck hinterlassen wollen. Dieses <strong data-start=\"1872\" data-end=\"1898\">Eau de Parfum (100 ml)<\/strong> \u00fcberzeugt mit einer reichen Duftstruktur und einer tief orientalischen Seele \u2013 eine warme, w\u00fcrzige und sinnliche Komposition voller St\u00e4rke und Eleganz.<\/p>\n<p data-start=\"2052\" data-end=\"2409\">Die <strong data-start=\"2056\" data-end=\"2068\">Kopfnote<\/strong> er\u00f6ffnet mit einer kr\u00e4ftigen Mischung aus Zimt, Muskatnuss und Bergamotte, die den Duft mit w\u00fcrziger Frische belebt. Im <strong data-start=\"2189\" data-end=\"2197\">Herz<\/strong> verschmelzen Lavendel, Oud und H\u00f6lzer zu einem harmonischen Duftbild voller Tiefe und Raffinesse. Die <strong data-start=\"2300\" data-end=\"2313\">Basisnote<\/strong> aus Amber, Vanille und Leder sorgt f\u00fcr ein warmes, sinnliches und langanhaltendes Dufterlebnis.<\/p>\n<p data-start=\"2411\" data-end=\"2701\"><strong data-start=\"2411\" data-end=\"2421\">Qaa\u2019ed<\/strong> ist ein Unisex-Duft mit starkem Charakter \u2013 ideal f\u00fcr Liebhaber intensiver, markanter Parfums. Besonders geeignet f\u00fcr Herbst, Winter und Abendstunden. Der pr\u00e4chtig verzierte, goldene Flakon spiegelt den luxuri\u00f6sen Stil der arabischen Parf\u00fcmerie wider \u2013 auch perfekt als Geschenk.<\/p>\n<p data-start=\"2703\" data-end=\"2721\"><strong data-start=\"2703\" data-end=\"2721\">Hauptmerkmale:<\/strong><\/p>\n<ul data-start=\"2723\" data-end=\"3023\">\n<li data-start=\"2723\" data-end=\"2755\">\n<p data-start=\"2725\" data-end=\"2755\">Unisex Eau de Parfum \u2013 100ml<\/p>\n<\/li>\n<li data-start=\"2756\" data-end=\"2786\">\n<p data-start=\"2758\" data-end=\"2786\">Orientalisch-w\u00fcrziger Duft<\/p>\n<\/li>\n<li data-start=\"2787\" data-end=\"2829\">\n<p data-start=\"2789\" data-end=\"2829\">Kopfnote: Zimt, Muskatnuss, Bergamotte<\/p>\n<\/li>\n<li data-start=\"2830\" data-end=\"2865\">\n<p data-start=\"2832\" data-end=\"2865\">Herznote: Lavendel, Oud, H\u00f6lzer<\/p>\n<\/li>\n<li data-start=\"2866\" data-end=\"2902\">\n<p data-start=\"2868\" data-end=\"2902\">Basisnote: Amber, Vanille, Leder<\/p>\n<\/li>\n<li data-start=\"2903\" data-end=\"2933\">\n<p data-start=\"2905\" data-end=\"2933\">Intensiv und langanhaltend<\/p>\n<\/li>\n<li data-start=\"2934\" data-end=\"2982\">\n<p data-start=\"2936\" data-end=\"2982\">Ideal f\u00fcr den Abend und die kalte Jahreszeit<\/p>\n<\/li>\n<li data-start=\"2983\" data-end=\"3023\">\n<p data-start=\"2985\" data-end=\"3023\">Luxuri\u00f6ser Flakon im arabischen Stil<\/p>\n<\/li>\n<\/ul>\n<p data-start=\"3025\" data-end=\"3134\">Erleben Sie <strong data-start=\"3037\" data-end=\"3059\">Qaa\u2019ed von Lattafa<\/strong> \u2013 ein Duft, der mit seiner reichen und unverwechselbaren Aura beeindruckt.<\/p>\n<p data-start=\"1622\" data-end=\"1747\">Follow us!\u00a0<a href=\"https:\/\/www.instagram.com\/freeshopswiss\/\" target=\"_blank\" rel=\"noopener\">@freeshopswiss<\/a><\/p>\n","protected":false},"excerpt":{"rendered":"<p>LATTAFA Qaa\u2019ed Eau de Parfum 100ml \u2013 Kraft und Geheimnis in einem gewagten orientalischen Duft Qaa\u2019ed von Lattafa ist ein intensiver und charismatischer Duft, kreiert f\u00fcr Menschen, die Eindruck hinterlassen wollen. Dieses Eau de Parfum (100 ml) \u00fcberzeugt mit einer reichen Duftstruktur und einer tief orientalischen Seele \u2013 eine warme, w\u00fcrzige und sinnliche Komposition voller [&hellip;]<\/p>\n","protected":false},"featured_media":31469,"comment_status":"open","ping_status":"closed","template":"","meta":[],"pwb-brand":[772],"product_brand":[],"product_cat":[84,86,111],"product_tag":[790,254,293,953,1642,595],"class_list":{"0":"post-31473","1":"product","2":"type-product","3":"status-publish","4":"has-post-thumbnail","6":"pwb-brand-lattafa","7":"product_cat-duefte","8":"product_cat-fur-ihn-de","9":"product_cat-fur-sie-de","10":"product_tag-womens-fragrances-de","11":"product_tag-eau-de-parfum-de","12":"product_tag-frau","13":"product_tag-uomo-de","14":"product_tag-mens-fragrances-de","15":"product_tag-unisex-de-2","17":"first","18":"instock","19":"sale","20":"taxable","21":"shipping-taxable","22":"purchasable","23":"product-type-simple"},"brands":[{"id":772,"name":"Lattafa","slug":"lattafa"}],"_links":{"self":[{"href":"https:\/\/www.freeshopfrontiera.ch\/de\/wp-json\/wp\/v2\/product\/31473","targetHints":{"allow":["GET"]}}],"collection":[{"href":"https:\/\/www.freeshopfrontiera.ch\/de\/wp-json\/wp\/v2\/product"}],"about":[{"href":"https:\/\/www.freeshopfrontiera.ch\/de\/wp-json\/wp\/v2\/types\/product"}],"replies":[{"embeddable":true,"href":"https:\/\/www.freeshopfrontiera.ch\/de\/wp-json\/wp\/v2\/comments?post=31473"}],"version-history":[{"count":1,"href":"https:\/\/www.freeshopfrontiera.ch\/de\/wp-json\/wp\/v2\/product\/31473\/revisions"}],"predecessor-version":[{"id":31477,"href":"https:\/\/www.freeshopfrontiera.ch\/de\/wp-json\/wp\/v2\/product\/31473\/revisions\/31477"}],"wp:featuredmedia":[{"embeddable":true,"href":"https:\/\/www.freeshopfrontiera.ch\/de\/wp-json\/wp\/v2\/media\/31469"}],"wp:attachment":[{"href":"https:\/\/www.freeshopfrontiera.ch\/de\/wp-json\/wp\/v2\/media?parent=31473"}],"wp:term":[{"taxonomy":"pwb-brand","embeddable":true,"href":"https:\/\/www.freeshopfrontiera.ch\/de\/wp-json\/wp\/v2\/pwb-brand?post=31473"},{"taxonomy":"product_brand","embeddable":true,"href":"https:\/\/www.freeshopfrontiera.ch\/de\/wp-json\/wp\/v2\/product_brand?post=31473"},{"taxonomy":"product_cat","embeddable":true,"href":"https:\/\/www.freeshopfrontiera.ch\/de\/wp-json\/wp\/v2\/product_cat?post=31473"},{"taxonomy":"product_tag","embeddable":true,"href":"https:\/\/www.freeshopfrontiera.ch\/de\/wp-json\/wp\/v2\/product_tag?post=31473"}],"curies":[{"name":"wp","href":"https:\/\/api.w.org\/{rel}","templated":true}]}}