{"id":31524,"date":"2025-05-28T12:28:24","date_gmt":"2025-05-28T12:28:24","guid":{"rendered":"https:\/\/www.freeshopfrontiera.ch\/shop\/gianni-versace-set-dylan-blue\/"},"modified":"2026-03-31T12:31:25","modified_gmt":"2026-03-31T12:31:25","slug":"gianni-versace-set-dylan-blue","status":"publish","type":"product","link":"https:\/\/www.freeshopfrontiera.ch\/de\/shop\/gianni-versace-set-dylan-blue\/","title":{"rendered":"GIANNI VERSACE SET Dylan Blue"},"content":{"rendered":"<h3 data-start=\"146\" data-end=\"241\"><strong data-start=\"150\" data-end=\"241\">GIANNI VERSACE SET Dylan Blue\u00a0<\/strong><\/h3>\n<div class=\"flex flex-col text-sm\">\n<section class=\"text-token-text-primary w-full focus:outline-none [--shadow-height:45px] has-data-writing-block:pointer-events-none has-data-writing-block:-mt-(--shadow-height) has-data-writing-block:pt-(--shadow-height) [&amp;:has([data-writing-block])&gt;*]:pointer-events-auto scroll-mt-[calc(var(--header-height)+min(200px,max(70px,20svh)))]\" dir=\"auto\" data-turn-id=\"request-WEB:f80ac7a8-d80a-40af-b371-56460e49267c-6\" data-testid=\"conversation-turn-14\" data-scroll-anchor=\"true\" data-turn=\"assistant\">\n<div class=\"text-base my-auto mx-auto pb-10 [--thread-content-margin:var(--thread-content-margin-xs,calc(var(--spacing)*4))] @w-sm\/main:[--thread-content-margin:var(--thread-content-margin-sm,calc(var(--spacing)*6))] @w-lg\/main:[--thread-content-margin:var(--thread-content-margin-lg,calc(var(--spacing)*16))] px-(--thread-content-margin)\">\n<div class=\"[--thread-content-max-width:40rem] @w-lg\/main:[--thread-content-max-width:48rem] mx-auto max-w-(--thread-content-max-width) flex-1 group\/turn-messages focus-visible:outline-hidden relative flex w-full min-w-0 flex-col agent-turn\">\n<div class=\"flex max-w-full flex-col gap-4 grow\">\n<div class=\"min-h-8 text-message relative flex w-full flex-col items-end gap-2 text-start break-words whitespace-normal outline-none keyboard-focused:focus-ring [.text-message+&amp;]:mt-1\" dir=\"auto\" tabindex=\"0\" data-message-author-role=\"assistant\" data-message-id=\"bf2b42ff-41e4-4e90-98e6-c764d45832e0\" data-message-model-slug=\"gpt-5-3\" data-turn-start-message=\"true\">\n<div class=\"flex w-full flex-col gap-1 empty:hidden\">\n<div class=\"markdown prose dark:prose-invert w-full wrap-break-word light markdown-new-styling\">\n<p data-start=\"2440\" data-end=\"2529\"><strong data-start=\"2440\" data-end=\"2529\">Versace Dylan Blue Set Eau de Toilette 100 ml \u2013 Maskuline Energie und Ikonischer Stil<\/strong><\/p>\n<p data-start=\"2531\" data-end=\"2862\">Entdecken Sie den starken und modernen Charakter des <span class=\"hover:entity-accent entity-underline inline cursor-pointer align-baseline\"><span class=\"whitespace-normal\">Versace<\/span><\/span> Dylan Blue Sets \u2013 die perfekte Wahl f\u00fcr den modernen Mann, der mit Eleganz und Pers\u00f6nlichkeit \u00fcberzeugt. Dieses exklusive Set enth\u00e4lt ein Eau de Toilette 100 ml, ein Duschgel 150 ml sowie eine praktische Mini-Size 5 ml, ideal f\u00fcr unterwegs.<\/p>\n<p data-start=\"2864\" data-end=\"3282\">Dylan Blue ist ein intensiver und raffinierter Herrenduft, der mit frischen und belebenden Kopfnoten aus zitrischen und aquatischen Akkorden er\u00f6ffnet. Im Herzen entfaltet sich eine reichhaltige aromatische Komposition mit w\u00fcrzigen und gr\u00fcnen Nuancen, die Tiefe und Charakter verleihen. Die Basisnoten entwickeln eine warme und verf\u00fchrerische Duftspur aus edlen H\u00f6lzern, Amber und Moschus \u2013 langanhaltend und umh\u00fcllend.<\/p>\n<p data-start=\"3284\" data-end=\"3526\">Ideal als Geschenk oder zur Erg\u00e4nzung der t\u00e4glichen Pflegeroutine, erm\u00f6glicht dieses Set eine intensivere und l\u00e4nger anhaltende Duftwirkung dank des passenden Duschgels. Der Stil ist kraftvoll, maskulin und elegant \u2013 perfekt f\u00fcr jeden Anlass.<\/p>\n<p data-start=\"3528\" data-end=\"3621\" data-is-last-node=\"\" data-is-only-node=\"\">W\u00e4hlen Sie Versace Dylan Blue, um Selbstbewusstsein, Charisma und modernen Stil auszudr\u00fccken.<\/p>\n<\/div>\n<\/div>\n<\/div>\n<\/div>\n<div class=\"z-0 flex min-h-[46px] justify-start\"><\/div>\n<\/div>\n<\/div>\n<\/section>\n<\/div>\n<p data-start=\"1353\" data-end=\"1613\">Follow us!\u00a0<a href=\"https:\/\/www.instagram.com\/freeshopswiss\/\" target=\"_blank\" rel=\"noopener\">@freeshopswiss<\/a><\/p>\n","protected":false},"excerpt":{"rendered":"<p>Entdecken Sie den starken und modernen Charakter des <span class=\"hover:entity-accent entity-underline inline cursor-pointer align-baseline\"><span class=\"whitespace-normal\">Versace<\/span><\/span> Dylan Blue Sets \u2013 die perfekte Wahl f\u00fcr den modernen Mann, der mit Eleganz und Pers\u00f6nlichkeit \u00fcberzeugt.<\/p>\n","protected":false},"featured_media":41668,"comment_status":"open","ping_status":"closed","template":"","meta":[],"pwb-brand":[124],"product_brand":[],"product_cat":[84,86,485],"product_tag":[465,953,460],"class_list":{"0":"post-31524","1":"product","2":"type-product","3":"status-publish","4":"has-post-thumbnail","6":"pwb-brand-versace","7":"product_cat-duefte","8":"product_cat-fur-ihn-de","9":"product_cat-geschenkbox","10":"product_tag-geschenkset-herren","11":"product_tag-uomo-de","12":"product_tag-parfuem-geschenkset","14":"first","15":"instock","16":"sale","17":"taxable","18":"shipping-taxable","19":"purchasable","20":"product-type-simple"},"brands":[{"id":124,"name":"Versace","slug":"versace"}],"_links":{"self":[{"href":"https:\/\/www.freeshopfrontiera.ch\/de\/wp-json\/wp\/v2\/product\/31524","targetHints":{"allow":["GET"]}}],"collection":[{"href":"https:\/\/www.freeshopfrontiera.ch\/de\/wp-json\/wp\/v2\/product"}],"about":[{"href":"https:\/\/www.freeshopfrontiera.ch\/de\/wp-json\/wp\/v2\/types\/product"}],"replies":[{"embeddable":true,"href":"https:\/\/www.freeshopfrontiera.ch\/de\/wp-json\/wp\/v2\/comments?post=31524"}],"version-history":[{"count":4,"href":"https:\/\/www.freeshopfrontiera.ch\/de\/wp-json\/wp\/v2\/product\/31524\/revisions"}],"predecessor-version":[{"id":41673,"href":"https:\/\/www.freeshopfrontiera.ch\/de\/wp-json\/wp\/v2\/product\/31524\/revisions\/41673"}],"wp:featuredmedia":[{"embeddable":true,"href":"https:\/\/www.freeshopfrontiera.ch\/de\/wp-json\/wp\/v2\/media\/41668"}],"wp:attachment":[{"href":"https:\/\/www.freeshopfrontiera.ch\/de\/wp-json\/wp\/v2\/media?parent=31524"}],"wp:term":[{"taxonomy":"pwb-brand","embeddable":true,"href":"https:\/\/www.freeshopfrontiera.ch\/de\/wp-json\/wp\/v2\/pwb-brand?post=31524"},{"taxonomy":"product_brand","embeddable":true,"href":"https:\/\/www.freeshopfrontiera.ch\/de\/wp-json\/wp\/v2\/product_brand?post=31524"},{"taxonomy":"product_cat","embeddable":true,"href":"https:\/\/www.freeshopfrontiera.ch\/de\/wp-json\/wp\/v2\/product_cat?post=31524"},{"taxonomy":"product_tag","embeddable":true,"href":"https:\/\/www.freeshopfrontiera.ch\/de\/wp-json\/wp\/v2\/product_tag?post=31524"}],"curies":[{"name":"wp","href":"https:\/\/api.w.org\/{rel}","templated":true}]}}