{"id":31570,"date":"2025-05-30T10:45:30","date_gmt":"2025-05-30T10:45:30","guid":{"rendered":"https:\/\/www.freeshopfrontiera.ch\/shop\/house-of-perfumes-royal-oud-eau-de-parfum-100ml\/"},"modified":"2026-01-27T20:15:25","modified_gmt":"2026-01-27T20:15:25","slug":"house-of-perfumes-royal-oud-eau-de-parfum-100ml","status":"publish","type":"product","link":"https:\/\/www.freeshopfrontiera.ch\/de\/shop\/house-of-perfumes-royal-oud-eau-de-parfum-100ml\/","title":{"rendered":"HOUSE OF PERFUMES Royal Oud Eau de Parfum 100ml"},"content":{"rendered":"<h3 data-start=\"154\" data-end=\"209\"><strong data-start=\"158\" data-end=\"209\">HOUSE OF PERFUMES Royal Oud Eau de Parfum 100ml<\/strong><\/h3>\n<p data-start=\"3378\" data-end=\"3681\">Erleben Sie die majest\u00e4tische Ausstrahlung von <strong data-start=\"3425\" data-end=\"3452\">Royal Oud Eau de Parfum<\/strong> von <strong data-start=\"3457\" data-end=\"3478\">House of Perfumes<\/strong> \u2013 ein intensiver und k\u00f6niglicher Duft, der den zeitlosen Charme von Oud feiert. F\u00fcr Damen und Herren mit Stil und Pers\u00f6nlichkeit konzipiert, verk\u00f6rpert diese Duftkomposition Kraft, Luxus und Raffinesse.<\/p>\n<p data-start=\"3683\" data-end=\"4077\">Royal Oud er\u00f6ffnet mit w\u00fcrzigen und zitrischen Kopfnoten, die sofort Aufmerksamkeit erregen. Im Herzen entfaltet sich der Oud in seiner ganzen Tiefe \u2013 holzig, reichhaltig und intensiv \u2013 erg\u00e4nzt durch warme Ambernoten und eine florale Nuance f\u00fcr Balance und Komplexit\u00e4t. Die Basis aus Moschus, edlen H\u00f6lzern und orientalischen Harzen sorgt f\u00fcr einen langanhaltenden, unvergesslichen Duftverlauf.<\/p>\n<p data-start=\"4079\" data-end=\"4359\">Elegant und ausdrucksstark ist Royal Oud der ideale Duft f\u00fcr stilvolle Abende, besondere Anl\u00e4sse oder immer dann, wenn Sie Eindruck hinterlassen m\u00f6chten. Der luxuri\u00f6se 100ml-Flakon unterstreicht den edlen Charakter des Parfums und eignet sich hervorragend als exklusives Geschenk.<\/p>\n<p data-start=\"4361\" data-end=\"4650\"><strong data-start=\"4361\" data-end=\"4388\">Royal Oud Eau de Parfum<\/strong> ist mehr als nur ein Duft \u2013 es ist eine sinnliche Reise in die Welt des Oud, modern interpretiert mit einem Hauch westlicher Eleganz. Ein kraftvoller, umh\u00fcllender und zeitloser Duft f\u00fcr alle, die Prestige, Selbstbewusstsein und Sch\u00f6nheit in einem Parfum suchen.<\/p>\n<p data-start=\"4657\" data-end=\"4901\"><strong data-start=\"4657\" data-end=\"4672\">Hauptnoten:<\/strong> Oud, Amber, Gew\u00fcrze, Moschus, orientalische H\u00f6lzer<br data-start=\"4723\" data-end=\"4726\" \/><strong data-start=\"4726\" data-end=\"4740\">Kategorie:<\/strong> orientalisch-holzig unisex<br data-start=\"4767\" data-end=\"4770\" \/><strong data-start=\"4770\" data-end=\"4781\">Inhalt:<\/strong> 100 ml \u2013 Eau de Parfum Spray<br data-start=\"4810\" data-end=\"4813\" \/><strong data-start=\"4813\" data-end=\"4827\">Ideal f\u00fcr:<\/strong> Abendanl\u00e4sse, besondere Events, Liebhaber intensiver und luxuri\u00f6ser D\u00fcfte<\/p>\n<p data-start=\"1607\" data-end=\"1845\">Follow us! <a href=\"https:\/\/www.instagram.com\/freeshopswiss\/\" target=\"_blank\" rel=\"noopener\">@freeshopswiss<\/a><\/p>\n","protected":false},"excerpt":{"rendered":"<p>HOUSE OF PERFUMES Royal Oud Eau de Parfum 100ml Erleben Sie die majest\u00e4tische Ausstrahlung von Royal Oud Eau de Parfum von House of Perfumes \u2013 ein intensiver und k\u00f6niglicher Duft, der den zeitlosen Charme von Oud feiert. F\u00fcr Damen und Herren mit Stil und Pers\u00f6nlichkeit konzipiert, verk\u00f6rpert diese Duftkomposition Kraft, Luxus und Raffinesse. Royal Oud [&hellip;]<\/p>\n","protected":false},"featured_media":31566,"comment_status":"open","ping_status":"closed","template":"","meta":[],"pwb-brand":[391],"product_brand":[],"product_cat":[84,86,111],"product_tag":[952,293,953,1642,595],"class_list":{"0":"post-31570","1":"product","2":"type-product","3":"status-publish","4":"has-post-thumbnail","6":"pwb-brand-house-of-perfumes","7":"product_cat-duefte","8":"product_cat-fur-ihn-de","9":"product_cat-fur-sie-de","10":"product_tag-profumi-de","11":"product_tag-frau","12":"product_tag-uomo-de","13":"product_tag-mens-fragrances-de","14":"product_tag-unisex-de-2","16":"first","17":"outofstock","18":"sale","19":"taxable","20":"shipping-taxable","21":"purchasable","22":"product-type-simple"},"brands":[{"id":391,"name":"House of Perfumes","slug":"house-of-perfumes"}],"_links":{"self":[{"href":"https:\/\/www.freeshopfrontiera.ch\/de\/wp-json\/wp\/v2\/product\/31570","targetHints":{"allow":["GET"]}}],"collection":[{"href":"https:\/\/www.freeshopfrontiera.ch\/de\/wp-json\/wp\/v2\/product"}],"about":[{"href":"https:\/\/www.freeshopfrontiera.ch\/de\/wp-json\/wp\/v2\/types\/product"}],"replies":[{"embeddable":true,"href":"https:\/\/www.freeshopfrontiera.ch\/de\/wp-json\/wp\/v2\/comments?post=31570"}],"version-history":[{"count":2,"href":"https:\/\/www.freeshopfrontiera.ch\/de\/wp-json\/wp\/v2\/product\/31570\/revisions"}],"predecessor-version":[{"id":31573,"href":"https:\/\/www.freeshopfrontiera.ch\/de\/wp-json\/wp\/v2\/product\/31570\/revisions\/31573"}],"wp:featuredmedia":[{"embeddable":true,"href":"https:\/\/www.freeshopfrontiera.ch\/de\/wp-json\/wp\/v2\/media\/31566"}],"wp:attachment":[{"href":"https:\/\/www.freeshopfrontiera.ch\/de\/wp-json\/wp\/v2\/media?parent=31570"}],"wp:term":[{"taxonomy":"pwb-brand","embeddable":true,"href":"https:\/\/www.freeshopfrontiera.ch\/de\/wp-json\/wp\/v2\/pwb-brand?post=31570"},{"taxonomy":"product_brand","embeddable":true,"href":"https:\/\/www.freeshopfrontiera.ch\/de\/wp-json\/wp\/v2\/product_brand?post=31570"},{"taxonomy":"product_cat","embeddable":true,"href":"https:\/\/www.freeshopfrontiera.ch\/de\/wp-json\/wp\/v2\/product_cat?post=31570"},{"taxonomy":"product_tag","embeddable":true,"href":"https:\/\/www.freeshopfrontiera.ch\/de\/wp-json\/wp\/v2\/product_tag?post=31570"}],"curies":[{"name":"wp","href":"https:\/\/api.w.org\/{rel}","templated":true}]}}