{"id":31590,"date":"2025-05-30T11:44:34","date_gmt":"2025-05-30T11:44:34","guid":{"rendered":"https:\/\/www.freeshopfrontiera.ch\/shop\/yves-saint-laurent-libre-leau-nue-parfum-de-peau\/"},"modified":"2025-05-30T12:41:20","modified_gmt":"2025-05-30T12:41:20","slug":"yves-saint-laurent-libre-leau-nue-parfum-de-peau","status":"publish","type":"product","link":"https:\/\/www.freeshopfrontiera.ch\/de\/shop\/yves-saint-laurent-libre-leau-nue-parfum-de-peau\/","title":{"rendered":"YVES SAINT LAURENT Libre L&#8217;Eau Nue Parfum De Peau"},"content":{"rendered":"<h3 data-start=\"150\" data-end=\"212\"><strong data-start=\"154\" data-end=\"212\">YVES SAINT LAURENT Libre L&#8217;Eau Nue Parfum De Peau\u00a0<\/strong><\/h3>\n<p data-start=\"4182\" data-end=\"4496\">Erleben Sie die moderne Frische von <strong data-start=\"4218\" data-end=\"4252\">Libre L\u2019Eau Nue Parfum De Peau<\/strong> von <strong data-start=\"4257\" data-end=\"4279\">Yves Saint Laurent<\/strong> \u2013 ein innovativer Duft, der Freiheit, Sinnlichkeit und die Nat\u00fcrlichkeit nackter Haut feiert. Dieses Eau de Parfum wurde f\u00fcr selbstbewusste, elegante Frauen entwickelt, die sich mit St\u00e4rke und Stil ausdr\u00fccken wollen.<\/p>\n<p data-start=\"4498\" data-end=\"4933\">Die Kopfnote er\u00f6ffnet mit einem belebenden Akkord aus Mandarine und Grapefruit \u2013 spritzig, fruchtig, energetisch. Im Herzen bl\u00fchen Orangenbl\u00fcte und Lavendel, das ikonische Duo der Libre-Linie, das Weiblichkeit und Unabh\u00e4ngigkeit in perfekter Harmonie vereint. Die Basisnoten aus wei\u00dfem Moschus und zarten Hautakkorden verleihen dem Duft eine weiche Tiefe und hinterlassen eine sanfte, lang anhaltende Spur wie eine z\u00e4rtliche Ber\u00fchrung.<\/p>\n<p data-start=\"4935\" data-end=\"5176\">Ideal f\u00fcr den Alltag und besonders f\u00fcr warme Tage, bietet dieser Duft eine raffinierte Frische mit einem unverwechselbaren Charakter. Der elegante Flakon spiegelt das zeitlose Design und den modernen Geist der Marke Yves Saint Laurent wider.<\/p>\n<p data-start=\"5178\" data-end=\"5345\"><strong data-start=\"5178\" data-end=\"5197\">Libre L\u2019Eau Nue<\/strong> ist mehr als ein Parfum \u2013 es ist ein Ausdruck von Freiheit und Selbstbestimmung, f\u00fcr Frauen, die sich mit Stil und Selbstbewusstsein zeigen wollen.<\/p>\n<p data-start=\"1431\" data-end=\"1695\">Follow us! <a href=\"https:\/\/www.instagram.com\/freeshopswiss\/\" target=\"_blank\" rel=\"noopener\">@freeshopswiss<\/a><\/p>\n","protected":false},"excerpt":{"rendered":"<p>YVES SAINT LAURENT Libre L&#8217;Eau Nue Parfum De Peau\u00a0 Erleben Sie die moderne Frische von Libre L\u2019Eau Nue Parfum De Peau von Yves Saint Laurent \u2013 ein innovativer Duft, der Freiheit, Sinnlichkeit und die Nat\u00fcrlichkeit nackter Haut feiert. Dieses Eau de Parfum wurde f\u00fcr selbstbewusste, elegante Frauen entwickelt, die sich mit St\u00e4rke und Stil ausdr\u00fccken [&hellip;]<\/p>\n","protected":false},"featured_media":31582,"comment_status":"open","ping_status":"closed","template":"","meta":[],"pwb-brand":[268],"product_brand":[],"product_cat":[84,111],"product_tag":[790,952,254,293,5051],"class_list":{"0":"post-31590","1":"product","2":"type-product","3":"status-publish","4":"has-post-thumbnail","6":"pwb-brand-yves-saint-laurent","7":"product_cat-duefte","8":"product_cat-fur-sie-de","9":"product_tag-womens-fragrances-de","10":"product_tag-profumi-de","11":"product_tag-eau-de-parfum-de","12":"product_tag-frau","13":"product_tag-muttertag","15":"first","16":"instock","17":"sale","18":"taxable","19":"shipping-taxable","20":"purchasable","21":"product-type-simple"},"brands":[{"id":268,"name":"Yves Saint Laurent","slug":"yves-saint-laurent"}],"_links":{"self":[{"href":"https:\/\/www.freeshopfrontiera.ch\/de\/wp-json\/wp\/v2\/product\/31590","targetHints":{"allow":["GET"]}}],"collection":[{"href":"https:\/\/www.freeshopfrontiera.ch\/de\/wp-json\/wp\/v2\/product"}],"about":[{"href":"https:\/\/www.freeshopfrontiera.ch\/de\/wp-json\/wp\/v2\/types\/product"}],"replies":[{"embeddable":true,"href":"https:\/\/www.freeshopfrontiera.ch\/de\/wp-json\/wp\/v2\/comments?post=31590"}],"version-history":[{"count":1,"href":"https:\/\/www.freeshopfrontiera.ch\/de\/wp-json\/wp\/v2\/product\/31590\/revisions"}],"predecessor-version":[{"id":31597,"href":"https:\/\/www.freeshopfrontiera.ch\/de\/wp-json\/wp\/v2\/product\/31590\/revisions\/31597"}],"wp:featuredmedia":[{"embeddable":true,"href":"https:\/\/www.freeshopfrontiera.ch\/de\/wp-json\/wp\/v2\/media\/31582"}],"wp:attachment":[{"href":"https:\/\/www.freeshopfrontiera.ch\/de\/wp-json\/wp\/v2\/media?parent=31590"}],"wp:term":[{"taxonomy":"pwb-brand","embeddable":true,"href":"https:\/\/www.freeshopfrontiera.ch\/de\/wp-json\/wp\/v2\/pwb-brand?post=31590"},{"taxonomy":"product_brand","embeddable":true,"href":"https:\/\/www.freeshopfrontiera.ch\/de\/wp-json\/wp\/v2\/product_brand?post=31590"},{"taxonomy":"product_cat","embeddable":true,"href":"https:\/\/www.freeshopfrontiera.ch\/de\/wp-json\/wp\/v2\/product_cat?post=31590"},{"taxonomy":"product_tag","embeddable":true,"href":"https:\/\/www.freeshopfrontiera.ch\/de\/wp-json\/wp\/v2\/product_tag?post=31590"}],"curies":[{"name":"wp","href":"https:\/\/api.w.org\/{rel}","templated":true}]}}