{"id":31803,"date":"2025-06-02T12:37:11","date_gmt":"2025-06-02T12:37:11","guid":{"rendered":"https:\/\/www.freeshopfrontiera.ch\/shop\/tom-ford-eau-de-soleil-blanc-eau-de-toilette\/"},"modified":"2025-07-29T08:24:17","modified_gmt":"2025-07-29T08:24:17","slug":"tom-ford-eau-de-soleil-blanc-eau-de-toilette","status":"publish","type":"product","link":"https:\/\/www.freeshopfrontiera.ch\/de\/shop\/tom-ford-eau-de-soleil-blanc-eau-de-toilette\/","title":{"rendered":"TOM FORD Eau De Soleil Blanc Eau de Toilette"},"content":{"rendered":"<h3 data-start=\"1854\" data-end=\"1920\"><strong data-start=\"1863\" data-end=\"1920\">TOM FORD Eau De Soleil Blanc Eau de Toilette\u00a0<\/strong><\/h3>\n<p data-start=\"1922\" data-end=\"2280\">Entdecken Sie die sonnige und luxuri\u00f6se Eleganz von <strong data-start=\"1974\" data-end=\"2006\">TOM FORD Eau De Soleil Blanc<\/strong>, dem Eau de Toilette, das die lebendige Essenz exotischer Inseln einf\u00e4ngt. Inspiriert vom ikonischen Duft Soleil Blanc ist diese leichtere und spritzigere Version ideal f\u00fcr alle, die einen frischen, raffinierten und sinnlichen Duft suchen \u2013 perfekt f\u00fcr Fr\u00fchling und Sommer.<\/p>\n<p data-start=\"2282\" data-end=\"2744\">Beim ersten Spr\u00fchen verf\u00fchrt Eau De Soleil Blanc mit einer leuchtenden Explosion aus <strong data-start=\"2367\" data-end=\"2393\">spritzigen Zitrusnoten<\/strong> wie Bergamotte, Bitterorange und Petitgrain. Im Herzen entfaltet sich eine cremige und sinnliche Symphonie aus <strong data-start=\"2505\" data-end=\"2522\">wei\u00dfen Bl\u00fcten<\/strong>, <strong data-start=\"2524\" data-end=\"2539\">Ylang-Ylang<\/strong>, <strong data-start=\"2541\" data-end=\"2551\">Jasmin<\/strong> und <strong data-start=\"2556\" data-end=\"2568\">Tuberose<\/strong>, w\u00e4hrend die Basis mit umh\u00fcllenden Noten von <strong data-start=\"2614\" data-end=\"2627\">Kokosnuss<\/strong>, <strong data-start=\"2629\" data-end=\"2638\">Amber<\/strong>, <strong data-start=\"2640\" data-end=\"2651\">Vanille<\/strong> und <strong data-start=\"2656\" data-end=\"2670\">Tonkabohne<\/strong> w\u00e4rmt und eine raffinierte, langanhaltende Spur auf der Haut hinterl\u00e4sst.<\/p>\n<p data-start=\"2746\" data-end=\"3041\">Die elegante und transparente Komposition dieses Eau de Toilette dr\u00fcckt die Perfektion sonnengek\u00fcsster Haut aus und verk\u00f6rpert die Balance zwischen W\u00e4rme und Frische. <strong data-start=\"2913\" data-end=\"2945\">TOM FORD Eau De Soleil Blanc<\/strong> ist ein <strong data-start=\"2954\" data-end=\"2969\">unisex Duft<\/strong>, der den unbeschwerten Luxus eines tropischen Paradieses widerspiegelt.<\/p>\n<p data-start=\"3043\" data-end=\"3193\">Pr\u00e4sentiert in einem ikonischen, durchscheinenden wei\u00dfen Flakon mit goldenen Details \u2013 ein Must-have f\u00fcr alle, die exklusive und moderne D\u00fcfte lieben.<\/p>\n<p data-start=\"3195\" data-end=\"3328\">Perfekt f\u00fcr jede Gelegenheit, vom Tag in der Stadt bis zum Abend am Meer \u2013 dieser Duft begleitet Sie mit Klasse und Stil \u00fcberall hin.<\/p>\n<p data-start=\"1493\" data-end=\"1627\">Follow us! <a href=\"https:\/\/www.instagram.com\/freeshopswiss\/\" target=\"_blank\" rel=\"noopener\">@freeshopswiss<\/a><\/p>\n","protected":false},"excerpt":{"rendered":"<p>TOM FORD Eau De Soleil Blanc Eau de Toilette\u00a0 Entdecken Sie die sonnige und luxuri\u00f6se Eleganz von TOM FORD Eau De Soleil Blanc, dem Eau de Toilette, das die lebendige Essenz exotischer Inseln einf\u00e4ngt. Inspiriert vom ikonischen Duft Soleil Blanc ist diese leichtere und spritzigere Version ideal f\u00fcr alle, die einen frischen, raffinierten und sinnlichen [&hellip;]<\/p>\n","protected":false},"featured_media":31777,"comment_status":"open","ping_status":"closed","template":"","meta":[],"pwb-brand":[396],"product_brand":[],"product_cat":[84,111],"product_tag":[790,952,147,293,953,1642],"class_list":{"0":"post-31803","1":"product","2":"type-product","3":"status-publish","4":"has-post-thumbnail","6":"pwb-brand-tom-ford","7":"product_cat-duefte","8":"product_cat-fur-sie-de","9":"product_tag-womens-fragrances-de","10":"product_tag-profumi-de","11":"product_tag-eau-de-toilette-de","12":"product_tag-frau","13":"product_tag-uomo-de","14":"product_tag-mens-fragrances-de","16":"first","17":"instock","18":"sale","19":"taxable","20":"shipping-taxable","21":"purchasable","22":"product-type-variable"},"brands":[{"id":396,"name":"Tom Ford","slug":"tom-ford"}],"_links":{"self":[{"href":"https:\/\/www.freeshopfrontiera.ch\/de\/wp-json\/wp\/v2\/product\/31803","targetHints":{"allow":["GET"]}}],"collection":[{"href":"https:\/\/www.freeshopfrontiera.ch\/de\/wp-json\/wp\/v2\/product"}],"about":[{"href":"https:\/\/www.freeshopfrontiera.ch\/de\/wp-json\/wp\/v2\/types\/product"}],"replies":[{"embeddable":true,"href":"https:\/\/www.freeshopfrontiera.ch\/de\/wp-json\/wp\/v2\/comments?post=31803"}],"version-history":[{"count":2,"href":"https:\/\/www.freeshopfrontiera.ch\/de\/wp-json\/wp\/v2\/product\/31803\/revisions"}],"predecessor-version":[{"id":31812,"href":"https:\/\/www.freeshopfrontiera.ch\/de\/wp-json\/wp\/v2\/product\/31803\/revisions\/31812"}],"wp:featuredmedia":[{"embeddable":true,"href":"https:\/\/www.freeshopfrontiera.ch\/de\/wp-json\/wp\/v2\/media\/31777"}],"wp:attachment":[{"href":"https:\/\/www.freeshopfrontiera.ch\/de\/wp-json\/wp\/v2\/media?parent=31803"}],"wp:term":[{"taxonomy":"pwb-brand","embeddable":true,"href":"https:\/\/www.freeshopfrontiera.ch\/de\/wp-json\/wp\/v2\/pwb-brand?post=31803"},{"taxonomy":"product_brand","embeddable":true,"href":"https:\/\/www.freeshopfrontiera.ch\/de\/wp-json\/wp\/v2\/product_brand?post=31803"},{"taxonomy":"product_cat","embeddable":true,"href":"https:\/\/www.freeshopfrontiera.ch\/de\/wp-json\/wp\/v2\/product_cat?post=31803"},{"taxonomy":"product_tag","embeddable":true,"href":"https:\/\/www.freeshopfrontiera.ch\/de\/wp-json\/wp\/v2\/product_tag?post=31803"}],"curies":[{"name":"wp","href":"https:\/\/api.w.org\/{rel}","templated":true}]}}