{"id":31891,"date":"2025-06-11T09:25:48","date_gmt":"2025-06-11T09:25:48","guid":{"rendered":"https:\/\/www.freeshopfrontiera.ch\/shop\/yves-saint-laurent-set-black-opium\/"},"modified":"2026-01-11T21:27:10","modified_gmt":"2026-01-11T21:27:10","slug":"yves-saint-laurent-set-black-opium","status":"publish","type":"product","link":"https:\/\/www.freeshopfrontiera.ch\/de\/shop\/yves-saint-laurent-set-black-opium\/","title":{"rendered":"YVES SAINT LAURENT SET Black Opium"},"content":{"rendered":"<p data-start=\"1423\" data-end=\"1608\">Feiern Sie die Magie der Feiertagssaison 2025 mit dem <strong data-start=\"1477\" data-end=\"1529\">YVES SAINT LAURENT Black Opium Eau de Parfum Set<\/strong>, einer exklusiven Edition, die Couture-Eleganz und moderne K\u00fchnheit vereint.<\/p>\n<p data-start=\"1610\" data-end=\"2075\">Dieses edle Set enth\u00e4lt das ikonische <strong data-start=\"1648\" data-end=\"1683\">Black Opium Eau de Parfum 50 ml<\/strong> sowie eine <strong data-start=\"1695\" data-end=\"1726\">praktische 10 ml Reisegr\u00f6\u00dfe<\/strong>, damit Sie den unverwechselbaren Duft \u00fcberallhin mitnehmen k\u00f6nnen. Die Duftkomposition, Sinnbild freier und leidenschaftlicher Weiblichkeit, vereint den <strong data-start=\"1880\" data-end=\"1922\">intensiven Akkord von schwarzem Kaffee<\/strong>, die <strong data-start=\"1928\" data-end=\"1964\">strahlende Frische wei\u00dfer Bl\u00fcten<\/strong> und die <strong data-start=\"1973\" data-end=\"2009\">verf\u00fchrerische W\u00e4rme von Vanille<\/strong> zu einem sinnlichen, energiegeladenen und unvergesslichen Duft.<\/p>\n<p data-start=\"2077\" data-end=\"2362\">Abgerundet wird das Set durch die <strong data-start=\"2111\" data-end=\"2138\">Mini Lash Clash Mascara<\/strong>, die f\u00fcr ein intensives, verf\u00fchrerisches Augen-Make-up sorgt. Ihre innovative Formel verleiht <strong data-start=\"2233\" data-end=\"2253\">extremes Volumen<\/strong>, <strong data-start=\"2255\" data-end=\"2277\">spektakul\u00e4re L\u00e4nge<\/strong> und <strong data-start=\"2282\" data-end=\"2306\">langanhaltenden Halt<\/strong> \u2013 perfekt f\u00fcr festliche N\u00e4chte und besondere Anl\u00e4sse.<\/p>\n<p data-start=\"2364\" data-end=\"2523\">In einer <strong data-start=\"2373\" data-end=\"2408\">luxuri\u00f6sen, geb\u00fcrsteten Goldbox<\/strong> pr\u00e4sentiert, ist dieses Set ein echtes Sammlerst\u00fcck f\u00fcr alle, die Stil, Selbstbewusstsein und Raffinesse lieben.<\/p>\n<p data-start=\"2525\" data-end=\"2723\">Das <strong data-start=\"2529\" data-end=\"2560\">YSL Black Opium Geschenkset<\/strong> ist das ideale Pr\u00e4sent f\u00fcr die Feiertage \u2013 eine perfekte Kombination aus <strong data-start=\"2634\" data-end=\"2671\">Glamour, Sinnlichkeit und Eleganz<\/strong>, die den Geist von Yves Saint Laurent verk\u00f6rpert.<\/p>\n<p data-start=\"1515\" data-end=\"1676\">Follow us! <a href=\"https:\/\/www.instagram.com\/freeshopswiss\/\" target=\"_blank\" rel=\"noopener\">@freeshopswiss<\/a><\/p>\n","protected":false},"excerpt":{"rendered":"<p>Feiern Sie die Magie der Feiertagssaison 2025 mit dem <strong data-start=\"1477\" data-end=\"1529\">YVES SAINT LAURENT Black Opium Eau de Parfum Set<\/strong>, einer exklusiven Edition, die Couture-Eleganz und moderne K\u00fchnheit vereint.<\/p>\n","protected":false},"featured_media":36207,"comment_status":"open","ping_status":"closed","template":"","meta":[],"pwb-brand":[268],"product_brand":[],"product_cat":[144,84,111,485],"product_tag":[293,462,460],"class_list":{"0":"post-31891","1":"product","2":"type-product","3":"status-publish","4":"has-post-thumbnail","6":"pwb-brand-yves-saint-laurent","7":"product_cat-bietet","8":"product_cat-duefte","9":"product_cat-fur-sie-de","10":"product_cat-geschenkbox","11":"product_tag-frau","12":"product_tag-geschenkset-fuer-damen","13":"product_tag-parfuem-geschenkset","15":"first","16":"outofstock","17":"sale","18":"taxable","19":"shipping-taxable","20":"purchasable","21":"product-type-simple"},"brands":[{"id":268,"name":"Yves Saint Laurent","slug":"yves-saint-laurent"}],"_links":{"self":[{"href":"https:\/\/www.freeshopfrontiera.ch\/de\/wp-json\/wp\/v2\/product\/31891","targetHints":{"allow":["GET"]}}],"collection":[{"href":"https:\/\/www.freeshopfrontiera.ch\/de\/wp-json\/wp\/v2\/product"}],"about":[{"href":"https:\/\/www.freeshopfrontiera.ch\/de\/wp-json\/wp\/v2\/types\/product"}],"replies":[{"embeddable":true,"href":"https:\/\/www.freeshopfrontiera.ch\/de\/wp-json\/wp\/v2\/comments?post=31891"}],"version-history":[{"count":3,"href":"https:\/\/www.freeshopfrontiera.ch\/de\/wp-json\/wp\/v2\/product\/31891\/revisions"}],"predecessor-version":[{"id":36211,"href":"https:\/\/www.freeshopfrontiera.ch\/de\/wp-json\/wp\/v2\/product\/31891\/revisions\/36211"}],"wp:featuredmedia":[{"embeddable":true,"href":"https:\/\/www.freeshopfrontiera.ch\/de\/wp-json\/wp\/v2\/media\/36207"}],"wp:attachment":[{"href":"https:\/\/www.freeshopfrontiera.ch\/de\/wp-json\/wp\/v2\/media?parent=31891"}],"wp:term":[{"taxonomy":"pwb-brand","embeddable":true,"href":"https:\/\/www.freeshopfrontiera.ch\/de\/wp-json\/wp\/v2\/pwb-brand?post=31891"},{"taxonomy":"product_brand","embeddable":true,"href":"https:\/\/www.freeshopfrontiera.ch\/de\/wp-json\/wp\/v2\/product_brand?post=31891"},{"taxonomy":"product_cat","embeddable":true,"href":"https:\/\/www.freeshopfrontiera.ch\/de\/wp-json\/wp\/v2\/product_cat?post=31891"},{"taxonomy":"product_tag","embeddable":true,"href":"https:\/\/www.freeshopfrontiera.ch\/de\/wp-json\/wp\/v2\/product_tag?post=31891"}],"curies":[{"name":"wp","href":"https:\/\/api.w.org\/{rel}","templated":true}]}}