{"id":31980,"date":"2025-06-13T10:10:11","date_gmt":"2025-06-13T10:10:11","guid":{"rendered":"https:\/\/www.freeshopfrontiera.ch\/shop\/mixsoon-centella-sun-cream-50g\/"},"modified":"2025-10-06T21:41:23","modified_gmt":"2025-10-06T21:41:23","slug":"mixsoon-centella-sun-cream-50g","status":"publish","type":"product","link":"https:\/\/www.freeshopfrontiera.ch\/de\/shop\/mixsoon-centella-sun-cream-50g\/","title":{"rendered":"MIXSOON Centella Sun Cream 50g"},"content":{"rendered":"<p>Sch\u00fctzen und beruhigen Sie Ihre Haut t\u00e4glich mit der <strong data-start=\"1665\" data-end=\"1699\">MIXSOON Centella Sun Cream 50g<\/strong> \u2013 der leichten, feuchtigkeitsspendenden koreanischen Sonnencreme mit SPF50+ PA++++. Diese fortschrittliche Formel bietet einen zuverl\u00e4ssigen UVA- und UVB-Schutz und enth\u00e4lt <strong data-start=\"1873\" data-end=\"1894\">Centella Asiatica<\/strong>, bekannt f\u00fcr ihre beruhigenden, heilenden und entz\u00fcndungshemmenden Eigenschaften \u2013 ideal f\u00fcr empfindliche Haut. Die frische, seidige Textur zieht schnell ein, ohne wei\u00dfe R\u00fcckst\u00e4nde, Glanz oder ein schweres Gef\u00fchl zu hinterlassen, und eignet sich hervorragend als Make-up-Basis. Angereichert mit pflanzlichen Extrakten, frei von Alkohol, k\u00fcnstlichen Duftstoffen und reizenden Inhaltsstoffen, st\u00e4rkt die MIXSOON Centella Sun Cream die Hautbarriere und beugt R\u00f6tungen, Austrocknung und Sonnensch\u00e4den vor.<\/p>\n<p>Die perfekte Wahl f\u00fcr alle, die eine sanfte, aber effektive Sonnenpflege suchen, die die Haut sch\u00fctzt, pflegt und ihren nat\u00fcrlichen Glow bewahrt. Ganzj\u00e4hrig anwendbar und ideal in der koreanischen Skincare-Routine. Kompakte, praktische 50g-Tube \u2013 ideal auch f\u00fcr unterwegs.<\/p>\n<p>&nbsp;<\/p>\n<p>Follow us!\u00a0<a href=\"https:\/\/www.instagram.com\/freeshopswiss\/\" target=\"_blank\" rel=\"noopener\">@freeshopswiss<\/a><\/p>\n","protected":false},"excerpt":{"rendered":"<p>Sch\u00fctzen und beruhigen Sie Ihre Haut t\u00e4glich mit der MIXSOON Centella Sun Cream 50g \u2013 der leichten, feuchtigkeitsspendenden koreanischen Sonnencreme mit SPF50+ PA++++. Diese fortschrittliche Formel bietet einen zuverl\u00e4ssigen UVA- und UVB-Schutz und enth\u00e4lt Centella Asiatica, bekannt f\u00fcr ihre beruhigenden, heilenden und entz\u00fcndungshemmenden Eigenschaften \u2013 ideal f\u00fcr empfindliche Haut. Die frische, seidige Textur zieht schnell [&hellip;]<\/p>\n","protected":false},"featured_media":31976,"comment_status":"open","ping_status":"closed","template":"","meta":[],"pwb-brand":[299],"product_brand":[],"product_cat":[86,111,3769,425],"product_tag":[293,953,3612,554,492],"class_list":{"0":"post-31980","1":"product","2":"type-product","3":"status-publish","4":"has-post-thumbnail","6":"pwb-brand-mixsoon","7":"product_cat-fur-ihn-de","8":"product_cat-fur-sie-de","9":"product_cat-k-beauty-de","10":"product_cat-solari-de","11":"product_tag-frau","12":"product_tag-uomo-de","13":"product_tag-k-beauty-de","14":"product_tag-sonnenschutzcreme","15":"product_tag-sonnenschutzmittel","17":"first","18":"outofstock","19":"sale","20":"taxable","21":"shipping-taxable","22":"purchasable","23":"product-type-simple"},"brands":[{"id":299,"name":"Mixsoon","slug":"mixsoon"}],"_links":{"self":[{"href":"https:\/\/www.freeshopfrontiera.ch\/de\/wp-json\/wp\/v2\/product\/31980","targetHints":{"allow":["GET"]}}],"collection":[{"href":"https:\/\/www.freeshopfrontiera.ch\/de\/wp-json\/wp\/v2\/product"}],"about":[{"href":"https:\/\/www.freeshopfrontiera.ch\/de\/wp-json\/wp\/v2\/types\/product"}],"replies":[{"embeddable":true,"href":"https:\/\/www.freeshopfrontiera.ch\/de\/wp-json\/wp\/v2\/comments?post=31980"}],"version-history":[{"count":1,"href":"https:\/\/www.freeshopfrontiera.ch\/de\/wp-json\/wp\/v2\/product\/31980\/revisions"}],"predecessor-version":[{"id":31982,"href":"https:\/\/www.freeshopfrontiera.ch\/de\/wp-json\/wp\/v2\/product\/31980\/revisions\/31982"}],"wp:featuredmedia":[{"embeddable":true,"href":"https:\/\/www.freeshopfrontiera.ch\/de\/wp-json\/wp\/v2\/media\/31976"}],"wp:attachment":[{"href":"https:\/\/www.freeshopfrontiera.ch\/de\/wp-json\/wp\/v2\/media?parent=31980"}],"wp:term":[{"taxonomy":"pwb-brand","embeddable":true,"href":"https:\/\/www.freeshopfrontiera.ch\/de\/wp-json\/wp\/v2\/pwb-brand?post=31980"},{"taxonomy":"product_brand","embeddable":true,"href":"https:\/\/www.freeshopfrontiera.ch\/de\/wp-json\/wp\/v2\/product_brand?post=31980"},{"taxonomy":"product_cat","embeddable":true,"href":"https:\/\/www.freeshopfrontiera.ch\/de\/wp-json\/wp\/v2\/product_cat?post=31980"},{"taxonomy":"product_tag","embeddable":true,"href":"https:\/\/www.freeshopfrontiera.ch\/de\/wp-json\/wp\/v2\/product_tag?post=31980"}],"curies":[{"name":"wp","href":"https:\/\/api.w.org\/{rel}","templated":true}]}}