{"id":32313,"date":"2025-06-23T14:43:42","date_gmt":"2025-06-23T14:43:42","guid":{"rendered":"https:\/\/www.freeshopfrontiera.ch\/shop\/anua-heartleaf-quercetinol-pore-deep-cleansing-foam-150ml\/"},"modified":"2025-06-23T14:58:49","modified_gmt":"2025-06-23T14:58:49","slug":"anua-heartleaf-quercetinol-pore-deep-cleansing-foam-150ml","status":"publish","type":"product","link":"https:\/\/www.freeshopfrontiera.ch\/de\/shop\/anua-heartleaf-quercetinol-pore-deep-cleansing-foam-150ml\/","title":{"rendered":"ANUA Heartleaf Quercetinol Pore Deep Cleansing Foam 150ml"},"content":{"rendered":"<h3 data-start=\"1847\" data-end=\"1927\"><strong data-start=\"1856\" data-end=\"1927\">ANUA Heartleaf Quercetinol Pore Deep Cleansing Foam 150ml<\/strong><\/h3>\n<p data-start=\"1929\" data-end=\"2276\">Erlebe eine neue Art der Gesichtsreinigung mit dem <strong data-start=\"1980\" data-end=\"2035\">ANUA Heartleaf Quercetinol Pore Deep Cleansing Foam<\/strong>, dem koreanischen Cleanser f\u00fcr <strong data-start=\"2067\" data-end=\"2107\">sensible, unreine oder gereizte Haut<\/strong>. Die sanfte, aber wirksame Formel entfernt gr\u00fcndlich <strong data-start=\"2161\" data-end=\"2221\">Unreinheiten, \u00fcbersch\u00fcssigen Talg und Make-up-R\u00fcckst\u00e4nde<\/strong>, f\u00fcr ein frisches, klares und ausgeglichenes Hautbild.<\/p>\n<p data-start=\"2278\" data-end=\"2657\">Der Hauptwirkstoff ist <strong data-start=\"2301\" data-end=\"2335\">Heartleaf (Houttuynia Cordata)<\/strong>, eine Heilpflanze mit <strong data-start=\"2358\" data-end=\"2418\">beruhigender, entz\u00fcndungshemmender und kl\u00e4render Wirkung<\/strong>, die in der koreanischen Hautpflege sehr gesch\u00e4tzt wird. Angereichert mit <strong data-start=\"2493\" data-end=\"2509\">Quercetinol\u2122<\/strong>, einer potenten Form des nat\u00fcrlichen Antioxidans Quercetin, st\u00e4rkt der Cleanser die <strong data-start=\"2594\" data-end=\"2610\">Hautbarriere<\/strong>, beruhigt R\u00f6tungen und beugt Unreinheiten vor.<\/p>\n<p data-start=\"2659\" data-end=\"2893\">Der reichhaltige, cremige Schaum dringt tief in die Poren ein und reinigt gr\u00fcndlich, ohne die Haut auszutrocknen \u2013 ideal auch f\u00fcr empfindliche Hauttypen. Frei von aggressiven Sulfaten, Alkohol, k\u00fcnstlichen Duftstoffen und Mineral\u00f6len.<\/p>\n<p data-start=\"2895\" data-end=\"3150\">Perfekt f\u00fcr die t\u00e4gliche Anwendung: ANUA Heartleaf Quercetinol Cleansing Foam hinterl\u00e4sst die Haut <strong data-start=\"2994\" data-end=\"3042\">geschmeidig, strahlend und sichtbar ges\u00fcnder<\/strong>. Pflanzliche Extrakte und feuchtigkeitsspendende Wirkstoffe verhindern Spannungsgef\u00fchle nach der Reinigung.<\/p>\n<p data-start=\"1578\" data-end=\"1702\">Follow us!\u00a0<a href=\"https:\/\/www.instagram.com\/freeshopswiss\/\" target=\"_blank\" rel=\"noopener\">@freeshopswiss\u00a0<\/a><\/p>\n","protected":false},"excerpt":{"rendered":"<p>ANUA Heartleaf Quercetinol Pore Deep Cleansing Foam 150ml Erlebe eine neue Art der Gesichtsreinigung mit dem ANUA Heartleaf Quercetinol Pore Deep Cleansing Foam, dem koreanischen Cleanser f\u00fcr sensible, unreine oder gereizte Haut. Die sanfte, aber wirksame Formel entfernt gr\u00fcndlich Unreinheiten, \u00fcbersch\u00fcssigen Talg und Make-up-R\u00fcckst\u00e4nde, f\u00fcr ein frisches, klares und ausgeglichenes Hautbild. Der Hauptwirkstoff ist Heartleaf [&hellip;]<\/p>\n","protected":false},"featured_media":32305,"comment_status":"open","ping_status":"closed","template":"","meta":[],"pwb-brand":[1502],"product_brand":[],"product_cat":[292,111,546,3769],"product_tag":[419,293,300,3612],"class_list":{"0":"post-32313","1":"product","2":"type-product","3":"status-publish","4":"has-post-thumbnail","6":"pwb-brand-anua","7":"product_cat-behandlungen","8":"product_cat-fur-sie-de","9":"product_cat-gesichtsbehandlung","10":"product_cat-k-beauty-de","11":"product_tag-behandlungen-de","12":"product_tag-frau","13":"product_tag-gesichtsbehandlungen","14":"product_tag-k-beauty-de","16":"first","17":"outofstock","18":"sale","19":"taxable","20":"shipping-taxable","21":"purchasable","22":"product-type-simple"},"brands":[{"id":1502,"name":"Anua","slug":"anua"}],"_links":{"self":[{"href":"https:\/\/www.freeshopfrontiera.ch\/de\/wp-json\/wp\/v2\/product\/32313","targetHints":{"allow":["GET"]}}],"collection":[{"href":"https:\/\/www.freeshopfrontiera.ch\/de\/wp-json\/wp\/v2\/product"}],"about":[{"href":"https:\/\/www.freeshopfrontiera.ch\/de\/wp-json\/wp\/v2\/types\/product"}],"replies":[{"embeddable":true,"href":"https:\/\/www.freeshopfrontiera.ch\/de\/wp-json\/wp\/v2\/comments?post=32313"}],"version-history":[{"count":1,"href":"https:\/\/www.freeshopfrontiera.ch\/de\/wp-json\/wp\/v2\/product\/32313\/revisions"}],"predecessor-version":[{"id":32316,"href":"https:\/\/www.freeshopfrontiera.ch\/de\/wp-json\/wp\/v2\/product\/32313\/revisions\/32316"}],"wp:featuredmedia":[{"embeddable":true,"href":"https:\/\/www.freeshopfrontiera.ch\/de\/wp-json\/wp\/v2\/media\/32305"}],"wp:attachment":[{"href":"https:\/\/www.freeshopfrontiera.ch\/de\/wp-json\/wp\/v2\/media?parent=32313"}],"wp:term":[{"taxonomy":"pwb-brand","embeddable":true,"href":"https:\/\/www.freeshopfrontiera.ch\/de\/wp-json\/wp\/v2\/pwb-brand?post=32313"},{"taxonomy":"product_brand","embeddable":true,"href":"https:\/\/www.freeshopfrontiera.ch\/de\/wp-json\/wp\/v2\/product_brand?post=32313"},{"taxonomy":"product_cat","embeddable":true,"href":"https:\/\/www.freeshopfrontiera.ch\/de\/wp-json\/wp\/v2\/product_cat?post=32313"},{"taxonomy":"product_tag","embeddable":true,"href":"https:\/\/www.freeshopfrontiera.ch\/de\/wp-json\/wp\/v2\/product_tag?post=32313"}],"curies":[{"name":"wp","href":"https:\/\/api.w.org\/{rel}","templated":true}]}}