{"id":32327,"date":"2025-06-23T15:32:58","date_gmt":"2025-06-23T15:32:58","guid":{"rendered":"https:\/\/www.freeshopfrontiera.ch\/shop\/beauty-of-joseon-relief-sun-rice-probiotics-spf50-50ml\/"},"modified":"2025-06-23T15:41:12","modified_gmt":"2025-06-23T15:41:12","slug":"beauty-of-joseon-relief-sun-rice-probiotics-spf50-50ml","status":"publish","type":"product","link":"https:\/\/www.freeshopfrontiera.ch\/de\/shop\/beauty-of-joseon-relief-sun-rice-probiotics-spf50-50ml\/","title":{"rendered":"BEAUTY OF JOSEON Relief Sun Rice + Probiotics SPF50+ 50ml"},"content":{"rendered":"<h3 data-start=\"176\" data-end=\"247\">Beauty of Joseon Relief Sun: Rice + Probiotics SPF50+ PA++++ \u2013 50ml<\/h3>\n<p data-start=\"1939\" data-end=\"2349\">Entdecke eine Sonnenschutzpflege, die deine Haut wirklich verw\u00f6hnt: <strong data-start=\"2007\" data-end=\"2071\">Beauty of Joseon Relief Sun: Rice + Probiotics SPF50+ PA++++<\/strong> ist eine leichte, feuchtigkeitsspendende Sonnencreme aus Korea, ideal f\u00fcr den t\u00e4glichen Gebrauch. Geeignet f\u00fcr alle Hauttypen, auch f\u00fcr empfindliche Haut, vereint sie <strong data-start=\"2239\" data-end=\"2258\">hohen UV-Schutz<\/strong> mit n\u00e4hrenden und beruhigenden Inhaltsstoffen aus der traditionellen Hanbang-Kr\u00e4uterkunde.<\/p>\n<p data-start=\"2351\" data-end=\"2710\">Die cremige, aber nicht fettende Textur zieht schnell ein, ohne wei\u00dfen Film oder klebriges Gef\u00fchl zu hinterlassen. <strong data-start=\"2466\" data-end=\"2486\">30\u202f% Reisextrakt<\/strong>, reich an Aminos\u00e4uren, Vitaminen und Mineralien, spendet intensive Feuchtigkeit und sorgt f\u00fcr einen nat\u00fcrlichen Glow. <strong data-start=\"2605\" data-end=\"2632\">Fermentierte Probiotika<\/strong> st\u00e4rken die Hautbarriere, lindern R\u00f6tungen und f\u00f6rdern ein gesundes Hautbild.<\/p>\n<p data-start=\"2712\" data-end=\"3012\">Mit <strong data-start=\"2716\" data-end=\"2753\">SPF50+ und PA++++ Breitbandschutz<\/strong> sch\u00fctzt Relief Sun zuverl\u00e4ssig vor UVA- und UVB-Strahlen, beugt vorzeitiger Hautalterung, Pigmentflecken und t\u00e4glichen UV-Sch\u00e4den vor. Frei von Alkohol, Mineral\u00f6len, k\u00fcnstlichen Duftstoffen und Parabenen \u2013 auch ideal bei fettiger oder zu Akne neigender Haut.<\/p>\n<p data-start=\"3014\" data-end=\"3139\">Perfekt als letzter Schritt deiner morgendlichen Hautpflege \u2013 auch als Make-up-Grundlage dank ihres glatten, sanften Finishs.<\/p>\n<p data-start=\"1436\" data-end=\"1594\">Follow us!\u00a0<a href=\"https:\/\/www.instagram.com\/freeshopswiss\/\" target=\"_blank\" rel=\"noopener\">@freeshopswiss\u00a0<\/a><\/p>\n","protected":false},"excerpt":{"rendered":"<p>Beauty of Joseon Relief Sun: Rice + Probiotics SPF50+ PA++++ \u2013 50ml Entdecke eine Sonnenschutzpflege, die deine Haut wirklich verw\u00f6hnt: Beauty of Joseon Relief Sun: Rice + Probiotics SPF50+ PA++++ ist eine leichte, feuchtigkeitsspendende Sonnencreme aus Korea, ideal f\u00fcr den t\u00e4glichen Gebrauch. Geeignet f\u00fcr alle Hauttypen, auch f\u00fcr empfindliche Haut, vereint sie hohen UV-Schutz mit [&hellip;]<\/p>\n","protected":false},"featured_media":32323,"comment_status":"open","ping_status":"closed","template":"","meta":[],"pwb-brand":[574],"product_brand":[],"product_cat":[292,86,111,3769,425],"product_tag":[293,4349,4368,953,3612,554,492],"class_list":{"0":"post-32327","1":"product","2":"type-product","3":"status-publish","4":"has-post-thumbnail","6":"pwb-brand-beauty-of-joseon","7":"product_cat-behandlungen","8":"product_cat-fur-ihn-de","9":"product_cat-fur-sie-de","10":"product_cat-k-beauty-de","11":"product_cat-solari-de","12":"product_tag-frau","13":"product_tag-frauentag","14":"product_tag-fruehlingsspecial","15":"product_tag-uomo-de","16":"product_tag-k-beauty-de","17":"product_tag-sonnenschutzcreme","18":"product_tag-sonnenschutzmittel","20":"first","21":"instock","22":"sale","23":"taxable","24":"shipping-taxable","25":"purchasable","26":"product-type-simple"},"brands":[{"id":574,"name":"Beauty of Joseon","slug":"beauty-of-joseon"}],"_links":{"self":[{"href":"https:\/\/www.freeshopfrontiera.ch\/de\/wp-json\/wp\/v2\/product\/32327","targetHints":{"allow":["GET"]}}],"collection":[{"href":"https:\/\/www.freeshopfrontiera.ch\/de\/wp-json\/wp\/v2\/product"}],"about":[{"href":"https:\/\/www.freeshopfrontiera.ch\/de\/wp-json\/wp\/v2\/types\/product"}],"replies":[{"embeddable":true,"href":"https:\/\/www.freeshopfrontiera.ch\/de\/wp-json\/wp\/v2\/comments?post=32327"}],"version-history":[{"count":2,"href":"https:\/\/www.freeshopfrontiera.ch\/de\/wp-json\/wp\/v2\/product\/32327\/revisions"}],"predecessor-version":[{"id":32331,"href":"https:\/\/www.freeshopfrontiera.ch\/de\/wp-json\/wp\/v2\/product\/32327\/revisions\/32331"}],"wp:featuredmedia":[{"embeddable":true,"href":"https:\/\/www.freeshopfrontiera.ch\/de\/wp-json\/wp\/v2\/media\/32323"}],"wp:attachment":[{"href":"https:\/\/www.freeshopfrontiera.ch\/de\/wp-json\/wp\/v2\/media?parent=32327"}],"wp:term":[{"taxonomy":"pwb-brand","embeddable":true,"href":"https:\/\/www.freeshopfrontiera.ch\/de\/wp-json\/wp\/v2\/pwb-brand?post=32327"},{"taxonomy":"product_brand","embeddable":true,"href":"https:\/\/www.freeshopfrontiera.ch\/de\/wp-json\/wp\/v2\/product_brand?post=32327"},{"taxonomy":"product_cat","embeddable":true,"href":"https:\/\/www.freeshopfrontiera.ch\/de\/wp-json\/wp\/v2\/product_cat?post=32327"},{"taxonomy":"product_tag","embeddable":true,"href":"https:\/\/www.freeshopfrontiera.ch\/de\/wp-json\/wp\/v2\/product_tag?post=32327"}],"curies":[{"name":"wp","href":"https:\/\/api.w.org\/{rel}","templated":true}]}}