{"id":32523,"date":"2025-06-30T08:06:00","date_gmt":"2025-06-30T08:06:00","guid":{"rendered":"https:\/\/www.freeshopfrontiera.ch\/shop\/zadig-voltaire-this-is-her-burning-love\/"},"modified":"2025-06-30T08:11:38","modified_gmt":"2025-06-30T08:11:38","slug":"zadig-voltaire-this-is-her-burning-love","status":"publish","type":"product","link":"https:\/\/www.freeshopfrontiera.ch\/de\/shop\/zadig-voltaire-this-is-her-burning-love\/","title":{"rendered":"ZADIG &#038; VOLTAIRE This is Her! Burning Love"},"content":{"rendered":"<h3 data-start=\"2038\" data-end=\"2100\"><strong data-start=\"2038\" data-end=\"2100\">ZADIG &amp; VOLTAIRE \u2013 This is Her! Burning Love Eau de Parfum<\/strong><\/h3>\n<p data-start=\"2102\" data-end=\"3986\">ZADIG &amp; VOLTAIRE This is Her! Burning Love ist ein Duft, der die Essenz einer freien, mutigen und zutiefst femininen Frau einf\u00e4ngt. Eine sinnliche, moderne und provokante Komposition, geschaffen f\u00fcr alle, die leidenschaftlich und kompromisslos leben. Mit seinem rebellischen Rock-Spirit umh\u00fcllt Burning Love die Sinne in einer warmen und unwiderstehlichen Duftexplosion, in der S\u00fc\u00dfe auf St\u00e4rke trifft und Sanftheit mit Charakter verschmilzt.<\/p>\n<p data-start=\"2102\" data-end=\"3986\">Der Auftakt ist lebhaft und w\u00fcrzig \u2013 mit einem spritzigen Hauch von rosa Pfeffer, sanft abgerundet durch die strahlende Eleganz von Orangenbl\u00fcte, einem Symbol f\u00fcr Anmut und Weiblichkeit. Im Herzen entfaltet sich eine k\u00f6stlich-gourmandige Kombination: ger\u00f6stete Kastanie vereint sich mit weicher Vanillecreme zu einem cremigen, umh\u00fcllenden und absolut einzigartigen Dufterlebnis. In der Basis sorgen Sandelholz und Patchouli f\u00fcr eine tiefe, warme und sinnliche Signatur, die lange auf der Haut nachklingt. Dieses Parfum ist ideal f\u00fcr Frauen, die mit Eleganz auffallen m\u00f6chten, einen bleibenden Eindruck hinterlassen und ihre Pers\u00f6nlichkeit stilvoll zum Ausdruck bringen wollen. Perfekt f\u00fcr die k\u00fchleren Jahreszeiten oder besondere Abende \u2013 oder einfach immer dann, wenn man sich kraftvoll und unwiderstehlich f\u00fchlen m\u00f6chte. Der Flakon mit seinem minimalistischen und markanten Design spiegelt die Identit\u00e4t des Duftes perfekt wider: feminin und dennoch kantig, s\u00fc\u00df und zugleich intensiv, leuchtend und gleichzeitig tiefgr\u00fcndig.<\/p>\n<p data-start=\"2102\" data-end=\"3986\">This is Her! Burning Love ist mehr als nur ein Parfum: Es ist eine Liebeserkl\u00e4rung an sich selbst, eine Ode an die Freiheit, authentisch, leidenschaftlich und einzigartig zu sein. Duftfamilie: holzig gourmand. Hauptnoten: rosa Pfeffer, Orangenbl\u00fcte, Kastanie, Vanillecreme, Sandelholz, Patchouli. Format: Eau de Parfum \u2013 langanhaltend. Ein Duft, der w\u00e4rmt, verf\u00fchrt und die Sinne entfacht \u2013 einfach unwiderstehlich.<\/p>\n<p data-start=\"208\" data-end=\"2032\">Follow us!\u00a0<a href=\"https:\/\/www.instagram.com\/freeshopswiss\/\" target=\"_blank\" rel=\"noopener\">@freeshopswiss\u00a0<\/a><\/p>\n","protected":false},"excerpt":{"rendered":"<p>ZADIG &amp; VOLTAIRE \u2013 This is Her! Burning Love Eau de Parfum ZADIG &amp; VOLTAIRE This is Her! Burning Love ist ein Duft, der die Essenz einer freien, mutigen und zutiefst femininen Frau einf\u00e4ngt. Eine sinnliche, moderne und provokante Komposition, geschaffen f\u00fcr alle, die leidenschaftlich und kompromisslos leben. Mit seinem rebellischen Rock-Spirit umh\u00fcllt Burning Love [&hellip;]<\/p>\n","protected":false},"featured_media":32514,"comment_status":"open","ping_status":"closed","template":"","meta":[],"pwb-brand":[390],"product_brand":[],"product_cat":[84,111],"product_tag":[952,254,293],"class_list":{"0":"post-32523","1":"product","2":"type-product","3":"status-publish","4":"has-post-thumbnail","6":"pwb-brand-zadig-voltaire","7":"product_cat-duefte","8":"product_cat-fur-sie-de","9":"product_tag-profumi-de","10":"product_tag-eau-de-parfum-de","11":"product_tag-frau","13":"first","14":"instock","15":"sale","16":"taxable","17":"shipping-taxable","18":"purchasable","19":"product-type-variable","20":"has-default-attributes"},"brands":[{"id":390,"name":"ZADIG &amp; VOLTAIRE","slug":"zadig-voltaire"}],"_links":{"self":[{"href":"https:\/\/www.freeshopfrontiera.ch\/de\/wp-json\/wp\/v2\/product\/32523","targetHints":{"allow":["GET"]}}],"collection":[{"href":"https:\/\/www.freeshopfrontiera.ch\/de\/wp-json\/wp\/v2\/product"}],"about":[{"href":"https:\/\/www.freeshopfrontiera.ch\/de\/wp-json\/wp\/v2\/types\/product"}],"replies":[{"embeddable":true,"href":"https:\/\/www.freeshopfrontiera.ch\/de\/wp-json\/wp\/v2\/comments?post=32523"}],"version-history":[{"count":1,"href":"https:\/\/www.freeshopfrontiera.ch\/de\/wp-json\/wp\/v2\/product\/32523\/revisions"}],"predecessor-version":[{"id":32529,"href":"https:\/\/www.freeshopfrontiera.ch\/de\/wp-json\/wp\/v2\/product\/32523\/revisions\/32529"}],"wp:featuredmedia":[{"embeddable":true,"href":"https:\/\/www.freeshopfrontiera.ch\/de\/wp-json\/wp\/v2\/media\/32514"}],"wp:attachment":[{"href":"https:\/\/www.freeshopfrontiera.ch\/de\/wp-json\/wp\/v2\/media?parent=32523"}],"wp:term":[{"taxonomy":"pwb-brand","embeddable":true,"href":"https:\/\/www.freeshopfrontiera.ch\/de\/wp-json\/wp\/v2\/pwb-brand?post=32523"},{"taxonomy":"product_brand","embeddable":true,"href":"https:\/\/www.freeshopfrontiera.ch\/de\/wp-json\/wp\/v2\/product_brand?post=32523"},{"taxonomy":"product_cat","embeddable":true,"href":"https:\/\/www.freeshopfrontiera.ch\/de\/wp-json\/wp\/v2\/product_cat?post=32523"},{"taxonomy":"product_tag","embeddable":true,"href":"https:\/\/www.freeshopfrontiera.ch\/de\/wp-json\/wp\/v2\/product_tag?post=32523"}],"curies":[{"name":"wp","href":"https:\/\/api.w.org\/{rel}","templated":true}]}}