{"id":32557,"date":"2025-06-30T13:40:01","date_gmt":"2025-06-30T13:40:01","guid":{"rendered":"https:\/\/www.freeshopfrontiera.ch\/shop\/gianni-versace-eau-fraiche-extreme-pour-homme\/"},"modified":"2026-03-09T10:15:41","modified_gmt":"2026-03-09T10:15:41","slug":"gianni-versace-eau-fraiche-extreme-pour-homme","status":"publish","type":"product","link":"https:\/\/www.freeshopfrontiera.ch\/de\/shop\/gianni-versace-eau-fraiche-extreme-pour-homme\/","title":{"rendered":"VERSACE Eau Fraiche Extreme Pour Homme"},"content":{"rendered":"<p data-start=\"152\" data-end=\"308\"><strong data-start=\"152\" data-end=\"306\">Entdecken Sie Eau Fra\u00eeche Extreme Pour Homme von Versace \u2013 ein Duft, der absolute Frische und die k\u00fchne Eleganz des modernen Mannes verk\u00f6rpert.<\/strong><\/p>\n<p data-start=\"310\" data-end=\"536\">Dieses Eau de Parfum ist eine intensivere und raffiniertere Neuinterpretation des ber\u00fchmten Versace Man Eau Fra\u00eeche \u2013 geschaffen f\u00fcr M\u00e4nner, die Pers\u00f6nlichkeit, Selbstbewusstsein und einen makellosen Stil ausdr\u00fccken m\u00f6chten.<\/p>\n<p data-start=\"538\" data-end=\"823\">Der Duft er\u00f6ffnet mit einer spritzigen Zitrus-Explosion, in der Zitrone, Bergamotte und Karambola in einem lebhaften, belebenden Bouquet verschmelzen. Frische aquatische Noten verst\u00e4rken diesen Eindruck und erinnern an die Reinheit des Meeres und die Freiheit einer mediterranen Brise.<\/p>\n<p data-start=\"825\" data-end=\"1249\">Im Herzen entfaltet sich die Komposition mit einer strukturierten Mischung aus schwarzem Pfeffer, der Charakter und Energie verleiht. Aromatische Noten von Salbei und edlem Zedernholz sorgen f\u00fcr Balance und Tiefe. Diese Herznote strahlt Kraft und Ausgewogenheit aus \u2013 leicht und dennoch markant. Die marinen Akzente bringen zudem eine frische, mineralische Dimension ein, die den modernen Charakter des Duftes unterstreicht.<\/p>\n<p data-start=\"1251\" data-end=\"1539\">Die Basisnote ist warm und umh\u00fcllend: Wei\u00dfer Moschus, Amber und Sykomorenholz verleihen dem Duft Tiefe und langanhaltende Pr\u00e4senz. Der Duftverlauf auf der Haut ist klar, sinnlich und perfekt ausbalanciert \u2013 ideal f\u00fcr jeden Moment des Tages, vom Business-Meeting bis zum entspannten Abend.<\/p>\n<p data-start=\"1541\" data-end=\"1826\"><strong data-start=\"1541\" data-end=\"1706\">Versace Eau Fra\u00eeche Extreme Pour Homme ist mehr als nur ein Parfum \u2013 es ist ein Ausdruck von zeitgem\u00e4\u00dfem Stil, markanter Frische und nat\u00fcrlichem Charisma.<\/strong><br data-start=\"1706\" data-end=\"1709\" \/>Ein olfaktorischer Begleiter f\u00fcr M\u00e4nner, die selbst in ihrer schlichtesten Form nicht auf Eleganz verzichten m\u00f6chten.<\/p>\n<p data-start=\"1582\" data-end=\"1849\">Follow us!\u00a0<a href=\"https:\/\/www.instagram.com\/freeshopswiss\/\" target=\"_blank\" rel=\"noopener\">@freeshopswiss\u00a0<\/a><\/p>\n","protected":false},"excerpt":{"rendered":"<p>Entdecken Sie Eau Fra\u00eeche Extreme Pour Homme von Versace \u2013 ein Duft, der absolute Frische und die k\u00fchne Eleganz des modernen Mannes verk\u00f6rpert. Dieses Eau de Parfum ist eine intensivere und raffiniertere Neuinterpretation des ber\u00fchmten Versace Man Eau Fra\u00eeche \u2013 geschaffen f\u00fcr M\u00e4nner, die Pers\u00f6nlichkeit, Selbstbewusstsein und einen makellosen Stil ausdr\u00fccken m\u00f6chten. Der Duft er\u00f6ffnet [&hellip;]<\/p>\n","protected":false},"featured_media":32539,"comment_status":"open","ping_status":"closed","template":"","meta":[],"pwb-brand":[124],"product_brand":[],"product_cat":[84,86],"product_tag":[952,254,4368,953,1642],"class_list":{"0":"post-32557","1":"product","2":"type-product","3":"status-publish","4":"has-post-thumbnail","6":"pwb-brand-versace","7":"product_cat-duefte","8":"product_cat-fur-ihn-de","9":"product_tag-profumi-de","10":"product_tag-eau-de-parfum-de","11":"product_tag-fruehlingsspecial","12":"product_tag-uomo-de","13":"product_tag-mens-fragrances-de","15":"first","16":"instock","17":"sale","18":"taxable","19":"shipping-taxable","20":"purchasable","21":"product-type-variable","22":"has-default-attributes"},"brands":[{"id":124,"name":"Versace","slug":"versace"}],"_links":{"self":[{"href":"https:\/\/www.freeshopfrontiera.ch\/de\/wp-json\/wp\/v2\/product\/32557","targetHints":{"allow":["GET"]}}],"collection":[{"href":"https:\/\/www.freeshopfrontiera.ch\/de\/wp-json\/wp\/v2\/product"}],"about":[{"href":"https:\/\/www.freeshopfrontiera.ch\/de\/wp-json\/wp\/v2\/types\/product"}],"replies":[{"embeddable":true,"href":"https:\/\/www.freeshopfrontiera.ch\/de\/wp-json\/wp\/v2\/comments?post=32557"}],"version-history":[{"count":4,"href":"https:\/\/www.freeshopfrontiera.ch\/de\/wp-json\/wp\/v2\/product\/32557\/revisions"}],"predecessor-version":[{"id":40814,"href":"https:\/\/www.freeshopfrontiera.ch\/de\/wp-json\/wp\/v2\/product\/32557\/revisions\/40814"}],"wp:featuredmedia":[{"embeddable":true,"href":"https:\/\/www.freeshopfrontiera.ch\/de\/wp-json\/wp\/v2\/media\/32539"}],"wp:attachment":[{"href":"https:\/\/www.freeshopfrontiera.ch\/de\/wp-json\/wp\/v2\/media?parent=32557"}],"wp:term":[{"taxonomy":"pwb-brand","embeddable":true,"href":"https:\/\/www.freeshopfrontiera.ch\/de\/wp-json\/wp\/v2\/pwb-brand?post=32557"},{"taxonomy":"product_brand","embeddable":true,"href":"https:\/\/www.freeshopfrontiera.ch\/de\/wp-json\/wp\/v2\/product_brand?post=32557"},{"taxonomy":"product_cat","embeddable":true,"href":"https:\/\/www.freeshopfrontiera.ch\/de\/wp-json\/wp\/v2\/product_cat?post=32557"},{"taxonomy":"product_tag","embeddable":true,"href":"https:\/\/www.freeshopfrontiera.ch\/de\/wp-json\/wp\/v2\/product_tag?post=32557"}],"curies":[{"name":"wp","href":"https:\/\/api.w.org\/{rel}","templated":true}]}}