{"id":33018,"date":"2025-07-08T08:58:16","date_gmt":"2025-07-08T08:58:16","guid":{"rendered":"https:\/\/www.freeshopfrontiera.ch\/shop\/clarins-set-mascara-wonder-perfect\/"},"modified":"2025-07-08T09:17:49","modified_gmt":"2025-07-08T09:17:49","slug":"clarins-set-mascara-wonder-perfect","status":"publish","type":"product","link":"https:\/\/www.freeshopfrontiera.ch\/de\/shop\/clarins-set-mascara-wonder-perfect\/","title":{"rendered":"CLARINS SET Mascara Wonder Perfect"},"content":{"rendered":"<p data-start=\"3418\" data-end=\"3518\"><strong data-start=\"3418\" data-end=\"3518\">CLARINS Set: Wonder Perfect 4D Waterproof Mascara + Mini Lip Oil + Mini Sonnenschutzcreme SPF50+<\/strong><\/p>\n<p data-start=\"3520\" data-end=\"3753\">Entdecken Sie das perfekte CLARINS-Set f\u00fcr ausdrucksstarke Augen, gl\u00e4nzende Lippen und optimal gesch\u00fctzte Haut \u2013 immer und \u00fcberall.<br data-start=\"3651\" data-end=\"3654\" \/>Dieses exklusive Trio vereint Make-up und Pflege in einem praktischen Format \u2013 ideal f\u00fcr unterwegs:<\/p>\n<ul data-start=\"3755\" data-end=\"4395\">\n<li data-start=\"3755\" data-end=\"3976\">\n<p data-start=\"3757\" data-end=\"3976\"><strong data-start=\"3757\" data-end=\"3817\">Wonder Perfect 4D Waterproof Mascara (8 ml \u2013 Farbton 01)<\/strong><br data-start=\"3817\" data-end=\"3820\" \/>Volumen, L\u00e4nge, Schwung und Definition mit nur einem Auftrag. Die wasserfeste Formel sorgt f\u00fcr einen intensiven, makellosen Look, der den ganzen Tag h\u00e4lt.<\/p>\n<\/li>\n<li data-start=\"3978\" data-end=\"4167\">\n<p data-start=\"3980\" data-end=\"4167\"><strong data-start=\"3980\" data-end=\"4025\">Mini Lip Comfort Oil (Farbton 01 \u2013 Honey)<\/strong><br data-start=\"4025\" data-end=\"4028\" \/>Ein pflegendes, gl\u00e4nzendes Lippen\u00f6l, das die Lippen n\u00e4hrt und versch\u00f6nert. Leichte, nicht klebende Textur f\u00fcr ein angenehmes Tragegef\u00fchl.<\/p>\n<\/li>\n<li data-start=\"4169\" data-end=\"4395\">\n<p data-start=\"4171\" data-end=\"4395\"><strong data-start=\"4171\" data-end=\"4231\">Mini Cr\u00e8me Solaire Jeunesse Tr\u00e8s Haute Protection SPF50+<\/strong><br data-start=\"4231\" data-end=\"4234\" \/>Sehr hoher Sonnenschutz mit Anti-Aging-Wirkung, ideal f\u00fcr empfindliche Haut. Sch\u00fctzt vor UVA-\/UVB-Strahlen und hilft, sonnenbedingter Hautalterung vorzubeugen.<\/p>\n<\/li>\n<\/ul>\n<p data-start=\"4397\" data-end=\"4518\">Perfekt f\u00fcr den Urlaub, die Handtasche oder als stilvolle Geschenkidee. Pflege und Sch\u00f6nheit von CLARINS \u2013 immer dabei.<\/p>\n<p data-start=\"1256\" data-end=\"1390\">Follow us!\u00a0<a href=\"https:\/\/www.instagram.com\/freeshopswiss\/\" target=\"_blank\" rel=\"noopener\">@freeshopswiss<\/a><\/p>\n","protected":false},"excerpt":{"rendered":"<p>CLARINS Set mit wasserfestem Mascara, Lip Oil und SPF50+ Sonnencreme. Pflege &amp; Sch\u00f6nheit f\u00fcr unterwegs. Ideal auf Reisen oder als Geschenk.<\/p>\n","protected":false},"featured_media":33014,"comment_status":"open","ping_status":"closed","template":"","meta":[],"pwb-brand":[311],"product_brand":[],"product_cat":[111,485],"product_tag":[293,462,460],"class_list":{"0":"post-33018","1":"product","2":"type-product","3":"status-publish","4":"has-post-thumbnail","6":"pwb-brand-clarins","7":"product_cat-fur-sie-de","8":"product_cat-geschenkbox","9":"product_tag-frau","10":"product_tag-geschenkset-fuer-damen","11":"product_tag-parfuem-geschenkset","13":"first","14":"outofstock","15":"sale","16":"taxable","17":"shipping-taxable","18":"purchasable","19":"product-type-simple"},"brands":[{"id":311,"name":"Clarins","slug":"clarins"}],"_links":{"self":[{"href":"https:\/\/www.freeshopfrontiera.ch\/de\/wp-json\/wp\/v2\/product\/33018","targetHints":{"allow":["GET"]}}],"collection":[{"href":"https:\/\/www.freeshopfrontiera.ch\/de\/wp-json\/wp\/v2\/product"}],"about":[{"href":"https:\/\/www.freeshopfrontiera.ch\/de\/wp-json\/wp\/v2\/types\/product"}],"replies":[{"embeddable":true,"href":"https:\/\/www.freeshopfrontiera.ch\/de\/wp-json\/wp\/v2\/comments?post=33018"}],"version-history":[{"count":1,"href":"https:\/\/www.freeshopfrontiera.ch\/de\/wp-json\/wp\/v2\/product\/33018\/revisions"}],"predecessor-version":[{"id":33022,"href":"https:\/\/www.freeshopfrontiera.ch\/de\/wp-json\/wp\/v2\/product\/33018\/revisions\/33022"}],"wp:featuredmedia":[{"embeddable":true,"href":"https:\/\/www.freeshopfrontiera.ch\/de\/wp-json\/wp\/v2\/media\/33014"}],"wp:attachment":[{"href":"https:\/\/www.freeshopfrontiera.ch\/de\/wp-json\/wp\/v2\/media?parent=33018"}],"wp:term":[{"taxonomy":"pwb-brand","embeddable":true,"href":"https:\/\/www.freeshopfrontiera.ch\/de\/wp-json\/wp\/v2\/pwb-brand?post=33018"},{"taxonomy":"product_brand","embeddable":true,"href":"https:\/\/www.freeshopfrontiera.ch\/de\/wp-json\/wp\/v2\/product_brand?post=33018"},{"taxonomy":"product_cat","embeddable":true,"href":"https:\/\/www.freeshopfrontiera.ch\/de\/wp-json\/wp\/v2\/product_cat?post=33018"},{"taxonomy":"product_tag","embeddable":true,"href":"https:\/\/www.freeshopfrontiera.ch\/de\/wp-json\/wp\/v2\/product_tag?post=33018"}],"curies":[{"name":"wp","href":"https:\/\/api.w.org\/{rel}","templated":true}]}}