{"id":33302,"date":"2025-07-16T07:38:25","date_gmt":"2025-07-16T07:38:25","guid":{"rendered":"https:\/\/www.freeshopfrontiera.ch\/shop\/lattafa-al-areeq-gold-eau-de-parfum-100ml\/"},"modified":"2025-07-16T07:52:58","modified_gmt":"2025-07-16T07:52:58","slug":"lattafa-al-areeq-gold-eau-de-parfum-100ml","status":"publish","type":"product","link":"https:\/\/www.freeshopfrontiera.ch\/de\/shop\/lattafa-al-areeq-gold-eau-de-parfum-100ml\/","title":{"rendered":"LATTAFA Al Areeq Gold Eau de Parfum 100ml"},"content":{"rendered":"<h3 data-start=\"3287\" data-end=\"3351\"><strong data-start=\"3296\" data-end=\"3351\">Lattafa Al Areeq Gold Eau de Parfum 100ml<\/strong><\/h3>\n<p data-start=\"3353\" data-end=\"4894\"><strong data-start=\"3353\" data-end=\"3398\">Lattafa Al Areeq Gold Eau de Parfum 100ml<\/strong> ist ein eleganter und raffinierter Duft, der die Tradition der arabischen Parf\u00fcmerie mit einem modernen, universellen Charakter verbindet. Entwickelt f\u00fcr M\u00e4nner und Frauen, die intensive, charakterstarke D\u00fcfte lieben, begeistert Al Areeq Gold vom ersten Spr\u00fchsto\u00df an mit einer warmen, w\u00fcrzigen und umh\u00fcllenden Komposition.<\/p>\n<p data-start=\"3353\" data-end=\"4894\">Die <strong data-start=\"3726\" data-end=\"3738\">Kopfnote<\/strong> er\u00f6ffnet mit Zitrusfr\u00fcchten, s\u00fc\u00dfen Gew\u00fcrzen und fruchtigen Nuancen \u2013 lebendig und faszinierend. Im <strong data-start=\"3838\" data-end=\"3846\">Herz<\/strong> entfalten sich wei\u00dfe Bl\u00fcten, edle H\u00f6lzer und wertvolle Harze, die dem Duft Tiefe und Eleganz verleihen. In der <strong data-start=\"3958\" data-end=\"3971\">Basisnote<\/strong> sorgen Amber, Moschus, sanftes Oud und Vanille f\u00fcr eine langanhaltende, sinnliche und unverwechselbare Duftspur. Lattafa Al Areeq Gold ist ein <strong data-start=\"4115\" data-end=\"4125\">unisex<\/strong> Duft \u2013 intensiv, aber ausgewogen \u2013 perfekt f\u00fcr besondere Anl\u00e4sse oder f\u00fcr alle, die ein markantes olfaktorisches Statement setzen m\u00f6chten. Der luxuri\u00f6se goldene Flakon mit 100ml unterstreicht den noblen Charakter des Parfums und eignet sich hervorragend als Geschenk.<\/p>\n<p data-start=\"3353\" data-end=\"4894\">Ideal f\u00fcr den Herbst und Winter oder f\u00fcr k\u00fchle Abende, kann dieser Duft auch das ganze Jahr \u00fcber getragen werden \u2013 besonders von Liebhabern orientalischer Raffinesse. Mit <strong data-start=\"4565\" data-end=\"4595\">hervorragender Haltbarkeit<\/strong> auf der Haut und einer warmen, einh\u00fcllenden Sillage steht Al Areeq Gold f\u00fcr zeitlose Eleganz in der Nischenparf\u00fcmerie \u2013 und das zu einem erschwinglichen Preis. Lassen Sie sich von der vielschichtigen Komposition verzaubern und entdecken Sie den unwiderstehlichen Reiz von <strong data-start=\"4868\" data-end=\"4893\">Lattafa Al Areeq Gold<\/strong>.<\/p>\n<p>&nbsp;<\/p>\n<p>Follow us!\u00a0<a href=\"https:\/\/www.instagram.com\/freeshopswiss\/\" target=\"_blank\" rel=\"noopener\">@freeshopswiss<\/a><\/p>\n","protected":false},"excerpt":{"rendered":"<p><strong data-start=\"3353\" data-end=\"3398\">Lattafa Al Areeq Gold Eau de Parfum 100ml<\/strong> ist ein eleganter und raffinierter Duft, der die Tradition der arabischen Parf\u00fcmerie mit einem modernen, universellen Charakter verbindet.<\/p>\n","protected":false},"featured_media":33298,"comment_status":"open","ping_status":"closed","template":"","meta":[],"pwb-brand":[772],"product_brand":[],"product_cat":[84,86,111],"product_tag":[790,952,254,293,953,1642,595],"class_list":{"0":"post-33302","1":"product","2":"type-product","3":"status-publish","4":"has-post-thumbnail","6":"pwb-brand-lattafa","7":"product_cat-duefte","8":"product_cat-fur-ihn-de","9":"product_cat-fur-sie-de","10":"product_tag-womens-fragrances-de","11":"product_tag-profumi-de","12":"product_tag-eau-de-parfum-de","13":"product_tag-frau","14":"product_tag-uomo-de","15":"product_tag-mens-fragrances-de","16":"product_tag-unisex-de-2","18":"first","19":"outofstock","20":"sale","21":"taxable","22":"shipping-taxable","23":"purchasable","24":"product-type-simple"},"brands":[{"id":772,"name":"Lattafa","slug":"lattafa"}],"_links":{"self":[{"href":"https:\/\/www.freeshopfrontiera.ch\/de\/wp-json\/wp\/v2\/product\/33302","targetHints":{"allow":["GET"]}}],"collection":[{"href":"https:\/\/www.freeshopfrontiera.ch\/de\/wp-json\/wp\/v2\/product"}],"about":[{"href":"https:\/\/www.freeshopfrontiera.ch\/de\/wp-json\/wp\/v2\/types\/product"}],"replies":[{"embeddable":true,"href":"https:\/\/www.freeshopfrontiera.ch\/de\/wp-json\/wp\/v2\/comments?post=33302"}],"version-history":[{"count":1,"href":"https:\/\/www.freeshopfrontiera.ch\/de\/wp-json\/wp\/v2\/product\/33302\/revisions"}],"predecessor-version":[{"id":33308,"href":"https:\/\/www.freeshopfrontiera.ch\/de\/wp-json\/wp\/v2\/product\/33302\/revisions\/33308"}],"wp:featuredmedia":[{"embeddable":true,"href":"https:\/\/www.freeshopfrontiera.ch\/de\/wp-json\/wp\/v2\/media\/33298"}],"wp:attachment":[{"href":"https:\/\/www.freeshopfrontiera.ch\/de\/wp-json\/wp\/v2\/media?parent=33302"}],"wp:term":[{"taxonomy":"pwb-brand","embeddable":true,"href":"https:\/\/www.freeshopfrontiera.ch\/de\/wp-json\/wp\/v2\/pwb-brand?post=33302"},{"taxonomy":"product_brand","embeddable":true,"href":"https:\/\/www.freeshopfrontiera.ch\/de\/wp-json\/wp\/v2\/product_brand?post=33302"},{"taxonomy":"product_cat","embeddable":true,"href":"https:\/\/www.freeshopfrontiera.ch\/de\/wp-json\/wp\/v2\/product_cat?post=33302"},{"taxonomy":"product_tag","embeddable":true,"href":"https:\/\/www.freeshopfrontiera.ch\/de\/wp-json\/wp\/v2\/product_tag?post=33302"}],"curies":[{"name":"wp","href":"https:\/\/api.w.org\/{rel}","templated":true}]}}