{"id":33587,"date":"2025-07-23T09:36:55","date_gmt":"2025-07-23T09:36:55","guid":{"rendered":"https:\/\/www.freeshopfrontiera.ch\/shop\/gisada-ambassador-woman-eau-de-parfum-100ml\/"},"modified":"2025-07-23T09:47:32","modified_gmt":"2025-07-23T09:47:32","slug":"gisada-ambassador-woman-eau-de-parfum-100ml","status":"publish","type":"product","link":"https:\/\/www.freeshopfrontiera.ch\/de\/shop\/gisada-ambassador-woman-eau-de-parfum-100ml\/","title":{"rendered":"GISADA Ambassador Woman Eau de Parfum 100ml"},"content":{"rendered":"<p data-start=\"2010\" data-end=\"2526\"><strong data-start=\"2037\" data-end=\"2085\">Gisada Ambassador Women Eau de Parfum 100 ml<\/strong> ist ein strahlender, eleganter und umh\u00fcllender Duft f\u00fcr moderne, stilbewusste und selbstbewusste Frauen. Bereits beim ersten Spr\u00fchsto\u00df entfaltet sich eine reichhaltige und harmonische Komposition aus saftigen Fr\u00fcchten, zarten Bl\u00fcten und einer warmen, holzigen Gourmand-Basis. Der Auftakt ist frisch und fruchtig, mit Noten von Aprikose, Birne, Bergamotte, Veilchenblatt und Ringelblume, die dem Duft Lebendigkeit und Weiblichkeit verleihen.<\/p>\n<p data-start=\"2528\" data-end=\"2854\">Im Herzen des Parfums entwickelt sich ein sinnliches Blumenbouquet aus Tuberose, Rose, Freesie und Veilchenzweigen, akzentuiert durch fruchtige Nuancen von Himbeere und Pflaume. Die Basisnoten aus Vanille, Tonkabohne, Moschus, Patchouli, Sandelholz und Zedernholz sorgen f\u00fcr einen warmen, weichen und langanhaltenden Ausklang.<\/p>\n<p data-start=\"2856\" data-end=\"3242\">Gisada Ambassador Women ist ein vielseitiges Eau de Parfum, das sich f\u00fcr jede Jahreszeit eignet, aber besonders bei k\u00fchlerem Wetter oder zu besonderen Anl\u00e4ssen seine volle Wirkung entfaltet. Ideal f\u00fcr Frauen, die einen raffinierten, femininen und einpr\u00e4gsamen Signaturduft suchen. Der moderne und elegante 100 ml Flakon ist auch ein wunderbares Geschenk f\u00fcr Duftliebhaberinnen mit Stil.<\/p>\n<p data-start=\"3244\" data-end=\"3259\"><strong data-start=\"3244\" data-end=\"3259\">Highlights:<\/strong><\/p>\n<ul data-start=\"3260\" data-end=\"3535\">\n<li data-start=\"3260\" data-end=\"3316\">\n<p data-start=\"3262\" data-end=\"3316\">Fruchtig-blumiger Damenduft mit orientalischer W\u00e4rme<\/p>\n<\/li>\n<li data-start=\"3317\" data-end=\"3389\">\n<p data-start=\"3319\" data-end=\"3389\">Noten von Aprikose, Birne, Rose, Tuberose, Vanille und edlen H\u00f6lzern<\/p>\n<\/li>\n<li data-start=\"3390\" data-end=\"3429\">\n<p data-start=\"3392\" data-end=\"3429\">Langanhaltend mit eleganter Sillage<\/p>\n<\/li>\n<li data-start=\"3430\" data-end=\"3486\">\n<p data-start=\"3432\" data-end=\"3486\">F\u00fcr alle Jahreszeiten und besondere Anl\u00e4sse geeignet<\/p>\n<\/li>\n<li data-start=\"3487\" data-end=\"3535\">\n<p data-start=\"3489\" data-end=\"3535\">Edler 100 ml Flakon, ideal auch als Geschenk<\/p>\n<\/li>\n<\/ul>\n<p>&nbsp;<\/p>\n<p>Follow us!\u00a0<a href=\"https:\/\/www.instagram.com\/freeshopswiss\/\" target=\"_blank\" rel=\"noopener\">@freeshopswiss<\/a><\/p>\n","protected":false},"excerpt":{"rendered":"<p data-start=\"1971\" data-end=\"2153\"><strong data-start=\"2037\" data-end=\"2085\">Gisada Ambassador Women Eau de Parfum 100 ml<\/strong> ist ein strahlender, eleganter und umh\u00fcllender Duft f\u00fcr moderne, stilbewusste und selbstbewusste Frauen.<\/p>\n","protected":false},"featured_media":33579,"comment_status":"open","ping_status":"closed","template":"","meta":[],"pwb-brand":[1718],"product_brand":[],"product_cat":[84,111,4196],"product_tag":[281,790,952,254,293],"class_list":{"0":"post-33587","1":"product","2":"type-product","3":"status-publish","4":"has-post-thumbnail","6":"pwb-brand-gisada","7":"product_cat-duefte","8":"product_cat-fur-sie-de","9":"product_cat-dufte-aktion","10":"product_tag-bestseller-de","11":"product_tag-womens-fragrances-de","12":"product_tag-profumi-de","13":"product_tag-eau-de-parfum-de","14":"product_tag-frau","16":"first","17":"instock","18":"sale","19":"taxable","20":"shipping-taxable","21":"purchasable","22":"product-type-simple"},"brands":[{"id":1718,"name":"Gisada","slug":"gisada"}],"_links":{"self":[{"href":"https:\/\/www.freeshopfrontiera.ch\/de\/wp-json\/wp\/v2\/product\/33587","targetHints":{"allow":["GET"]}}],"collection":[{"href":"https:\/\/www.freeshopfrontiera.ch\/de\/wp-json\/wp\/v2\/product"}],"about":[{"href":"https:\/\/www.freeshopfrontiera.ch\/de\/wp-json\/wp\/v2\/types\/product"}],"replies":[{"embeddable":true,"href":"https:\/\/www.freeshopfrontiera.ch\/de\/wp-json\/wp\/v2\/comments?post=33587"}],"version-history":[{"count":1,"href":"https:\/\/www.freeshopfrontiera.ch\/de\/wp-json\/wp\/v2\/product\/33587\/revisions"}],"predecessor-version":[{"id":33596,"href":"https:\/\/www.freeshopfrontiera.ch\/de\/wp-json\/wp\/v2\/product\/33587\/revisions\/33596"}],"wp:featuredmedia":[{"embeddable":true,"href":"https:\/\/www.freeshopfrontiera.ch\/de\/wp-json\/wp\/v2\/media\/33579"}],"wp:attachment":[{"href":"https:\/\/www.freeshopfrontiera.ch\/de\/wp-json\/wp\/v2\/media?parent=33587"}],"wp:term":[{"taxonomy":"pwb-brand","embeddable":true,"href":"https:\/\/www.freeshopfrontiera.ch\/de\/wp-json\/wp\/v2\/pwb-brand?post=33587"},{"taxonomy":"product_brand","embeddable":true,"href":"https:\/\/www.freeshopfrontiera.ch\/de\/wp-json\/wp\/v2\/product_brand?post=33587"},{"taxonomy":"product_cat","embeddable":true,"href":"https:\/\/www.freeshopfrontiera.ch\/de\/wp-json\/wp\/v2\/product_cat?post=33587"},{"taxonomy":"product_tag","embeddable":true,"href":"https:\/\/www.freeshopfrontiera.ch\/de\/wp-json\/wp\/v2\/product_tag?post=33587"}],"curies":[{"name":"wp","href":"https:\/\/api.w.org\/{rel}","templated":true}]}}