{"id":33662,"date":"2025-07-28T07:43:22","date_gmt":"2025-07-28T07:43:22","guid":{"rendered":"https:\/\/www.freeshopfrontiera.ch\/shop\/lancome-set-mascara\/"},"modified":"2025-07-28T08:00:29","modified_gmt":"2025-07-28T08:00:29","slug":"lancome-set-mascara","status":"publish","type":"product","link":"https:\/\/www.freeshopfrontiera.ch\/de\/shop\/lancome-set-mascara\/","title":{"rendered":"LANCOME SET Mascara"},"content":{"rendered":"<article class=\"text-token-text-primary w-full focus:outline-none scroll-mt-[calc(var(--header-height)+min(200px,max(70px,20svh)))]\" dir=\"auto\" tabindex=\"-1\" data-testid=\"conversation-turn-2\" data-scroll-anchor=\"true\" data-turn=\"assistant\">\n<div class=\"text-base my-auto mx-auto pb-10 [--thread-content-margin:--spacing(4)] @[37rem]:[--thread-content-margin:--spacing(6)] @[72rem]:[--thread-content-margin:--spacing(16)] px-(--thread-content-margin)\">\n<div class=\"[--thread-content-max-width:32rem] @[34rem]:[--thread-content-max-width:40rem] @[64rem]:[--thread-content-max-width:48rem] mx-auto max-w-(--thread-content-max-width) flex-1 group\/turn-messages focus-visible:outline-hidden relative flex w-full min-w-0 flex-col agent-turn\" tabindex=\"-1\">\n<div class=\"flex max-w-full flex-col grow\">\n<div class=\"min-h-8 text-message relative flex w-full flex-col items-end gap-2 text-start break-words whitespace-normal [.text-message+&amp;]:mt-5\" dir=\"auto\" data-message-author-role=\"assistant\" data-message-id=\"7f70aa54-2064-49f4-bf2b-5d22b3d266da\" data-message-model-slug=\"gpt-4o\">\n<div class=\"flex w-full flex-col gap-1 empty:hidden first:pt-[3px]\">\n<div class=\"markdown prose dark:prose-invert w-full break-words light\">\n<p data-start=\"1957\" data-end=\"2301\">Entdecke die Kraft eines intensiven, verf\u00fchrerischen Blicks mit dem <strong data-start=\"2025\" data-end=\"2108\">LANCOME SET Mascara Monsieur Big &#8211; Noir 01 + Drama Liqui-Pencil + Bi-Facil 30ml<\/strong>, dem perfekten Set f\u00fcr volumin\u00f6se Wimpern, definierte Augen und eine sanfte Reinigung. Dieses exklusive Lanc\u00f4me-Set vereint drei Beauty-Must-haves f\u00fcr ein elegantes und pr\u00e4zises Augen-Make-up.<\/p>\n<p data-start=\"2303\" data-end=\"2662\">Im Mittelpunkt steht die legend\u00e4re <strong data-start=\"2338\" data-end=\"2383\">Monsieur Big Mascara in der Farbe Noir 01<\/strong>, bekannt f\u00fcr ihre ultra-cremige, stark pigmentierte Formel, die bis zu 12-mal mehr Volumen verleiht. Die gro\u00dfe B\u00fcrste erfasst selbst feine Wimpern, trennt und umh\u00fcllt sie mit einem tiefschwarzen Finish f\u00fcr einen dramatischen Look, der den ganzen Tag h\u00e4lt \u2013 ohne zu verschmieren.<\/p>\n<p data-start=\"2664\" data-end=\"2987\">Dazu kommt der <strong data-start=\"2679\" data-end=\"2701\">Drama Liqui-Pencil<\/strong>, ein wasserfester Kajalstift mit intensivem Satin-Finish. Die geschmeidige Textur erm\u00f6glicht eine pr\u00e4zise Anwendung wie ein Fl\u00fcssig-Eyeliner, mit der praktischen Handhabung eines Stifts. Ideal f\u00fcr Smokey Eyes, definierte Linien oder ausdrucksstarke Styles \u2013 mit bis zu 24 Stunden Halt.<\/p>\n<p data-start=\"2989\" data-end=\"3271\">Abgerundet wird das Set durch den ikonischen <strong data-start=\"3034\" data-end=\"3078\">Bi-Facil Augen-Make-up-Entferner (30 ml)<\/strong>, der selbst wasserfestes Make-up sanft entfernt. Die Zwei-Phasen-Formel reinigt gr\u00fcndlich, ohne die empfindliche Augenpartie zu reizen \u2013 perfekt f\u00fcr empfindliche Augen und Kontaktlinsentr\u00e4ger.<\/p>\n<p data-start=\"3273\" data-end=\"3556\">Das <strong data-start=\"3277\" data-end=\"3305\">LANCOME Monsieur Big Set<\/strong> ist ideal als Geschenk oder als Beauty-Highlight f\u00fcr dich selbst. Ein Komplettset f\u00fcr einen ausdrucksstarken Blick \u2013 mit der Qualit\u00e4t einer der beliebtesten Luxusmarken der Welt.<br data-start=\"3484\" data-end=\"3487\" \/>Jetzt entdecken und dein Augen-Make-up auf das n\u00e4chste Level bringen!<\/p>\n<p data-start=\"1660\" data-end=\"1995\" data-is-last-node=\"\" data-is-only-node=\"\">\n<\/div>\n<\/div>\n<\/div>\n<\/div>\n<div class=\"mx-[var(--mini-thread-content-inset)]\">\n<div class=\"flex min-h-[46px] justify-start\">\n<div class=\"touch:-me-2 touch:-ms-3.5 -ms-2.5 -me-1 flex flex-wrap items-center gap-y-4 p-1 select-none touch:w-[calc(100%+--spacing(3.5))] -mt-1 w-[calc(100%+--spacing(2.5))] duration-[1.5s] focus-within:transition-none hover:transition-none pointer-events-none [mask-image:linear-gradient(to_right,black_33%,transparent_66%)] [mask-size:300%_100%] [mask-position:100%_0%] motion-safe:transition-[mask-position] group-hover\/turn-messages:pointer-events-auto group-hover\/turn-messages:[mask-position:0_0] group-focus-within\/turn-messages:pointer-events-auto group-focus-within\/turn-messages:[mask-position:0_0] has-data-[state=open]:pointer-events-auto has-data-[state=open]:[mask-position:0_0]\">Follow us!\u00a0<a href=\"https:\/\/www.instagram.com\/freeshopswiss\/\" target=\"_blank\" rel=\"noopener\">@freeshopswiss<\/a><\/div>\n<\/div>\n<\/div>\n<\/div>\n<\/div>\n<\/article>\n","protected":false},"excerpt":{"rendered":"<p>Lanc\u00f4me Augen-Set mit Monsieur Big Mascara Noir 01, Drama Liqui-Pencil Eyeliner und Bi-Facil Augen-Make-up-Entferner 30 ml. Extremes Volumen, intensive Definition und sanfte Reinigung.<\/p>\n","protected":false},"featured_media":33658,"comment_status":"open","ping_status":"closed","template":"","meta":[],"pwb-brand":[262],"product_brand":[],"product_cat":[111,537,567],"product_tag":[470,293,476],"class_list":{"0":"post-33662","1":"product","2":"type-product","3":"status-publish","4":"has-post-thumbnail","6":"pwb-brand-lancome","7":"product_cat-fur-sie-de","8":"product_cat-augen-make-up","9":"product_cat-make-up-de-2","10":"product_tag-augen-make-up","11":"product_tag-frau","12":"product_tag-make-up-de","14":"first","15":"outofstock","16":"sale","17":"taxable","18":"shipping-taxable","19":"purchasable","20":"product-type-simple"},"brands":[{"id":262,"name":"Lanc\u00f4me","slug":"lancome"}],"_links":{"self":[{"href":"https:\/\/www.freeshopfrontiera.ch\/de\/wp-json\/wp\/v2\/product\/33662","targetHints":{"allow":["GET"]}}],"collection":[{"href":"https:\/\/www.freeshopfrontiera.ch\/de\/wp-json\/wp\/v2\/product"}],"about":[{"href":"https:\/\/www.freeshopfrontiera.ch\/de\/wp-json\/wp\/v2\/types\/product"}],"replies":[{"embeddable":true,"href":"https:\/\/www.freeshopfrontiera.ch\/de\/wp-json\/wp\/v2\/comments?post=33662"}],"version-history":[{"count":2,"href":"https:\/\/www.freeshopfrontiera.ch\/de\/wp-json\/wp\/v2\/product\/33662\/revisions"}],"predecessor-version":[{"id":33669,"href":"https:\/\/www.freeshopfrontiera.ch\/de\/wp-json\/wp\/v2\/product\/33662\/revisions\/33669"}],"wp:featuredmedia":[{"embeddable":true,"href":"https:\/\/www.freeshopfrontiera.ch\/de\/wp-json\/wp\/v2\/media\/33658"}],"wp:attachment":[{"href":"https:\/\/www.freeshopfrontiera.ch\/de\/wp-json\/wp\/v2\/media?parent=33662"}],"wp:term":[{"taxonomy":"pwb-brand","embeddable":true,"href":"https:\/\/www.freeshopfrontiera.ch\/de\/wp-json\/wp\/v2\/pwb-brand?post=33662"},{"taxonomy":"product_brand","embeddable":true,"href":"https:\/\/www.freeshopfrontiera.ch\/de\/wp-json\/wp\/v2\/product_brand?post=33662"},{"taxonomy":"product_cat","embeddable":true,"href":"https:\/\/www.freeshopfrontiera.ch\/de\/wp-json\/wp\/v2\/product_cat?post=33662"},{"taxonomy":"product_tag","embeddable":true,"href":"https:\/\/www.freeshopfrontiera.ch\/de\/wp-json\/wp\/v2\/product_tag?post=33662"}],"curies":[{"name":"wp","href":"https:\/\/api.w.org\/{rel}","templated":true}]}}