{"id":33679,"date":"2025-07-28T08:07:02","date_gmt":"2025-07-28T08:07:02","guid":{"rendered":"https:\/\/www.freeshopfrontiera.ch\/shop\/gisada-ambassador-intense-man-100ml\/"},"modified":"2025-07-28T08:13:58","modified_gmt":"2025-07-28T08:13:58","slug":"gisada-ambassador-intense-man-100ml","status":"publish","type":"product","link":"https:\/\/www.freeshopfrontiera.ch\/de\/shop\/gisada-ambassador-intense-man-100ml\/","title":{"rendered":"GISADA Ambassador Intense Man 100ml"},"content":{"rendered":"<p data-start=\"3545\" data-end=\"3833\">Erlebe die magnetische Eleganz und kraftvolle Intensit\u00e4t von <strong data-start=\"3606\" data-end=\"3664\">GISADA Ambassador Intense Man Eau de Parfum Vapo 100ml<\/strong>, einem markanten Herrenduft f\u00fcr M\u00e4nner mit Stil. Der Duft des Schweizer Labels Gisada verk\u00f6rpert St\u00e4rke, Charisma und Selbstbewusstsein \u2013 perfekt f\u00fcr den modernen Mann.<\/p>\n<p data-start=\"3835\" data-end=\"4232\">Die Kopfnote \u00fcberzeugt mit frischen Zitrusfr\u00fcchten und w\u00fcrzigem Rosa Pfeffer \u2013 Bergamotte und Mandarine bringen Energie und Leichtigkeit. Das Herz entfaltet eine aromatische Tiefe mit Lavendel, Muskatellersalbei und Geranie f\u00fcr eine elegante Ausstrahlung. Die Basisnote ist warm, sinnlich und langanhaltend \u2013 mit Amber, Patchouli, Moschus und edlen H\u00f6lzern f\u00fcr einen starken, maskulinen Charakter.<\/p>\n<p data-start=\"4234\" data-end=\"4371\"><strong data-start=\"4234\" data-end=\"4260\">Ambassador Intense Man<\/strong> ist ideal f\u00fcr den Alltag wie auch f\u00fcr besondere Anl\u00e4sse \u2013 ein Duft, der Eindruck hinterl\u00e4sst und lange anh\u00e4lt.<\/p>\n<p data-start=\"4373\" data-end=\"4480\">Der elegante <strong data-start=\"4386\" data-end=\"4396\">100 ml<\/strong> Flakon unterstreicht die maskuline Ausstrahlung \u2013 kraftvoll, modern und stilvoll.<\/p>\n<p data-start=\"4482\" data-end=\"4629\">Ob als Geschenk oder f\u00fcr die eigene Duftkollektion: <strong data-start=\"4534\" data-end=\"4567\">GISADA Ambassador Intense Man<\/strong> ist die perfekte Wahl f\u00fcr den selbstbewussten Mann von heute.<\/p>\n<p data-start=\"1468\" data-end=\"1656\">Follow us!\u00a0<a href=\"https:\/\/www.instagram.com\/freeshopswiss\/\" target=\"_blank\" rel=\"noopener\">@freeshopswiss<\/a><\/p>\n","protected":false},"excerpt":{"rendered":"<p>Maskulines Eau de Parfum mit Zitrus, Lavendel, Amber und H\u00f6lzern. F\u00fcr den charismatischen Mann mit Stil.<\/p>\n","protected":false},"featured_media":33674,"comment_status":"open","ping_status":"closed","template":"","meta":[],"pwb-brand":[1718],"product_brand":[],"product_cat":[84,86],"product_tag":[952,254,953,1642],"class_list":{"0":"post-33679","1":"product","2":"type-product","3":"status-publish","4":"has-post-thumbnail","6":"pwb-brand-gisada","7":"product_cat-duefte","8":"product_cat-fur-ihn-de","9":"product_tag-profumi-de","10":"product_tag-eau-de-parfum-de","11":"product_tag-uomo-de","12":"product_tag-mens-fragrances-de","14":"first","15":"instock","16":"sale","17":"taxable","18":"shipping-taxable","19":"purchasable","20":"product-type-simple"},"brands":[{"id":1718,"name":"Gisada","slug":"gisada"}],"_links":{"self":[{"href":"https:\/\/www.freeshopfrontiera.ch\/de\/wp-json\/wp\/v2\/product\/33679","targetHints":{"allow":["GET"]}}],"collection":[{"href":"https:\/\/www.freeshopfrontiera.ch\/de\/wp-json\/wp\/v2\/product"}],"about":[{"href":"https:\/\/www.freeshopfrontiera.ch\/de\/wp-json\/wp\/v2\/types\/product"}],"replies":[{"embeddable":true,"href":"https:\/\/www.freeshopfrontiera.ch\/de\/wp-json\/wp\/v2\/comments?post=33679"}],"version-history":[{"count":1,"href":"https:\/\/www.freeshopfrontiera.ch\/de\/wp-json\/wp\/v2\/product\/33679\/revisions"}],"predecessor-version":[{"id":33681,"href":"https:\/\/www.freeshopfrontiera.ch\/de\/wp-json\/wp\/v2\/product\/33679\/revisions\/33681"}],"wp:featuredmedia":[{"embeddable":true,"href":"https:\/\/www.freeshopfrontiera.ch\/de\/wp-json\/wp\/v2\/media\/33674"}],"wp:attachment":[{"href":"https:\/\/www.freeshopfrontiera.ch\/de\/wp-json\/wp\/v2\/media?parent=33679"}],"wp:term":[{"taxonomy":"pwb-brand","embeddable":true,"href":"https:\/\/www.freeshopfrontiera.ch\/de\/wp-json\/wp\/v2\/pwb-brand?post=33679"},{"taxonomy":"product_brand","embeddable":true,"href":"https:\/\/www.freeshopfrontiera.ch\/de\/wp-json\/wp\/v2\/product_brand?post=33679"},{"taxonomy":"product_cat","embeddable":true,"href":"https:\/\/www.freeshopfrontiera.ch\/de\/wp-json\/wp\/v2\/product_cat?post=33679"},{"taxonomy":"product_tag","embeddable":true,"href":"https:\/\/www.freeshopfrontiera.ch\/de\/wp-json\/wp\/v2\/product_tag?post=33679"}],"curies":[{"name":"wp","href":"https:\/\/api.w.org\/{rel}","templated":true}]}}