{"id":33793,"date":"2025-07-28T13:14:18","date_gmt":"2025-07-28T13:14:18","guid":{"rendered":"https:\/\/www.freeshopfrontiera.ch\/shop\/lancome-la-vie-est-belle-vanille-nude\/"},"modified":"2025-07-28T13:18:41","modified_gmt":"2025-07-28T13:18:41","slug":"lancome-la-vie-est-belle-vanille-nude","status":"publish","type":"product","link":"https:\/\/www.freeshopfrontiera.ch\/de\/shop\/lancome-la-vie-est-belle-vanille-nude\/","title":{"rendered":"LANCOME La Vie est Belle Vanille Nude"},"content":{"rendered":"<p data-start=\"2971\" data-end=\"3220\"><strong data-start=\"2971\" data-end=\"3012\">Lanc\u00f4me La Vie est Belle Vanille Nude<\/strong> ist eine sinnliche Neuinterpretation des ikonischen Dufts, bei der sich cremige Bourbon-Vanille mit der W\u00e4rme nackter Haut vereint. Eine warme, elegante und einh\u00fcllende Komposition f\u00fcr selbstbewusste Frauen.<\/p>\n<p data-start=\"3222\" data-end=\"3475\">Der Duft er\u00f6ffnet mit frischen Noten von Bergamotte und Mandarine, gefolgt von einem blumigen Herzen aus Orangenbl\u00fcte und wei\u00dfen Bl\u00fcten. Im Zentrum steht die <strong data-start=\"3380\" data-end=\"3399\">Bourbon-Vanille<\/strong>, begleitet von Moschus und Tonkabohne \u2013 weich, sanft und zugleich luxuri\u00f6s.<\/p>\n<p data-start=\"3477\" data-end=\"3641\"><strong data-start=\"3477\" data-end=\"3493\">Vanille Nude<\/strong> steht f\u00fcr nat\u00fcrliche Weiblichkeit, Leichtigkeit und Freiheit. Der Duft passt perfekt zu jeder Tageszeit und hinterl\u00e4sst eine zarte, sinnliche Spur.<\/p>\n<p data-start=\"3643\" data-end=\"3772\">Der ikonische Flakon zeigt sich in einem sanften Nude-Ton und unterstreicht die warme, intime Stimmung dieser neuen Duftsignatur.<\/p>\n<p data-start=\"1070\" data-end=\"1284\">Follow us! <a href=\"https:\/\/www.instagram.com\/freeshopswiss\/\" target=\"_blank\" rel=\"noopener\">@freeshopswiss<\/a><\/p>\n","protected":false},"excerpt":{"rendered":"<p>Zarte Vanille trifft auf warme Bl\u00fcten- und Moschusnoten. Vanille Nude ist sinnlich, elegant und wohltuend weich.<\/p>\n","protected":false},"featured_media":33775,"comment_status":"open","ping_status":"closed","template":"","meta":[],"pwb-brand":[262],"product_brand":[],"product_cat":[84,111],"product_tag":[790,952,254,293],"class_list":{"0":"post-33793","1":"product","2":"type-product","3":"status-publish","4":"has-post-thumbnail","6":"pwb-brand-lancome","7":"product_cat-duefte","8":"product_cat-fur-sie-de","9":"product_tag-womens-fragrances-de","10":"product_tag-profumi-de","11":"product_tag-eau-de-parfum-de","12":"product_tag-frau","14":"first","15":"instock","16":"sale","17":"taxable","18":"shipping-taxable","19":"purchasable","20":"product-type-variable"},"brands":[{"id":262,"name":"Lanc\u00f4me","slug":"lancome"}],"_links":{"self":[{"href":"https:\/\/www.freeshopfrontiera.ch\/de\/wp-json\/wp\/v2\/product\/33793","targetHints":{"allow":["GET"]}}],"collection":[{"href":"https:\/\/www.freeshopfrontiera.ch\/de\/wp-json\/wp\/v2\/product"}],"about":[{"href":"https:\/\/www.freeshopfrontiera.ch\/de\/wp-json\/wp\/v2\/types\/product"}],"replies":[{"embeddable":true,"href":"https:\/\/www.freeshopfrontiera.ch\/de\/wp-json\/wp\/v2\/comments?post=33793"}],"version-history":[{"count":2,"href":"https:\/\/www.freeshopfrontiera.ch\/de\/wp-json\/wp\/v2\/product\/33793\/revisions"}],"predecessor-version":[{"id":33798,"href":"https:\/\/www.freeshopfrontiera.ch\/de\/wp-json\/wp\/v2\/product\/33793\/revisions\/33798"}],"wp:featuredmedia":[{"embeddable":true,"href":"https:\/\/www.freeshopfrontiera.ch\/de\/wp-json\/wp\/v2\/media\/33775"}],"wp:attachment":[{"href":"https:\/\/www.freeshopfrontiera.ch\/de\/wp-json\/wp\/v2\/media?parent=33793"}],"wp:term":[{"taxonomy":"pwb-brand","embeddable":true,"href":"https:\/\/www.freeshopfrontiera.ch\/de\/wp-json\/wp\/v2\/pwb-brand?post=33793"},{"taxonomy":"product_brand","embeddable":true,"href":"https:\/\/www.freeshopfrontiera.ch\/de\/wp-json\/wp\/v2\/product_brand?post=33793"},{"taxonomy":"product_cat","embeddable":true,"href":"https:\/\/www.freeshopfrontiera.ch\/de\/wp-json\/wp\/v2\/product_cat?post=33793"},{"taxonomy":"product_tag","embeddable":true,"href":"https:\/\/www.freeshopfrontiera.ch\/de\/wp-json\/wp\/v2\/product_tag?post=33793"}],"curies":[{"name":"wp","href":"https:\/\/api.w.org\/{rel}","templated":true}]}}