{"id":33829,"date":"2025-07-28T13:54:01","date_gmt":"2025-07-28T13:54:01","guid":{"rendered":"https:\/\/www.freeshopfrontiera.ch\/shop\/prada-paradigme-eau-de-parfum\/"},"modified":"2025-07-28T14:07:26","modified_gmt":"2025-07-28T14:07:26","slug":"prada-paradigme-eau-de-parfum","status":"publish","type":"product","link":"https:\/\/www.freeshopfrontiera.ch\/de\/shop\/prada-paradigme-eau-de-parfum\/","title":{"rendered":"PRADA Paradigme Eau de Parfum"},"content":{"rendered":"<p data-start=\"1250\" data-end=\"1478\"><strong data-start=\"1250\" data-end=\"1289\">PRADA Paradigme Eau de Parfum <\/strong>ist ein eleganter und umh\u00fcllender Herrenduft aus der Familie der <strong data-start=\"1355\" data-end=\"1380\">orientalisch-holzigen<\/strong> D\u00fcfte. Eine Komposition f\u00fcr den modernen Mann, der mit subtiler Intensit\u00e4t und Stil hervorsticht.<\/p>\n<p data-start=\"1480\" data-end=\"1865\">Der Auftakt ist gepr\u00e4gt von der frischen, lebendigen Note der <strong data-start=\"1542\" data-end=\"1569\">Kalabrischen Bergamotte<\/strong>, die dem Duft Helligkeit und Energie verleiht. Im Herzen entfaltet sich die aromatische Raffinesse der <strong data-start=\"1673\" data-end=\"1692\">Bourbon-Geranie<\/strong>, bekannt f\u00fcr ihre floralen und leicht w\u00fcrzigen Facetten. Die Basisnote aus <strong data-start=\"1768\" data-end=\"1782\">Perubalsam<\/strong> und <strong data-start=\"1787\" data-end=\"1798\">Moschus<\/strong> sorgt f\u00fcr einen warmen, sinnlichen und lang anhaltenden Nachklang.<\/p>\n<p data-start=\"1867\" data-end=\"2137\">Paradigme verk\u00f6rpert eine neue Vision von M\u00e4nnlichkeit: raffiniert, selbstbewusst und im Gleichgewicht zwischen Tradition und Innovation. Der minimalistische und doch markante Flakon greift das ikonische Prada-Design auf und ist auch als nachf\u00fcllbare Version erh\u00e4ltlich.<\/p>\n<p data-start=\"2139\" data-end=\"2291\">Ideal f\u00fcr jede Jahreszeit \u2013 Paradigme ist der perfekte Duft f\u00fcr M\u00e4nner, die ein intensives, ausgewogenes und stilvolles olfaktorisches Statement suchen.<\/p>\n<p data-start=\"1104\" data-end=\"1251\">Follow us! <a href=\"https:\/\/www.instagram.com\/freeshopswiss\/\" target=\"_blank\" rel=\"noopener\">@freeshopswiss<\/a><\/p>\n","protected":false},"excerpt":{"rendered":"<p data-start=\"1289\" data-end=\"1427\"><strong data-start=\"1250\" data-end=\"1289\">PRADA Paradigme Eau de Parfum 50\u202fml<\/strong> ist ein eleganter und umh\u00fcllender Herrenduft aus der Familie der <strong data-start=\"1355\" data-end=\"1380\">orientalisch-holzigen<\/strong> D\u00fcfte.<\/p>\n","protected":false},"featured_media":33809,"comment_status":"open","ping_status":"closed","template":"","meta":[],"pwb-brand":[285],"product_brand":[],"product_cat":[144,84,86],"product_tag":[952,254,953,1642],"class_list":{"0":"post-33829","1":"product","2":"type-product","3":"status-publish","4":"has-post-thumbnail","6":"pwb-brand-prada","7":"product_cat-bietet","8":"product_cat-duefte","9":"product_cat-fur-ihn-de","10":"product_tag-profumi-de","11":"product_tag-eau-de-parfum-de","12":"product_tag-uomo-de","13":"product_tag-mens-fragrances-de","15":"first","16":"instock","17":"sale","18":"taxable","19":"shipping-taxable","20":"purchasable","21":"product-type-variable","22":"has-default-attributes"},"brands":[{"id":285,"name":"Prada","slug":"prada"}],"_links":{"self":[{"href":"https:\/\/www.freeshopfrontiera.ch\/de\/wp-json\/wp\/v2\/product\/33829","targetHints":{"allow":["GET"]}}],"collection":[{"href":"https:\/\/www.freeshopfrontiera.ch\/de\/wp-json\/wp\/v2\/product"}],"about":[{"href":"https:\/\/www.freeshopfrontiera.ch\/de\/wp-json\/wp\/v2\/types\/product"}],"replies":[{"embeddable":true,"href":"https:\/\/www.freeshopfrontiera.ch\/de\/wp-json\/wp\/v2\/comments?post=33829"}],"version-history":[{"count":3,"href":"https:\/\/www.freeshopfrontiera.ch\/de\/wp-json\/wp\/v2\/product\/33829\/revisions"}],"predecessor-version":[{"id":33839,"href":"https:\/\/www.freeshopfrontiera.ch\/de\/wp-json\/wp\/v2\/product\/33829\/revisions\/33839"}],"wp:featuredmedia":[{"embeddable":true,"href":"https:\/\/www.freeshopfrontiera.ch\/de\/wp-json\/wp\/v2\/media\/33809"}],"wp:attachment":[{"href":"https:\/\/www.freeshopfrontiera.ch\/de\/wp-json\/wp\/v2\/media?parent=33829"}],"wp:term":[{"taxonomy":"pwb-brand","embeddable":true,"href":"https:\/\/www.freeshopfrontiera.ch\/de\/wp-json\/wp\/v2\/pwb-brand?post=33829"},{"taxonomy":"product_brand","embeddable":true,"href":"https:\/\/www.freeshopfrontiera.ch\/de\/wp-json\/wp\/v2\/product_brand?post=33829"},{"taxonomy":"product_cat","embeddable":true,"href":"https:\/\/www.freeshopfrontiera.ch\/de\/wp-json\/wp\/v2\/product_cat?post=33829"},{"taxonomy":"product_tag","embeddable":true,"href":"https:\/\/www.freeshopfrontiera.ch\/de\/wp-json\/wp\/v2\/product_tag?post=33829"}],"curies":[{"name":"wp","href":"https:\/\/api.w.org\/{rel}","templated":true}]}}