{"id":33867,"date":"2025-07-28T14:55:27","date_gmt":"2025-07-28T14:55:27","guid":{"rendered":"https:\/\/www.freeshopfrontiera.ch\/shop\/beauty-of-joseon-relief-sun-aqua-fresh-rice-spf50\/"},"modified":"2025-07-28T15:13:38","modified_gmt":"2025-07-28T15:13:38","slug":"beauty-of-joseon-relief-sun-aqua-fresh-rice-spf50","status":"publish","type":"product","link":"https:\/\/www.freeshopfrontiera.ch\/de\/shop\/beauty-of-joseon-relief-sun-aqua-fresh-rice-spf50\/","title":{"rendered":"BEAUTY OF JOSEON Relief Sun Aqua-Fresh Rice SPF50"},"content":{"rendered":"<p data-start=\"2484\" data-end=\"2791\"><strong data-start=\"2484\" data-end=\"2548\">Beauty of Joseon Relief Sun Aqua-Fresh Rice + B5 SPF50+ 50ml<\/strong> ist ein ultraleichter Sonnenschutz f\u00fcrs Gesicht, ideal f\u00fcr normale, Mischhaut, empfindliche oder zu Akne neigende Haut. Die frische, fl\u00fcssige Textur zieht sofort ein und hinterl\u00e4sst ein nat\u00fcrliches, semi-mattes Finish \u2013 ganz ohne wei\u00dfen Film.<\/p>\n<p data-start=\"2793\" data-end=\"3029\">Mit <strong data-start=\"2797\" data-end=\"2816\">30\u202f% Reiswasser<\/strong> und <strong data-start=\"2821\" data-end=\"2847\">Vitamin B5 (Panthenol)<\/strong> spendet die Formel intensive Feuchtigkeit, beruhigt die Haut und st\u00e4rkt die Hautbarriere. Moderne UV-Filter bieten einen hohen Schutz mit SPF50+ PA++++ gegen UVA- und UVB-Strahlung.<\/p>\n<p data-start=\"3031\" data-end=\"3239\">Die Creme l\u00e4sst sich leicht auftragen, eignet sich hervorragend als Make-up-Grundlage und hinterl\u00e4sst kein fettiges Gef\u00fchl. Perfekt f\u00fcr den t\u00e4glichen Gebrauch, besonders bei Hitze oder hoher Luftfeuchtigkeit.<\/p>\n<p data-start=\"928\" data-end=\"1211\">Follow us! <a href=\"https:\/\/www.instagram.com\/freeshopswiss\/\" target=\"_blank\" rel=\"noopener\">@freeshopswiss<\/a><\/p>\n","protected":false},"excerpt":{"rendered":"<p><strong data-start=\"2484\" data-end=\"2548\">Beauty of Joseon Relief Sun Aqua-Fresh Rice + B5 SPF50+ 50ml<\/strong> ist ein ultraleichter Sonnenschutz f\u00fcrs Gesicht, ideal f\u00fcr normale, Mischhaut, empfindliche oder zu Akne neigende Haut.<\/p>\n","protected":false},"featured_media":33862,"comment_status":"open","ping_status":"closed","template":"","meta":[],"pwb-brand":[574],"product_brand":[],"product_cat":[292,111,546,3769,425],"product_tag":[419,293,4349,300,3612,492],"class_list":{"0":"post-33867","1":"product","2":"type-product","3":"status-publish","4":"has-post-thumbnail","6":"pwb-brand-beauty-of-joseon","7":"product_cat-behandlungen","8":"product_cat-fur-sie-de","9":"product_cat-gesichtsbehandlung","10":"product_cat-k-beauty-de","11":"product_cat-solari-de","12":"product_tag-behandlungen-de","13":"product_tag-frau","14":"product_tag-frauentag","15":"product_tag-gesichtsbehandlungen","16":"product_tag-k-beauty-de","17":"product_tag-sonnenschutzmittel","19":"first","20":"instock","21":"sale","22":"taxable","23":"shipping-taxable","24":"purchasable","25":"product-type-simple"},"brands":[{"id":574,"name":"Beauty of Joseon","slug":"beauty-of-joseon"}],"_links":{"self":[{"href":"https:\/\/www.freeshopfrontiera.ch\/de\/wp-json\/wp\/v2\/product\/33867","targetHints":{"allow":["GET"]}}],"collection":[{"href":"https:\/\/www.freeshopfrontiera.ch\/de\/wp-json\/wp\/v2\/product"}],"about":[{"href":"https:\/\/www.freeshopfrontiera.ch\/de\/wp-json\/wp\/v2\/types\/product"}],"replies":[{"embeddable":true,"href":"https:\/\/www.freeshopfrontiera.ch\/de\/wp-json\/wp\/v2\/comments?post=33867"}],"version-history":[{"count":1,"href":"https:\/\/www.freeshopfrontiera.ch\/de\/wp-json\/wp\/v2\/product\/33867\/revisions"}],"predecessor-version":[{"id":33870,"href":"https:\/\/www.freeshopfrontiera.ch\/de\/wp-json\/wp\/v2\/product\/33867\/revisions\/33870"}],"wp:featuredmedia":[{"embeddable":true,"href":"https:\/\/www.freeshopfrontiera.ch\/de\/wp-json\/wp\/v2\/media\/33862"}],"wp:attachment":[{"href":"https:\/\/www.freeshopfrontiera.ch\/de\/wp-json\/wp\/v2\/media?parent=33867"}],"wp:term":[{"taxonomy":"pwb-brand","embeddable":true,"href":"https:\/\/www.freeshopfrontiera.ch\/de\/wp-json\/wp\/v2\/pwb-brand?post=33867"},{"taxonomy":"product_brand","embeddable":true,"href":"https:\/\/www.freeshopfrontiera.ch\/de\/wp-json\/wp\/v2\/product_brand?post=33867"},{"taxonomy":"product_cat","embeddable":true,"href":"https:\/\/www.freeshopfrontiera.ch\/de\/wp-json\/wp\/v2\/product_cat?post=33867"},{"taxonomy":"product_tag","embeddable":true,"href":"https:\/\/www.freeshopfrontiera.ch\/de\/wp-json\/wp\/v2\/product_tag?post=33867"}],"curies":[{"name":"wp","href":"https:\/\/api.w.org\/{rel}","templated":true}]}}