{"id":33916,"date":"2025-07-29T07:58:30","date_gmt":"2025-07-29T07:58:30","guid":{"rendered":"https:\/\/www.freeshopfrontiera.ch\/shop\/lattafa-haya-eau-de-parfum-vapo-100ml\/"},"modified":"2025-07-30T08:13:28","modified_gmt":"2025-07-30T08:13:28","slug":"lattafa-haya-eau-de-parfum-vapo-100ml","status":"publish","type":"product","link":"https:\/\/www.freeshopfrontiera.ch\/de\/shop\/lattafa-haya-eau-de-parfum-vapo-100ml\/","title":{"rendered":"LATTAFA Haya Eau de Parfum 100ml"},"content":{"rendered":"<p data-start=\"206\" data-end=\"545\">Entdecke die umh\u00fcllende Eleganz von <strong data-start=\"242\" data-end=\"264\">Haya Eau de Parfum<\/strong> von <strong data-start=\"269\" data-end=\"280\">LATTAFA<\/strong> \u2013 ein raffinierter und verf\u00fchrerischer Damenduft, der die Sch\u00f6nheit und Anmut jeder Frau feiert. Haya ist f\u00fcr all jene gedacht, die sich mit Stil und Pers\u00f6nlichkeit abheben m\u00f6chten. Eine intensive und harmonische Duftkomposition, die dich den ganzen Tag begleitet.<\/p>\n<p data-start=\"547\" data-end=\"1050\">Die Kopfnote er\u00f6ffnet mit einem strahlenden und spritzigen Bouquet: <strong data-start=\"615\" data-end=\"629\">Bergamotte<\/strong>, <strong data-start=\"631\" data-end=\"643\">Pfirsich<\/strong> und <strong data-start=\"648\" data-end=\"664\">rote Fr\u00fcchte<\/strong> sorgen f\u00fcr eine unwiderstehlich fruchtige Frische, die vom ersten Atemzug an begeistert. Im Herzen des Dufts entfaltet sich eine romantische und raffinierte Blumenkomposition aus <strong data-start=\"844\" data-end=\"852\">Rose<\/strong>, <strong data-start=\"854\" data-end=\"864\">Jasmin<\/strong> und <strong data-start=\"869\" data-end=\"885\">Maigl\u00f6ckchen<\/strong>, die feminine Zartheit und Ausgewogenheit ausdr\u00fcckt. Die Basisnote rundet den Duft mit <strong data-start=\"973\" data-end=\"984\">Moschus<\/strong>, <strong data-start=\"986\" data-end=\"997\">Vanille<\/strong> und <strong data-start=\"1002\" data-end=\"1011\">Amber<\/strong> ab \u2013 warm, sinnlich und langanhaltend.<\/p>\n<p data-start=\"1052\" data-end=\"1434\"><strong data-start=\"1052\" data-end=\"1072\">Haya von Lattafa<\/strong> besticht durch seine harmonische Ausstrahlung und seinen unverwechselbaren Charakter. Der elegante 100ml-Flakon macht ihn zu einem stilvollen Begleiter \u2013 ideal f\u00fcr alle, die einen <strong data-start=\"1253\" data-end=\"1315\">modernen, langanhaltenden und ausgesprochen femininen Duft<\/strong> suchen. Perfekt f\u00fcr den Alltag und besondere Anl\u00e4sse ist Haya nicht nur ein Parfum, sondern ein echtes Stilaccessoire.<\/p>\n<p data-start=\"1087\" data-end=\"1443\">Follow us! <a href=\"https:\/\/www.instagram.com\/freeshopswiss\/\" target=\"_blank\" rel=\"noopener\">@freeshopswiss<\/a><\/p>\n","protected":false},"excerpt":{"rendered":"<p>Scopri l\u2019eleganza avvolgente di <strong data-start=\"258\" data-end=\"291\">Haya Eau de Parfum di LATTAFA<\/strong>, una fragranza femminile raffinata e seducente che celebra la bellezza e la grazia di ogni donna.<\/p>\n","protected":false},"featured_media":33908,"comment_status":"open","ping_status":"closed","template":"","meta":[],"pwb-brand":[],"product_brand":[],"product_cat":[84,111],"product_tag":[790,952,254,293],"class_list":{"0":"post-33916","1":"product","2":"type-product","3":"status-publish","4":"has-post-thumbnail","6":"product_cat-duefte","7":"product_cat-fur-sie-de","8":"product_tag-womens-fragrances-de","9":"product_tag-profumi-de","10":"product_tag-eau-de-parfum-de","11":"product_tag-frau","13":"first","14":"outofstock","15":"sale","16":"taxable","17":"shipping-taxable","18":"purchasable","19":"product-type-simple"},"brands":[],"_links":{"self":[{"href":"https:\/\/www.freeshopfrontiera.ch\/de\/wp-json\/wp\/v2\/product\/33916","targetHints":{"allow":["GET"]}}],"collection":[{"href":"https:\/\/www.freeshopfrontiera.ch\/de\/wp-json\/wp\/v2\/product"}],"about":[{"href":"https:\/\/www.freeshopfrontiera.ch\/de\/wp-json\/wp\/v2\/types\/product"}],"replies":[{"embeddable":true,"href":"https:\/\/www.freeshopfrontiera.ch\/de\/wp-json\/wp\/v2\/comments?post=33916"}],"version-history":[{"count":2,"href":"https:\/\/www.freeshopfrontiera.ch\/de\/wp-json\/wp\/v2\/product\/33916\/revisions"}],"predecessor-version":[{"id":33946,"href":"https:\/\/www.freeshopfrontiera.ch\/de\/wp-json\/wp\/v2\/product\/33916\/revisions\/33946"}],"wp:featuredmedia":[{"embeddable":true,"href":"https:\/\/www.freeshopfrontiera.ch\/de\/wp-json\/wp\/v2\/media\/33908"}],"wp:attachment":[{"href":"https:\/\/www.freeshopfrontiera.ch\/de\/wp-json\/wp\/v2\/media?parent=33916"}],"wp:term":[{"taxonomy":"pwb-brand","embeddable":true,"href":"https:\/\/www.freeshopfrontiera.ch\/de\/wp-json\/wp\/v2\/pwb-brand?post=33916"},{"taxonomy":"product_brand","embeddable":true,"href":"https:\/\/www.freeshopfrontiera.ch\/de\/wp-json\/wp\/v2\/product_brand?post=33916"},{"taxonomy":"product_cat","embeddable":true,"href":"https:\/\/www.freeshopfrontiera.ch\/de\/wp-json\/wp\/v2\/product_cat?post=33916"},{"taxonomy":"product_tag","embeddable":true,"href":"https:\/\/www.freeshopfrontiera.ch\/de\/wp-json\/wp\/v2\/product_tag?post=33916"}],"curies":[{"name":"wp","href":"https:\/\/api.w.org\/{rel}","templated":true}]}}