{"id":34109,"date":"2025-08-05T07:09:45","date_gmt":"2025-08-05T07:09:45","guid":{"rendered":"https:\/\/www.freeshopfrontiera.ch\/shop\/dr-althea-pure-grinding-cleansing-balm-50ml\/"},"modified":"2025-08-05T10:14:02","modified_gmt":"2025-08-05T10:14:02","slug":"dr-althea-pure-grinding-cleansing-balm-50ml","status":"publish","type":"product","link":"https:\/\/www.freeshopfrontiera.ch\/de\/shop\/dr-althea-pure-grinding-cleansing-balm-50ml\/","title":{"rendered":"DR. ALTHEA Pure Grinding Cleansing Balm 50ml"},"content":{"rendered":"<p data-start=\"1806\" data-end=\"2102\">Der <strong data-start=\"1810\" data-end=\"1858\">DR. ALTHEA Pure Grinding Cleansing Balm 50ml<\/strong> ist ein koreanischer Reinigungsbalsam, der die t\u00e4gliche Gesichtsreinigung in einen Moment reiner Pflege verwandelt. Die sanfte, aber wirksame Formel entfernt Make-up, Unreinheiten, \u00fcbersch\u00fcssigen Talg und sogar wasserfeste Sonnencreme m\u00fchelos.<\/p>\n<p data-start=\"2104\" data-end=\"2474\">Die buttrige Textur schmilzt auf der Haut und verwandelt sich in ein leichtes Reinigungs\u00f6l, das gr\u00fcndlich reinigt, ohne einen fettigen Film zu hinterlassen. Geeignet f\u00fcr alle Hauttypen \u2013 auch empfindliche Haut \u2013 enth\u00e4lt der <strong data-start=\"2328\" data-end=\"2360\">Pure Grinding Cleansing Balm<\/strong> <strong data-start=\"2361\" data-end=\"2380\">Macadamianuss\u00f6l<\/strong>, <strong data-start=\"2382\" data-end=\"2396\">Sheabutter<\/strong> und <strong data-start=\"2401\" data-end=\"2437\">beruhigende pflanzliche Extrakte<\/strong>, die die Haut pflegen und beruhigen.<\/p>\n<p data-start=\"2476\" data-end=\"2711\">Die Formel ist <strong data-start=\"2491\" data-end=\"2564\">frei von Sulfaten, Parabenen, Mineral\u00f6len und k\u00fcnstlichen Duftstoffen<\/strong> \u2013 f\u00fcr maximale Hautvertr\u00e4glichkeit. Die r\u00fcckfettende Wirkung verhindert das Austrocknen und hinterl\u00e4sst die Haut weich, geschmeidig und strahlend.<\/p>\n<p data-start=\"2713\" data-end=\"2868\">Ideal als erster Schritt der <strong data-start=\"2742\" data-end=\"2774\">koreanischen Doppelreinigung<\/strong>, ist dieser Balsam ein Must-have f\u00fcr alle, die eine gr\u00fcndliche, aber sanfte Reinigung suchen.<\/p>\n<p data-start=\"2870\" data-end=\"2888\"><strong data-start=\"2870\" data-end=\"2888\">Hauptvorteile:<\/strong><\/p>\n<ul data-start=\"2889\" data-end=\"3078\">\n<li data-start=\"2889\" data-end=\"2933\">\n<p data-start=\"2891\" data-end=\"2933\">Entfernt effektiv Make-up und Unreinheiten<\/p>\n<\/li>\n<li data-start=\"2934\" data-end=\"2968\">\n<p data-start=\"2936\" data-end=\"2968\">Wechselt von Balsam- zu \u00d6ltextur<\/p>\n<\/li>\n<li data-start=\"2969\" data-end=\"2994\">\n<p data-start=\"2971\" data-end=\"2994\">Pflegend und beruhigend<\/p>\n<\/li>\n<li data-start=\"2995\" data-end=\"3032\">\n<p data-start=\"2997\" data-end=\"3032\">Auch f\u00fcr empfindliche Haut geeignet<\/p>\n<\/li>\n<li data-start=\"3033\" data-end=\"3078\">\n<p data-start=\"3035\" data-end=\"3078\">Nicht komedogen und dermatologisch getestet<\/p>\n<\/li>\n<\/ul>\n<p data-start=\"3080\" data-end=\"3321\"><strong data-start=\"3080\" data-end=\"3094\">Anwendung:<\/strong> Eine kleine Menge mit dem Spatel entnehmen, auf die trockene Haut einmassieren, bis sich das Make-up vollst\u00e4ndig l\u00f6st, dann mit lauwarmem Wasser absp\u00fclen. F\u00fcr ein optimales Ergebnis anschlie\u00dfend einen Schaumreiniger verwenden.<\/p>\n<p data-start=\"3323\" data-end=\"3434\">Erlebe die reine Reinigung mit dem <strong data-start=\"3358\" data-end=\"3401\">DR. ALTHEA Pure Grinding Cleansing Balm<\/strong> \u2013 deine Haut wird es dir danken<\/p>\n<p data-start=\"1830\" data-end=\"1943\">Follow us! <a href=\"https:\/\/www.instagram.com\/freeshopswiss\/\" target=\"_blank\" rel=\"noopener\">@freeshopswiss<\/a><\/p>\n","protected":false},"excerpt":{"rendered":"<p>Der DR. ALTHEA Pure Grinding Cleansing Balm 50ml ist ein koreanischer Reinigungsbalsam, der die t\u00e4gliche Gesichtsreinigung in einen Moment reiner Pflege verwandelt. Die sanfte, aber wirksame Formel entfernt Make-up, Unreinheiten, \u00fcbersch\u00fcssigen Talg und sogar wasserfeste Sonnencreme m\u00fchelos. Die buttrige Textur schmilzt auf der Haut und verwandelt sich in ein leichtes Reinigungs\u00f6l, das gr\u00fcndlich reinigt, ohne [&hellip;]<\/p>\n","protected":false},"featured_media":34100,"comment_status":"open","ping_status":"closed","template":"","meta":[],"pwb-brand":[2012],"product_brand":[],"product_cat":[292,111,546,3769],"product_tag":[419,293,4349,300,3612],"class_list":{"0":"post-34109","1":"product","2":"type-product","3":"status-publish","4":"has-post-thumbnail","6":"pwb-brand-dr-althea","7":"product_cat-behandlungen","8":"product_cat-fur-sie-de","9":"product_cat-gesichtsbehandlung","10":"product_cat-k-beauty-de","11":"product_tag-behandlungen-de","12":"product_tag-frau","13":"product_tag-frauentag","14":"product_tag-gesichtsbehandlungen","15":"product_tag-k-beauty-de","17":"first","18":"instock","19":"sale","20":"taxable","21":"shipping-taxable","22":"purchasable","23":"product-type-simple"},"brands":[{"id":2012,"name":"DR. ALTHEA","slug":"dr-althea"}],"_links":{"self":[{"href":"https:\/\/www.freeshopfrontiera.ch\/de\/wp-json\/wp\/v2\/product\/34109","targetHints":{"allow":["GET"]}}],"collection":[{"href":"https:\/\/www.freeshopfrontiera.ch\/de\/wp-json\/wp\/v2\/product"}],"about":[{"href":"https:\/\/www.freeshopfrontiera.ch\/de\/wp-json\/wp\/v2\/types\/product"}],"replies":[{"embeddable":true,"href":"https:\/\/www.freeshopfrontiera.ch\/de\/wp-json\/wp\/v2\/comments?post=34109"}],"version-history":[{"count":1,"href":"https:\/\/www.freeshopfrontiera.ch\/de\/wp-json\/wp\/v2\/product\/34109\/revisions"}],"predecessor-version":[{"id":34114,"href":"https:\/\/www.freeshopfrontiera.ch\/de\/wp-json\/wp\/v2\/product\/34109\/revisions\/34114"}],"wp:featuredmedia":[{"embeddable":true,"href":"https:\/\/www.freeshopfrontiera.ch\/de\/wp-json\/wp\/v2\/media\/34100"}],"wp:attachment":[{"href":"https:\/\/www.freeshopfrontiera.ch\/de\/wp-json\/wp\/v2\/media?parent=34109"}],"wp:term":[{"taxonomy":"pwb-brand","embeddable":true,"href":"https:\/\/www.freeshopfrontiera.ch\/de\/wp-json\/wp\/v2\/pwb-brand?post=34109"},{"taxonomy":"product_brand","embeddable":true,"href":"https:\/\/www.freeshopfrontiera.ch\/de\/wp-json\/wp\/v2\/product_brand?post=34109"},{"taxonomy":"product_cat","embeddable":true,"href":"https:\/\/www.freeshopfrontiera.ch\/de\/wp-json\/wp\/v2\/product_cat?post=34109"},{"taxonomy":"product_tag","embeddable":true,"href":"https:\/\/www.freeshopfrontiera.ch\/de\/wp-json\/wp\/v2\/product_tag?post=34109"}],"curies":[{"name":"wp","href":"https:\/\/api.w.org\/{rel}","templated":true}]}}