{"id":34171,"date":"2025-08-06T07:00:41","date_gmt":"2025-08-06T07:00:41","guid":{"rendered":"https:\/\/www.freeshopfrontiera.ch\/shop\/collistar-talasso-scrub-revitalizing-exfoliating-salts-700gr\/"},"modified":"2025-08-06T07:11:53","modified_gmt":"2025-08-06T07:11:53","slug":"collistar-talasso-scrub-revitalizing-exfoliating-salts-700gr","status":"publish","type":"product","link":"https:\/\/www.freeshopfrontiera.ch\/de\/shop\/collistar-talasso-scrub-revitalizing-exfoliating-salts-700gr\/","title":{"rendered":"COLLISTAR Talasso Scrub Revitalizing Exfoliating Salts 700gr"},"content":{"rendered":"<p data-start=\"146\" data-end=\"223\"><strong data-start=\"146\" data-end=\"223\">COLLISTAR Talasso Scrub Rivitalizzante \u2013 Sali Esfolianti Rigeneranti 700g<\/strong><\/p>\n<p data-start=\"1857\" data-end=\"2273\">Erleben Sie die revitalisierende Wirkung des <strong data-start=\"1902\" data-end=\"1945\">COLLISTAR Talasso Scrub Revitalisierend<\/strong>, einem tonisierenden und exfolierenden K\u00f6rperpeeling, das Ihre Pflegeroutine in ein wahres Spa-Erlebnis verwandelt. Die exklusive Formel mit <strong data-start=\"2087\" data-end=\"2119\">Meersalzen, \u00e4therischen \u00d6len<\/strong> und <strong data-start=\"2124\" data-end=\"2145\">Pflanzenextrakten<\/strong> f\u00f6rdert die <strong data-start=\"2158\" data-end=\"2176\">Zellerneuerung<\/strong>, regt die Mikrozirkulation an und hinterl\u00e4sst die Haut <strong data-start=\"2232\" data-end=\"2272\">geschmeidig, gegl\u00e4ttet und strahlend<\/strong>.<\/p>\n<p data-start=\"2275\" data-end=\"2614\">Durch die Kombination von <strong data-start=\"2301\" data-end=\"2321\">Thalassotherapie<\/strong> (Meereswirkstoffe) und <strong data-start=\"2345\" data-end=\"2362\">Aromatherapie<\/strong> wirkt dieses Peeling tiefenreinigend, stimulierend und belebend. <strong data-start=\"2428\" data-end=\"2460\">Meersalz und Totes-Meer-Salz<\/strong> entfalten eine entgiftende und exfolierende Wirkung, w\u00e4hrend <strong data-start=\"2522\" data-end=\"2539\">pflegende \u00d6le<\/strong> wie Mandel-, Avocado- und Macadamia\u00f6l f\u00fcr Feuchtigkeit und Komfort sorgen.<\/p>\n<p data-start=\"2616\" data-end=\"2841\">Mit einem belebenden <strong data-start=\"2637\" data-end=\"2670\">Cocktail aus \u00e4therischen \u00d6len<\/strong> verleiht das Peeling sofort ein Gef\u00fchl von Wohlbefinden. Die Haut wirkt <strong data-start=\"2743\" data-end=\"2789\">glatter, straffer und besser durchfeuchtet<\/strong>, ideal vorbereitet f\u00fcr nachfolgende Pflegeprodukte.<\/p>\n<p data-start=\"2843\" data-end=\"2882\">Geeignet f\u00fcr alle Hauttypen \u2013 ideal um:<\/p>\n<ul data-start=\"2883\" data-end=\"3018\">\n<li data-start=\"2883\" data-end=\"2916\">\n<p data-start=\"2885\" data-end=\"2916\">trockene, raue Haut zu gl\u00e4tten;<\/p>\n<\/li>\n<li data-start=\"2917\" data-end=\"2966\">\n<p data-start=\"2919\" data-end=\"2966\">die Aufnahme von Pflegeprodukten zu verbessern;<\/p>\n<\/li>\n<li data-start=\"2967\" data-end=\"3018\">\n<p data-start=\"2969\" data-end=\"3018\">die Haut zu erneuern und zum Strahlen zu bringen.<\/p>\n<\/li>\n<\/ul>\n<p data-start=\"3020\" data-end=\"3215\"><strong data-start=\"3020\" data-end=\"3034\">Anwendung:<\/strong> Vor Gebrauch mit der beiliegenden Spatel gut umr\u00fchren. Auf feuchter Haut in kreisenden Bewegungen einmassieren, anschlie\u00dfend mit warmem Wasser absp\u00fclen. 1\u20132 Mal pro Woche anwenden.<\/p>\n<p data-start=\"3217\" data-end=\"3360\">G\u00f6nnen Sie sich mit dem <strong data-start=\"3241\" data-end=\"3284\">COLLISTAR Talasso Scrub Revitalisierend<\/strong> ein professionelles Pflegeerlebnis \u2013 f\u00fcr sichtbar sch\u00f6nere Haut, jeden Tag.<\/p>\n<p data-start=\"1733\" data-end=\"1922\">Follow us! <a href=\"https:\/\/www.instagram.com\/freeshopswiss\/\" target=\"_blank\" rel=\"noopener\">@freeshopswiss<\/a><\/p>\n","protected":false},"excerpt":{"rendered":"<p>COLLISTAR Talasso Scrub Rivitalizzante \u2013 Sali Esfolianti Rigeneranti 700g Erleben Sie die revitalisierende Wirkung des COLLISTAR Talasso Scrub Revitalisierend, einem tonisierenden und exfolierenden K\u00f6rperpeeling, das Ihre Pflegeroutine in ein wahres Spa-Erlebnis verwandelt. Die exklusive Formel mit Meersalzen, \u00e4therischen \u00d6len und Pflanzenextrakten f\u00f6rdert die Zellerneuerung, regt die Mikrozirkulation an und hinterl\u00e4sst die Haut geschmeidig, gegl\u00e4ttet und [&hellip;]<\/p>\n","protected":false},"featured_media":34162,"comment_status":"open","ping_status":"closed","template":"","meta":[],"pwb-brand":[437],"product_brand":[],"product_cat":[292,111,546],"product_tag":[419,293],"class_list":{"0":"post-34171","1":"product","2":"type-product","3":"status-publish","4":"has-post-thumbnail","6":"pwb-brand-collistar","7":"product_cat-behandlungen","8":"product_cat-fur-sie-de","9":"product_cat-gesichtsbehandlung","10":"product_tag-behandlungen-de","11":"product_tag-frau","13":"first","14":"instock","15":"sale","16":"taxable","17":"shipping-taxable","18":"purchasable","19":"product-type-simple"},"brands":[{"id":437,"name":"Collistar","slug":"collistar"}],"_links":{"self":[{"href":"https:\/\/www.freeshopfrontiera.ch\/de\/wp-json\/wp\/v2\/product\/34171","targetHints":{"allow":["GET"]}}],"collection":[{"href":"https:\/\/www.freeshopfrontiera.ch\/de\/wp-json\/wp\/v2\/product"}],"about":[{"href":"https:\/\/www.freeshopfrontiera.ch\/de\/wp-json\/wp\/v2\/types\/product"}],"replies":[{"embeddable":true,"href":"https:\/\/www.freeshopfrontiera.ch\/de\/wp-json\/wp\/v2\/comments?post=34171"}],"version-history":[{"count":1,"href":"https:\/\/www.freeshopfrontiera.ch\/de\/wp-json\/wp\/v2\/product\/34171\/revisions"}],"predecessor-version":[{"id":34175,"href":"https:\/\/www.freeshopfrontiera.ch\/de\/wp-json\/wp\/v2\/product\/34171\/revisions\/34175"}],"wp:featuredmedia":[{"embeddable":true,"href":"https:\/\/www.freeshopfrontiera.ch\/de\/wp-json\/wp\/v2\/media\/34162"}],"wp:attachment":[{"href":"https:\/\/www.freeshopfrontiera.ch\/de\/wp-json\/wp\/v2\/media?parent=34171"}],"wp:term":[{"taxonomy":"pwb-brand","embeddable":true,"href":"https:\/\/www.freeshopfrontiera.ch\/de\/wp-json\/wp\/v2\/pwb-brand?post=34171"},{"taxonomy":"product_brand","embeddable":true,"href":"https:\/\/www.freeshopfrontiera.ch\/de\/wp-json\/wp\/v2\/product_brand?post=34171"},{"taxonomy":"product_cat","embeddable":true,"href":"https:\/\/www.freeshopfrontiera.ch\/de\/wp-json\/wp\/v2\/product_cat?post=34171"},{"taxonomy":"product_tag","embeddable":true,"href":"https:\/\/www.freeshopfrontiera.ch\/de\/wp-json\/wp\/v2\/product_tag?post=34171"}],"curies":[{"name":"wp","href":"https:\/\/api.w.org\/{rel}","templated":true}]}}