{"id":34216,"date":"2025-08-11T10:20:04","date_gmt":"2025-08-11T10:20:04","guid":{"rendered":"https:\/\/www.freeshopfrontiera.ch\/shop\/mixsoon-bean-cleansing-oil-195ml\/"},"modified":"2025-10-06T21:41:22","modified_gmt":"2025-10-06T21:41:22","slug":"mixsoon-bean-cleansing-oil-195ml","status":"publish","type":"product","link":"https:\/\/www.freeshopfrontiera.ch\/de\/shop\/mixsoon-bean-cleansing-oil-195ml\/","title":{"rendered":"MIXSOON Bean Cleansing Oil 195ml"},"content":{"rendered":"<p data-start=\"3167\" data-end=\"3557\">Das <strong data-start=\"3171\" data-end=\"3201\">MIXSOON Bean Cleansing Oil<\/strong> ist ein hochwertiges Gesichtsreinigungs\u00f6l, das Make-up, \u00fcbersch\u00fcssigen Talg und Unreinheiten gr\u00fcndlich entfernt, ohne die nat\u00fcrliche Schutzbarriere der Haut zu beeintr\u00e4chtigen. Mit <strong data-start=\"3383\" data-end=\"3414\">fermentiertem Bohnenextrakt<\/strong> und pflegenden Pflanzen\u00f6len angereichert, sorgt es f\u00fcr eine gr\u00fcndliche Reinigung und hinterl\u00e4sst die Haut weich, hydratisiert und strahlend.<\/p>\n<p data-start=\"3559\" data-end=\"3878\">Die leichte, seidige Textur l\u00f6st selbst wasserfestes Make-up m\u00fchelos. W\u00e4hrend der sanften Massage entfernt das \u00d6l R\u00fcckst\u00e4nde von Sonnenschutz, Feinstaub und Schmutzpartikeln. Beim Kontakt mit Wasser emulgiert es zu einer milchigen Reinigungslotion, die sich leicht absp\u00fclen l\u00e4sst, ohne einen Fettfilm zu hinterlassen.<\/p>\n<p data-start=\"3880\" data-end=\"3908\"><strong data-start=\"3880\" data-end=\"3906\">Wirkstoffe &amp; Vorteile:<\/strong><\/p>\n<ul data-start=\"3909\" data-end=\"4202\">\n<li data-start=\"3909\" data-end=\"4031\">\n<p data-start=\"3911\" data-end=\"4031\"><strong data-start=\"3911\" data-end=\"3942\">Fermentierter Bohnenextrakt<\/strong>: reich an Aminos\u00e4uren und N\u00e4hrstoffen, pflegt die Haut und verbessert die Elastizit\u00e4t.<\/p>\n<\/li>\n<li data-start=\"4032\" data-end=\"4122\">\n<p data-start=\"4034\" data-end=\"4122\"><strong data-start=\"4034\" data-end=\"4060\">Nat\u00fcrliche Pflanzen\u00f6le<\/strong>: reinigen gr\u00fcndlich und erhalten die Feuchtigkeit der Haut.<\/p>\n<\/li>\n<li data-start=\"4123\" data-end=\"4202\">\n<p data-start=\"4125\" data-end=\"4202\"><strong data-start=\"4125\" data-end=\"4142\">Sanfte Formel<\/strong>: f\u00fcr alle Hauttypen geeignet, auch f\u00fcr empfindliche Haut.<\/p>\n<\/li>\n<\/ul>\n<p data-start=\"4204\" data-end=\"4384\"><strong data-start=\"4204\" data-end=\"4218\">Anwendung:<\/strong> 2-3 Pumpst\u00f6\u00dfe in trockene H\u00e4nde geben, sanft auf das trockene Gesicht einmassieren, lauwarmes Wasser hinzuf\u00fcgen, um zu emulgieren, anschlie\u00dfend gr\u00fcndlich absp\u00fclen.<\/p>\n<p data-start=\"4386\" data-end=\"4405\"><strong data-start=\"4386\" data-end=\"4403\">Warum w\u00e4hlen:<\/strong><\/p>\n<ul data-start=\"4406\" data-end=\"4613\">\n<li data-start=\"4406\" data-end=\"4471\">\n<p data-start=\"4408\" data-end=\"4471\">Doppelwirkung: Entfernt Make-up und reinigt in einem Schritt.<\/p>\n<\/li>\n<li data-start=\"4472\" data-end=\"4547\">\n<p data-start=\"4474\" data-end=\"4547\">Perfekt als erster Schritt der koreanischen <em data-start=\"4518\" data-end=\"4536\">Double-Cleansing<\/em>-Routine.<\/p>\n<\/li>\n<li data-start=\"4548\" data-end=\"4613\">\n<p data-start=\"4550\" data-end=\"4613\">Nicht komedogen, hinterl\u00e4sst die Haut frisch und geschmeidig<\/p>\n<\/li>\n<\/ul>\n<p data-start=\"1790\" data-end=\"2008\">Follow us! <a href=\"https:\/\/www.instagram.com\/freeshopswiss\/\" target=\"_blank\" rel=\"noopener\">@freeshopswiss<\/a><\/p>\n","protected":false},"excerpt":{"rendered":"<p>Das MIXSOON Bean Cleansing Oil ist ein hochwertiges Gesichtsreinigungs\u00f6l, das Make-up, \u00fcbersch\u00fcssigen Talg und Unreinheiten gr\u00fcndlich entfernt, ohne die nat\u00fcrliche Schutzbarriere der Haut zu beeintr\u00e4chtigen. Mit fermentiertem Bohnenextrakt und pflegenden Pflanzen\u00f6len angereichert, sorgt es f\u00fcr eine gr\u00fcndliche Reinigung und hinterl\u00e4sst die Haut weich, hydratisiert und strahlend. Die leichte, seidige Textur l\u00f6st selbst wasserfestes Make-up m\u00fchelos. [&hellip;]<\/p>\n","protected":false},"featured_media":34212,"comment_status":"open","ping_status":"closed","template":"","meta":[],"pwb-brand":[299],"product_brand":[],"product_cat":[111,546,3769],"product_tag":[419,293,300,3612],"class_list":{"0":"post-34216","1":"product","2":"type-product","3":"status-publish","4":"has-post-thumbnail","6":"pwb-brand-mixsoon","7":"product_cat-fur-sie-de","8":"product_cat-gesichtsbehandlung","9":"product_cat-k-beauty-de","10":"product_tag-behandlungen-de","11":"product_tag-frau","12":"product_tag-gesichtsbehandlungen","13":"product_tag-k-beauty-de","15":"first","16":"instock","17":"sale","18":"taxable","19":"shipping-taxable","20":"purchasable","21":"product-type-simple"},"brands":[{"id":299,"name":"Mixsoon","slug":"mixsoon"}],"_links":{"self":[{"href":"https:\/\/www.freeshopfrontiera.ch\/de\/wp-json\/wp\/v2\/product\/34216","targetHints":{"allow":["GET"]}}],"collection":[{"href":"https:\/\/www.freeshopfrontiera.ch\/de\/wp-json\/wp\/v2\/product"}],"about":[{"href":"https:\/\/www.freeshopfrontiera.ch\/de\/wp-json\/wp\/v2\/types\/product"}],"replies":[{"embeddable":true,"href":"https:\/\/www.freeshopfrontiera.ch\/de\/wp-json\/wp\/v2\/comments?post=34216"}],"version-history":[{"count":1,"href":"https:\/\/www.freeshopfrontiera.ch\/de\/wp-json\/wp\/v2\/product\/34216\/revisions"}],"predecessor-version":[{"id":34220,"href":"https:\/\/www.freeshopfrontiera.ch\/de\/wp-json\/wp\/v2\/product\/34216\/revisions\/34220"}],"wp:featuredmedia":[{"embeddable":true,"href":"https:\/\/www.freeshopfrontiera.ch\/de\/wp-json\/wp\/v2\/media\/34212"}],"wp:attachment":[{"href":"https:\/\/www.freeshopfrontiera.ch\/de\/wp-json\/wp\/v2\/media?parent=34216"}],"wp:term":[{"taxonomy":"pwb-brand","embeddable":true,"href":"https:\/\/www.freeshopfrontiera.ch\/de\/wp-json\/wp\/v2\/pwb-brand?post=34216"},{"taxonomy":"product_brand","embeddable":true,"href":"https:\/\/www.freeshopfrontiera.ch\/de\/wp-json\/wp\/v2\/product_brand?post=34216"},{"taxonomy":"product_cat","embeddable":true,"href":"https:\/\/www.freeshopfrontiera.ch\/de\/wp-json\/wp\/v2\/product_cat?post=34216"},{"taxonomy":"product_tag","embeddable":true,"href":"https:\/\/www.freeshopfrontiera.ch\/de\/wp-json\/wp\/v2\/product_tag?post=34216"}],"curies":[{"name":"wp","href":"https:\/\/api.w.org\/{rel}","templated":true}]}}