{"id":34259,"date":"2025-08-11T13:15:40","date_gmt":"2025-08-11T13:15:40","guid":{"rendered":"https:\/\/www.freeshopfrontiera.ch\/shop\/gianni-versace-eros-najim-100ml\/"},"modified":"2026-03-09T10:04:10","modified_gmt":"2026-03-09T10:04:10","slug":"gianni-versace-eros-najim-100ml","status":"publish","type":"product","link":"https:\/\/www.freeshopfrontiera.ch\/de\/shop\/gianni-versace-eros-najim-100ml\/","title":{"rendered":"VERSACE Eros Najim Eau de Parfum"},"content":{"rendered":"<h2 data-start=\"3902\" data-end=\"4013\"><strong data-start=\"3910\" data-end=\"4011\">VERSACE Eros Najim \u2013 Intensives &amp; verf\u00fchrerisches Eau de Parfum f\u00fcr Herren<\/strong><\/h2>\n<p data-start=\"4015\" data-end=\"5881\"><strong data-start=\"4015\" data-end=\"4044\">Versace Eros Najim<\/strong> ist ein Duft, der St\u00e4rke, Leidenschaft und Anziehungskraft verk\u00f6rpert \u2013 geschaffen f\u00fcr den charismatischen Mann, der auffallen m\u00f6chte. Die Komposition er\u00f6ffnet mit einer frischen, lebendigen Explosion aus <strong data-start=\"4250\" data-end=\"4259\">Minze<\/strong> und <strong data-start=\"4264\" data-end=\"4295\">mediterranen Zitrusfr\u00fcchten<\/strong>, verfeinert durch w\u00fcrzige Nuancen, die von der ersten Sekunde an Energie und Vitalit\u00e4t verleihen. Im Herzen entfaltet sich ein umh\u00fcllendes aromatisches Bouquet aus <strong data-start=\"4460\" data-end=\"4498\">w\u00fcrzigen Bl\u00fcten, Kardamom und Zimt<\/strong>, das einen sinnlichen und raffinierten Charakter schafft.<\/p>\n<p data-start=\"4015\" data-end=\"5881\">Die Basis offenbart die tiefste und verf\u00fchrerischste Facette des Duftes: eine Harmonie aus <strong data-start=\"4648\" data-end=\"4669\">kostbaren H\u00f6lzern<\/strong>, <strong data-start=\"4671\" data-end=\"4691\">cremiger Vanille<\/strong> und <strong data-start=\"4696\" data-end=\"4712\">warmer Ambra<\/strong>, die die Haut in eine langanhaltende, magnetische Umarmung h\u00fcllt. Dieses Eau de Parfum bietet eine intensive, best\u00e4ndige Duftspur \u2013 perfekt f\u00fcr besondere Abende, Events und Momente, in denen man einen bleibenden Eindruck hinterlassen m\u00f6chte. Der Flakon ist eine wahre Stilikone: k\u00fchn, luxuri\u00f6s und unverkennbar Versace, Symbol f\u00fcr Kraft und Raffinesse, und eine eindrucksvolle Erg\u00e4nzung jeder Duftsammlung. Vielseitig und doch mit einer starken Identit\u00e4t passt sich Eros Najim allen Jahreszeiten an und beh\u00e4lt seinen Reiz sowohl in k\u00fchlen Fr\u00fchlingsn\u00e4chten als auch an tiefen Winterabenden. Ideal f\u00fcr den modernen Mann, der Qualit\u00e4t und Luxus sch\u00e4tzt, ist dieser Duft eine Erkl\u00e4rung von Pers\u00f6nlichkeit und Verf\u00fchrung.<\/p>\n<p data-start=\"4015\" data-end=\"5881\">\n<p data-start=\"278\" data-end=\"2019\">Follow us! <a href=\"https:\/\/www.instagram.com\/freeshopswiss\/\" target=\"_blank\" rel=\"noopener\">@freeshopswiss<\/a><\/p>\n","protected":false},"excerpt":{"rendered":"<p>VERSACE Eros Najim \u2013 Intensives &amp; verf\u00fchrerisches Eau de Parfum f\u00fcr Herren Versace Eros Najim ist ein Duft, der St\u00e4rke, Leidenschaft und Anziehungskraft verk\u00f6rpert \u2013 geschaffen f\u00fcr den charismatischen Mann, der auffallen m\u00f6chte. Die Komposition er\u00f6ffnet mit einer frischen, lebendigen Explosion aus Minze und mediterranen Zitrusfr\u00fcchten, verfeinert durch w\u00fcrzige Nuancen, die von der ersten Sekunde [&hellip;]<\/p>\n","protected":false},"featured_media":34241,"comment_status":"open","ping_status":"closed","template":"","meta":[],"pwb-brand":[124],"product_brand":[],"product_cat":[84,86],"product_tag":[952,254,953,1642],"class_list":{"0":"post-34259","1":"product","2":"type-product","3":"status-publish","4":"has-post-thumbnail","6":"pwb-brand-versace","7":"product_cat-duefte","8":"product_cat-fur-ihn-de","9":"product_tag-profumi-de","10":"product_tag-eau-de-parfum-de","11":"product_tag-uomo-de","12":"product_tag-mens-fragrances-de","14":"first","15":"instock","16":"sale","17":"taxable","18":"shipping-taxable","19":"purchasable","20":"product-type-variable","21":"has-default-attributes"},"brands":[{"id":124,"name":"Versace","slug":"versace"}],"_links":{"self":[{"href":"https:\/\/www.freeshopfrontiera.ch\/de\/wp-json\/wp\/v2\/product\/34259","targetHints":{"allow":["GET"]}}],"collection":[{"href":"https:\/\/www.freeshopfrontiera.ch\/de\/wp-json\/wp\/v2\/product"}],"about":[{"href":"https:\/\/www.freeshopfrontiera.ch\/de\/wp-json\/wp\/v2\/types\/product"}],"replies":[{"embeddable":true,"href":"https:\/\/www.freeshopfrontiera.ch\/de\/wp-json\/wp\/v2\/comments?post=34259"}],"version-history":[{"count":6,"href":"https:\/\/www.freeshopfrontiera.ch\/de\/wp-json\/wp\/v2\/product\/34259\/revisions"}],"predecessor-version":[{"id":40803,"href":"https:\/\/www.freeshopfrontiera.ch\/de\/wp-json\/wp\/v2\/product\/34259\/revisions\/40803"}],"wp:featuredmedia":[{"embeddable":true,"href":"https:\/\/www.freeshopfrontiera.ch\/de\/wp-json\/wp\/v2\/media\/34241"}],"wp:attachment":[{"href":"https:\/\/www.freeshopfrontiera.ch\/de\/wp-json\/wp\/v2\/media?parent=34259"}],"wp:term":[{"taxonomy":"pwb-brand","embeddable":true,"href":"https:\/\/www.freeshopfrontiera.ch\/de\/wp-json\/wp\/v2\/pwb-brand?post=34259"},{"taxonomy":"product_brand","embeddable":true,"href":"https:\/\/www.freeshopfrontiera.ch\/de\/wp-json\/wp\/v2\/product_brand?post=34259"},{"taxonomy":"product_cat","embeddable":true,"href":"https:\/\/www.freeshopfrontiera.ch\/de\/wp-json\/wp\/v2\/product_cat?post=34259"},{"taxonomy":"product_tag","embeddable":true,"href":"https:\/\/www.freeshopfrontiera.ch\/de\/wp-json\/wp\/v2\/product_tag?post=34259"}],"curies":[{"name":"wp","href":"https:\/\/api.w.org\/{rel}","templated":true}]}}