{"id":34305,"date":"2025-08-11T14:10:52","date_gmt":"2025-08-11T14:10:52","guid":{"rendered":"https:\/\/www.freeshopfrontiera.ch\/shop\/yves-saint-laurent-cinema-80ml\/"},"modified":"2025-12-15T09:42:44","modified_gmt":"2025-12-15T09:42:44","slug":"yves-saint-laurent-cinema-80ml","status":"publish","type":"product","link":"https:\/\/www.freeshopfrontiera.ch\/de\/shop\/yves-saint-laurent-cinema-80ml\/","title":{"rendered":"YVES SAINT LAURENT Cin\u00e9ma EdP 80ml"},"content":{"rendered":"<p data-start=\"1567\" data-end=\"1651\"><strong data-start=\"1567\" data-end=\"1649\">YVES SAINT LAURENT Cin\u00e9ma Eau de Parfum \u2013 Der Zauber der Stars in einem Flakon<\/strong><\/p>\n<p data-start=\"1653\" data-end=\"1958\"><strong data-start=\"1653\" data-end=\"1682\">Yves Saint Laurent Cin\u00e9ma<\/strong> ist der Duft f\u00fcr die Frau, die sich gerne wie der Star auf der B\u00fchne f\u00fchlt \u2013 stets im Rampenlicht, mit makellosem Stil und magnetischer Weiblichkeit. Inspiriert vom Glamour des Kinos vereint dieses Parfum Eleganz und Sinnlichkeit in einem strahlenden, raffinierten Bouquet.<\/p>\n<p data-start=\"1960\" data-end=\"2341\">Der Auftakt ist hell und lebendig mit spritziger <strong data-start=\"2009\" data-end=\"2053\">Mandarine, Alpenveilchen und Mandelbl\u00fcte<\/strong>, die sofort Frische und Weiblichkeit verleihen. Das reiche, umh\u00fcllende Herz aus <strong data-start=\"2134\" data-end=\"2171\">Jasmin, Pfingstrose und Amaryllis<\/strong> strahlt zeitlose Eleganz aus. Die Basis mit <strong data-start=\"2216\" data-end=\"2235\">Bourbon-Vanille<\/strong>, veredelt durch <strong data-start=\"2252\" data-end=\"2280\">Amber und wei\u00dfen Moschus<\/strong>, schenkt W\u00e4rme, Sinnlichkeit und eine unvergessliche Spur.<\/p>\n<p data-start=\"2343\" data-end=\"2665\"><strong data-start=\"2343\" data-end=\"2353\">Cin\u00e9ma<\/strong> ist ein langanhaltender, umh\u00fcllender Duft, perfekt f\u00fcr den Abend und besondere Anl\u00e4sse, aber auch edel genug f\u00fcr den Tag, wenn Sie sich einzigartig f\u00fchlen m\u00f6chten. Der elegante goldene Flakon mit <strong data-start=\"2550\" data-end=\"2559\">90 ml<\/strong> reflektiert das Licht wie eine prestigetr\u00e4chtige Auszeichnung \u2013 ein Symbol f\u00fcr Erfolg und Weiblichkeit.<\/p>\n<p data-start=\"2667\" data-end=\"2924\">Mit <strong data-start=\"2671\" data-end=\"2700\">Yves Saint Laurent Cin\u00e9ma<\/strong> treten Sie selbstbewusst und charmant ins Rampenlicht und verwandeln jede Geste in einen unvergesslichen Moment. Der ideale Duft, um Ihre sinnliche und anspruchsvolle Seite mit einem Hauch von Kinomagie zu unterstreichen.<\/p>\n<p data-start=\"1392\" data-end=\"1661\">Follow us! <a href=\"https:\/\/www.instagram.com\/freeshopswiss\/\" target=\"_blank\" rel=\"noopener\">@freeshopswiss<\/a><\/p>\n","protected":false},"excerpt":{"rendered":"<p>YVES SAINT LAURENT Cin\u00e9ma Eau de Parfum \u2013 Der Zauber der Stars in einem Flakon Yves Saint Laurent Cin\u00e9ma ist der Duft f\u00fcr die Frau, die sich gerne wie der Star auf der B\u00fchne f\u00fchlt \u2013 stets im Rampenlicht, mit makellosem Stil und magnetischer Weiblichkeit. Inspiriert vom Glamour des Kinos vereint dieses Parfum Eleganz und [&hellip;]<\/p>\n","protected":false},"featured_media":34300,"comment_status":"open","ping_status":"closed","template":"","meta":[],"pwb-brand":[268],"product_brand":[],"product_cat":[84,111],"product_tag":[790,952,254,293],"class_list":{"0":"post-34305","1":"product","2":"type-product","3":"status-publish","4":"has-post-thumbnail","6":"pwb-brand-yves-saint-laurent","7":"product_cat-duefte","8":"product_cat-fur-sie-de","9":"product_tag-womens-fragrances-de","10":"product_tag-profumi-de","11":"product_tag-eau-de-parfum-de","12":"product_tag-frau","14":"first","15":"instock","16":"sale","17":"taxable","18":"shipping-taxable","19":"purchasable","20":"product-type-simple"},"brands":[{"id":268,"name":"Yves Saint Laurent","slug":"yves-saint-laurent"}],"_links":{"self":[{"href":"https:\/\/www.freeshopfrontiera.ch\/de\/wp-json\/wp\/v2\/product\/34305","targetHints":{"allow":["GET"]}}],"collection":[{"href":"https:\/\/www.freeshopfrontiera.ch\/de\/wp-json\/wp\/v2\/product"}],"about":[{"href":"https:\/\/www.freeshopfrontiera.ch\/de\/wp-json\/wp\/v2\/types\/product"}],"replies":[{"embeddable":true,"href":"https:\/\/www.freeshopfrontiera.ch\/de\/wp-json\/wp\/v2\/comments?post=34305"}],"version-history":[{"count":3,"href":"https:\/\/www.freeshopfrontiera.ch\/de\/wp-json\/wp\/v2\/product\/34305\/revisions"}],"predecessor-version":[{"id":37911,"href":"https:\/\/www.freeshopfrontiera.ch\/de\/wp-json\/wp\/v2\/product\/34305\/revisions\/37911"}],"wp:featuredmedia":[{"embeddable":true,"href":"https:\/\/www.freeshopfrontiera.ch\/de\/wp-json\/wp\/v2\/media\/34300"}],"wp:attachment":[{"href":"https:\/\/www.freeshopfrontiera.ch\/de\/wp-json\/wp\/v2\/media?parent=34305"}],"wp:term":[{"taxonomy":"pwb-brand","embeddable":true,"href":"https:\/\/www.freeshopfrontiera.ch\/de\/wp-json\/wp\/v2\/pwb-brand?post=34305"},{"taxonomy":"product_brand","embeddable":true,"href":"https:\/\/www.freeshopfrontiera.ch\/de\/wp-json\/wp\/v2\/product_brand?post=34305"},{"taxonomy":"product_cat","embeddable":true,"href":"https:\/\/www.freeshopfrontiera.ch\/de\/wp-json\/wp\/v2\/product_cat?post=34305"},{"taxonomy":"product_tag","embeddable":true,"href":"https:\/\/www.freeshopfrontiera.ch\/de\/wp-json\/wp\/v2\/product_tag?post=34305"}],"curies":[{"name":"wp","href":"https:\/\/api.w.org\/{rel}","templated":true}]}}