{"id":34371,"date":"2025-08-11T15:34:57","date_gmt":"2025-08-11T15:34:57","guid":{"rendered":"https:\/\/www.freeshopfrontiera.ch\/shop\/mixsoon-centella-cleansing-foam-150ml\/"},"modified":"2025-10-06T21:41:22","modified_gmt":"2025-10-06T21:41:22","slug":"mixsoon-centella-cleansing-foam-150ml","status":"publish","type":"product","link":"https:\/\/www.freeshopfrontiera.ch\/de\/shop\/mixsoon-centella-cleansing-foam-150ml\/","title":{"rendered":"MIXSOON Centella Cleansing Foam 150ml"},"content":{"rendered":"<h4 data-start=\"57\" data-end=\"168\"><strong data-start=\"57\" data-end=\"166\">MIXSOON Centella Cleansing Foam 150 ml \u2013 Sanfte und beruhigende Reinigung f\u00fcr eine frische, gekl\u00e4rte Haut<\/strong><\/h4>\n<p data-start=\"170\" data-end=\"666\">Der MIXSOON Centella Cleansing Foam ist ein sch\u00e4umender Gesichtsreiniger, der f\u00fcr eine gr\u00fcndliche, aber sanfte Reinigung entwickelt wurde \u2013 ideal f\u00fcr alle Hauttypen, auch f\u00fcr sehr empfindliche und gereizte Haut. Dank des Extrakts aus Centella Asiatica, bekannt f\u00fcr seine beruhigenden und regenerierenden Eigenschaften, hilft dieser Reinigungsschaum, die Haut zu beruhigen, R\u00f6tungen und Irritationen zu reduzieren und sie weich, mit Feuchtigkeit versorgt und porentief gereinigt zu hinterlassen.<\/p>\n<p data-start=\"668\" data-end=\"1024\">Die sch\u00e4umende Textur verwandelt sich beim Kontakt mit Wasser in eine zarte Creme und entfernt effektiv Unreinheiten, Make-up und \u00fcbersch\u00fcssigen Talg, ohne die Haut auszutrocknen. Zudem enth\u00e4lt sie n\u00e4hrende und antioxidative Inhaltsstoffe, die die Hautbarriere sch\u00fctzen, die allgemeine Hautgesundheit f\u00f6rdern und einer vorzeitigen Hautalterung vorbeugen.<\/p>\n<p data-start=\"1026\" data-end=\"1354\">Der MIXSOON Centella Cleansing Foam ist perfekt f\u00fcr alle, die ein sanftes, aber wirksames Produkt suchen, das sich f\u00fcr die t\u00e4gliche Anwendung morgens und abends eignet. Nach der Anwendung wirkt die Haut sichtbar strahlender, frischer und geschmeidiger, mit einem ausgleichenden Effekt, der die nat\u00fcrliche Feuchtigkeit bewahrt.<\/p>\n<p data-start=\"1356\" data-end=\"1613\">Die praktische 150 ml-Verpackung ist einfach anzuwenden und ideal f\u00fcr Reisen oder die t\u00e4gliche Pflegeroutine zu Hause. Die leichte, frische Textur sorgt f\u00fcr ein angenehmes, entspannendes Auftragen und verwandelt die Reinigung in ein echtes Wohlf\u00fchlritual.<\/p>\n<p data-start=\"1615\" data-end=\"1833\">Mit dem MIXSOON Centella Cleansing Foam entscheiden Sie sich f\u00fcr einen t\u00e4glichen Verb\u00fcndeten f\u00fcr eine saubere, beruhigte und regenerierte Haut \u2013 bereit, jeden Tag mit einem gesunden, strahlenden Aussehen zu beginnen.<\/p>\n<p data-start=\"1574\" data-end=\"1760\">Follow us! <a href=\"https:\/\/www.instagram.com\/freeshopswiss\/\" target=\"_blank\" rel=\"noopener\">@freeshopswiss<\/a><\/p>\n","protected":false},"excerpt":{"rendered":"<p>MIXSOON Centella Cleansing Foam 150 ml \u2013 Sanfte und beruhigende Reinigung f\u00fcr eine frische, gekl\u00e4rte Haut Der MIXSOON Centella Cleansing Foam ist ein sch\u00e4umender Gesichtsreiniger, der f\u00fcr eine gr\u00fcndliche, aber sanfte Reinigung entwickelt wurde \u2013 ideal f\u00fcr alle Hauttypen, auch f\u00fcr sehr empfindliche und gereizte Haut. Dank des Extrakts aus Centella Asiatica, bekannt f\u00fcr seine [&hellip;]<\/p>\n","protected":false},"featured_media":34367,"comment_status":"open","ping_status":"closed","template":"","meta":[],"pwb-brand":[299],"product_brand":[],"product_cat":[292,111,546,3769],"product_tag":[419,293,300,3612],"class_list":{"0":"post-34371","1":"product","2":"type-product","3":"status-publish","4":"has-post-thumbnail","6":"pwb-brand-mixsoon","7":"product_cat-behandlungen","8":"product_cat-fur-sie-de","9":"product_cat-gesichtsbehandlung","10":"product_cat-k-beauty-de","11":"product_tag-behandlungen-de","12":"product_tag-frau","13":"product_tag-gesichtsbehandlungen","14":"product_tag-k-beauty-de","16":"first","17":"outofstock","18":"sale","19":"taxable","20":"shipping-taxable","21":"purchasable","22":"product-type-simple"},"brands":[{"id":299,"name":"Mixsoon","slug":"mixsoon"}],"_links":{"self":[{"href":"https:\/\/www.freeshopfrontiera.ch\/de\/wp-json\/wp\/v2\/product\/34371","targetHints":{"allow":["GET"]}}],"collection":[{"href":"https:\/\/www.freeshopfrontiera.ch\/de\/wp-json\/wp\/v2\/product"}],"about":[{"href":"https:\/\/www.freeshopfrontiera.ch\/de\/wp-json\/wp\/v2\/types\/product"}],"replies":[{"embeddable":true,"href":"https:\/\/www.freeshopfrontiera.ch\/de\/wp-json\/wp\/v2\/comments?post=34371"}],"version-history":[{"count":3,"href":"https:\/\/www.freeshopfrontiera.ch\/de\/wp-json\/wp\/v2\/product\/34371\/revisions"}],"predecessor-version":[{"id":34379,"href":"https:\/\/www.freeshopfrontiera.ch\/de\/wp-json\/wp\/v2\/product\/34371\/revisions\/34379"}],"wp:featuredmedia":[{"embeddable":true,"href":"https:\/\/www.freeshopfrontiera.ch\/de\/wp-json\/wp\/v2\/media\/34367"}],"wp:attachment":[{"href":"https:\/\/www.freeshopfrontiera.ch\/de\/wp-json\/wp\/v2\/media?parent=34371"}],"wp:term":[{"taxonomy":"pwb-brand","embeddable":true,"href":"https:\/\/www.freeshopfrontiera.ch\/de\/wp-json\/wp\/v2\/pwb-brand?post=34371"},{"taxonomy":"product_brand","embeddable":true,"href":"https:\/\/www.freeshopfrontiera.ch\/de\/wp-json\/wp\/v2\/product_brand?post=34371"},{"taxonomy":"product_cat","embeddable":true,"href":"https:\/\/www.freeshopfrontiera.ch\/de\/wp-json\/wp\/v2\/product_cat?post=34371"},{"taxonomy":"product_tag","embeddable":true,"href":"https:\/\/www.freeshopfrontiera.ch\/de\/wp-json\/wp\/v2\/product_tag?post=34371"}],"curies":[{"name":"wp","href":"https:\/\/api.w.org\/{rel}","templated":true}]}}