{"id":34392,"date":"2025-08-12T08:54:26","date_gmt":"2025-08-12T08:54:26","guid":{"rendered":"https:\/\/www.freeshopfrontiera.ch\/shop\/beauty-of-joseon-dynasty-cream-50ml\/"},"modified":"2025-08-12T09:16:03","modified_gmt":"2025-08-12T09:16:03","slug":"beauty-of-joseon-dynasty-cream-50ml","status":"publish","type":"product","link":"https:\/\/www.freeshopfrontiera.ch\/de\/shop\/beauty-of-joseon-dynasty-cream-50ml\/","title":{"rendered":"BEAUTY OF JOSEON Dynasty Cream 50ml"},"content":{"rendered":"<p data-start=\"145\" data-end=\"273\"><strong data-start=\"164\" data-end=\"271\">BEAUTY OF JOSEON Dynasty Cream 50 ml \u2013 Intensive Feuchtigkeit und k\u00f6nigliche Ausstrahlung f\u00fcr Ihre Haut<\/strong><\/p>\n<p data-start=\"275\" data-end=\"687\">Die <strong data-start=\"279\" data-end=\"313\">BEAUTY OF JOSEON Dynasty Cream<\/strong> ist eine Gesichtscreme, inspiriert von den traditionellen koreanischen Sch\u00f6nheitsrezepten. Sie bietet tiefe N\u00e4hrung, langanhaltende Feuchtigkeit und einen strahlenden Teint. Angereichert mit erlesenen Inhaltsstoffen wie Reiswasser, Ginseng, Honig und Niacinamid, vereint diese Creme Tradition und Innovation, um Ihrer Haut ein gesundes, leuchtendes Aussehen zu verleihen.<\/p>\n<p data-start=\"689\" data-end=\"1115\">Die reichhaltige, aber leichte Textur zieht schnell ein, umh\u00fcllt die Haut mit einem seidigen Schutzfilm, speichert die Feuchtigkeit und verbessert die Elastizit\u00e4t. Reiswasser und Ginseng liefern Mineralien und Antioxidantien, w\u00e4hrend Niacinamid den Hautton ausgleicht und das Erscheinungsbild von Flecken und Verf\u00e4rbungen reduziert. Honig und nat\u00fcrliche Fermente st\u00e4rken die Hautbarriere und sch\u00fctzen vor \u00e4u\u00dferen Einfl\u00fcssen.<\/p>\n<p data-start=\"1117\" data-end=\"1375\">Geeignet f\u00fcr alle Hauttypen, auch f\u00fcr empfindliche Haut, ist die Dynasty Cream ideal f\u00fcr die t\u00e4gliche Pflege morgens und abends. Bei regelm\u00e4\u00dfiger Anwendung wirkt die Haut weicher, praller und strahlender \u2013 mit einem jugendlichen, frischen Erscheinungsbild.<\/p>\n<p data-start=\"1377\" data-end=\"1572\">Das praktische 50-ml-Format ist perfekt f\u00fcr die Anwendung zu Hause oder unterwegs und macht jede Anwendung zu einem k\u00f6niglichen Sch\u00f6nheitsritual, inspiriert von der Pflege koreanischer Adliger.<\/p>\n<p data-start=\"1515\" data-end=\"1692\">Follow us! <a href=\"https:\/\/www.instagram.com\/freeshopswiss\/\" target=\"_blank\" rel=\"noopener\">@freeshopswiss<\/a><\/p>\n","protected":false},"excerpt":{"rendered":"<p>BEAUTY OF JOSEON Dynasty Cream 50 ml \u2013 Intensive Feuchtigkeit und k\u00f6nigliche Ausstrahlung f\u00fcr Ihre Haut Die BEAUTY OF JOSEON Dynasty Cream ist eine Gesichtscreme, inspiriert von den traditionellen koreanischen Sch\u00f6nheitsrezepten. Sie bietet tiefe N\u00e4hrung, langanhaltende Feuchtigkeit und einen strahlenden Teint. Angereichert mit erlesenen Inhaltsstoffen wie Reiswasser, Ginseng, Honig und Niacinamid, vereint diese Creme Tradition [&hellip;]<\/p>\n","protected":false},"featured_media":34384,"comment_status":"open","ping_status":"closed","template":"","meta":[],"pwb-brand":[574],"product_brand":[],"product_cat":[292,546,3769],"product_tag":[419,293,300,3612],"class_list":{"0":"post-34392","1":"product","2":"type-product","3":"status-publish","4":"has-post-thumbnail","6":"pwb-brand-beauty-of-joseon","7":"product_cat-behandlungen","8":"product_cat-gesichtsbehandlung","9":"product_cat-k-beauty-de","10":"product_tag-behandlungen-de","11":"product_tag-frau","12":"product_tag-gesichtsbehandlungen","13":"product_tag-k-beauty-de","15":"first","16":"instock","17":"sale","18":"taxable","19":"shipping-taxable","20":"purchasable","21":"product-type-simple"},"brands":[{"id":574,"name":"Beauty of Joseon","slug":"beauty-of-joseon"}],"_links":{"self":[{"href":"https:\/\/www.freeshopfrontiera.ch\/de\/wp-json\/wp\/v2\/product\/34392","targetHints":{"allow":["GET"]}}],"collection":[{"href":"https:\/\/www.freeshopfrontiera.ch\/de\/wp-json\/wp\/v2\/product"}],"about":[{"href":"https:\/\/www.freeshopfrontiera.ch\/de\/wp-json\/wp\/v2\/types\/product"}],"replies":[{"embeddable":true,"href":"https:\/\/www.freeshopfrontiera.ch\/de\/wp-json\/wp\/v2\/comments?post=34392"}],"version-history":[{"count":2,"href":"https:\/\/www.freeshopfrontiera.ch\/de\/wp-json\/wp\/v2\/product\/34392\/revisions"}],"predecessor-version":[{"id":34394,"href":"https:\/\/www.freeshopfrontiera.ch\/de\/wp-json\/wp\/v2\/product\/34392\/revisions\/34394"}],"wp:featuredmedia":[{"embeddable":true,"href":"https:\/\/www.freeshopfrontiera.ch\/de\/wp-json\/wp\/v2\/media\/34384"}],"wp:attachment":[{"href":"https:\/\/www.freeshopfrontiera.ch\/de\/wp-json\/wp\/v2\/media?parent=34392"}],"wp:term":[{"taxonomy":"pwb-brand","embeddable":true,"href":"https:\/\/www.freeshopfrontiera.ch\/de\/wp-json\/wp\/v2\/pwb-brand?post=34392"},{"taxonomy":"product_brand","embeddable":true,"href":"https:\/\/www.freeshopfrontiera.ch\/de\/wp-json\/wp\/v2\/product_brand?post=34392"},{"taxonomy":"product_cat","embeddable":true,"href":"https:\/\/www.freeshopfrontiera.ch\/de\/wp-json\/wp\/v2\/product_cat?post=34392"},{"taxonomy":"product_tag","embeddable":true,"href":"https:\/\/www.freeshopfrontiera.ch\/de\/wp-json\/wp\/v2\/product_tag?post=34392"}],"curies":[{"name":"wp","href":"https:\/\/api.w.org\/{rel}","templated":true}]}}