{"id":34406,"date":"2025-08-12T09:27:48","date_gmt":"2025-08-12T09:27:48","guid":{"rendered":"https:\/\/www.freeshopfrontiera.ch\/shop\/hugo-boss-set-boss-bottled-parfum-50ml-deo-spray-150ml\/"},"modified":"2026-04-13T14:50:57","modified_gmt":"2026-04-13T14:50:57","slug":"hugo-boss-set-boss-bottled-parfum-50ml-deo-spray-150ml","status":"publish","type":"product","link":"https:\/\/www.freeshopfrontiera.ch\/de\/shop\/hugo-boss-set-boss-bottled-parfum-50ml-deo-spray-150ml\/","title":{"rendered":"BOSS SET Boss Bottled Parfum 50ml + Deo Spray 150ml"},"content":{"rendered":"<p data-start=\"164\" data-end=\"294\"><strong data-start=\"183\" data-end=\"292\">BOSS SET Boss Bottled Parfum 50 ml + Deo Spray 150 ml \u2013 Intensive Eleganz und langanhaltende Frische<\/strong><\/p>\n<p data-start=\"296\" data-end=\"505\">Das <strong data-start=\"300\" data-end=\"345\">BOSS Boss Bottled Parfum Geschenkset<\/strong> ist das perfekte Pr\u00e4sent f\u00fcr den modernen Mann, der sich mit raffiniertem Stil und selbstbewusster Ausstrahlung abheben m\u00f6chte. Dieses exklusive Set enth\u00e4lt:<\/p>\n<ul data-start=\"507\" data-end=\"926\">\n<li data-start=\"507\" data-end=\"766\">\n<p data-start=\"509\" data-end=\"766\"><strong data-start=\"509\" data-end=\"538\">Boss Bottled Parfum 50 ml<\/strong> \u2013 Ein holzig-w\u00fcrziger Duft, der Mandarinen- und Weihrauch\u00f6lnoten mit einem Herz aus Iris und Vetiverwurzel kombiniert. Die Basis aus edlen H\u00f6lzern und Amber verleiht Tiefe und Charakter f\u00fcr einen intensiven, umh\u00fcllenden Duft.<\/p>\n<\/li>\n<li data-start=\"767\" data-end=\"926\">\n<p data-start=\"769\" data-end=\"926\"><strong data-start=\"769\" data-end=\"789\">Deo Spray 150 ml<\/strong> \u2013 Ein erfrischendes Deodorant-Spray, das langanhaltenden Schutz bietet und die Haut mit den ikonischen Noten von Boss Bottled umh\u00fcllt.<\/p>\n<\/li>\n<\/ul>\n<p data-start=\"928\" data-end=\"1101\">Das Parfum zeichnet sich durch eine h\u00f6here Duftkonzentration aus, die eine langanhaltende, elegante Duftspur hinterl\u00e4sst \u2013 perfekt f\u00fcr jeden Anlass, vom Tag bis zum Abend.<\/p>\n<p data-start=\"1103\" data-end=\"1286\">Pr\u00e4sentiert in einer eleganten Geschenkbox, ist dieses Set die ideale Geschenkidee f\u00fcr Geburtstage, Jubil\u00e4en oder Feiertage \u2013 oder um sich selbst einen Moment puren Luxus zu g\u00f6nnen.<\/p>\n<p data-start=\"1288\" data-end=\"1436\">Mit dem <strong data-start=\"1296\" data-end=\"1333\">HUGO BOSS Boss Bottled Parfum Set<\/strong> verschenken (oder genie\u00dfen) Sie ein komplettes Dufterlebnis: Intensit\u00e4t, Frische und zeitlosen Stil.<\/p>\n<p data-start=\"1296\" data-end=\"1444\">Follow us! <a href=\"https:\/\/www.instagram.com\/freeshopswiss\/\" target=\"_blank\" rel=\"noopener\">@freeshopswiss<\/a><\/p>\n","protected":false},"excerpt":{"rendered":"<p>BOSS SET Boss Bottled Parfum 50 ml + Deo Spray 150 ml \u2013 Intensive Eleganz und langanhaltende Frische Das BOSS Boss Bottled Parfum Geschenkset ist das perfekte Pr\u00e4sent f\u00fcr den modernen Mann, der sich mit raffiniertem Stil und selbstbewusster Ausstrahlung abheben m\u00f6chte. Dieses exklusive Set enth\u00e4lt: Boss Bottled Parfum 50 ml \u2013 Ein holzig-w\u00fcrziger Duft, [&hellip;]<\/p>\n","protected":false},"featured_media":34402,"comment_status":"open","ping_status":"closed","template":"","meta":[],"pwb-brand":[260],"product_brand":[],"product_cat":[84,86,485,4193],"product_tag":[952,465,953,460],"class_list":{"0":"post-34406","1":"product","2":"type-product","3":"status-publish","4":"has-post-thumbnail","6":"pwb-brand-hugo-boss","7":"product_cat-duefte","8":"product_cat-fur-ihn-de","9":"product_cat-geschenkbox","10":"product_cat-sets-aktion","11":"product_tag-profumi-de","12":"product_tag-geschenkset-herren","13":"product_tag-uomo-de","14":"product_tag-parfuem-geschenkset","16":"first","17":"instock","18":"sale","19":"taxable","20":"shipping-taxable","21":"purchasable","22":"product-type-simple"},"brands":[{"id":260,"name":"Hugo Boss","slug":"hugo-boss"}],"_links":{"self":[{"href":"https:\/\/www.freeshopfrontiera.ch\/de\/wp-json\/wp\/v2\/product\/34406","targetHints":{"allow":["GET"]}}],"collection":[{"href":"https:\/\/www.freeshopfrontiera.ch\/de\/wp-json\/wp\/v2\/product"}],"about":[{"href":"https:\/\/www.freeshopfrontiera.ch\/de\/wp-json\/wp\/v2\/types\/product"}],"replies":[{"embeddable":true,"href":"https:\/\/www.freeshopfrontiera.ch\/de\/wp-json\/wp\/v2\/comments?post=34406"}],"version-history":[{"count":3,"href":"https:\/\/www.freeshopfrontiera.ch\/de\/wp-json\/wp\/v2\/product\/34406\/revisions"}],"predecessor-version":[{"id":42345,"href":"https:\/\/www.freeshopfrontiera.ch\/de\/wp-json\/wp\/v2\/product\/34406\/revisions\/42345"}],"wp:featuredmedia":[{"embeddable":true,"href":"https:\/\/www.freeshopfrontiera.ch\/de\/wp-json\/wp\/v2\/media\/34402"}],"wp:attachment":[{"href":"https:\/\/www.freeshopfrontiera.ch\/de\/wp-json\/wp\/v2\/media?parent=34406"}],"wp:term":[{"taxonomy":"pwb-brand","embeddable":true,"href":"https:\/\/www.freeshopfrontiera.ch\/de\/wp-json\/wp\/v2\/pwb-brand?post=34406"},{"taxonomy":"product_brand","embeddable":true,"href":"https:\/\/www.freeshopfrontiera.ch\/de\/wp-json\/wp\/v2\/product_brand?post=34406"},{"taxonomy":"product_cat","embeddable":true,"href":"https:\/\/www.freeshopfrontiera.ch\/de\/wp-json\/wp\/v2\/product_cat?post=34406"},{"taxonomy":"product_tag","embeddable":true,"href":"https:\/\/www.freeshopfrontiera.ch\/de\/wp-json\/wp\/v2\/product_tag?post=34406"}],"curies":[{"name":"wp","href":"https:\/\/api.w.org\/{rel}","templated":true}]}}