{"id":34534,"date":"2025-08-18T09:03:51","date_gmt":"2025-08-18T09:03:51","guid":{"rendered":"https:\/\/www.freeshopfrontiera.ch\/shop\/givenchy-gentleman-reserve-privee\/"},"modified":"2025-09-12T09:36:43","modified_gmt":"2025-09-12T09:36:43","slug":"givenchy-gentleman-reserve-privee","status":"publish","type":"product","link":"https:\/\/www.freeshopfrontiera.ch\/de\/shop\/givenchy-gentleman-reserve-privee\/","title":{"rendered":"GIVENCHY Gentleman Reserve Privee 100ml"},"content":{"rendered":"<h3 data-start=\"3637\" data-end=\"3726\">GIVENCHY Gentleman R\u00e9serve Priv\u00e9e Eau de Parfum \u2013 Die Eleganz maskuliner Raffinesse<\/h3>\n<p data-start=\"3728\" data-end=\"4148\"><strong data-start=\"3728\" data-end=\"3779\">GIVENCHY Gentleman R\u00e9serve Priv\u00e9e Eau de Parfum<\/strong> ist ein raffinierter und intensiver Duft, der die Eleganz des modernen Mannes feiert. Er entstand aus der Verbindung franz\u00f6sischer Parf\u00fcmeurskunst mit der Handwerkskunst des schottischen Whiskys und vereint W\u00e4rme, Tiefe und unverwechselbaren Charakter. F\u00fcr M\u00e4nner, die Stil und Selbstbewusstsein ausstrahlen, verk\u00f6rpert er Charisma, Eleganz und subtile Sinnlichkeit.<\/p>\n<p data-start=\"4150\" data-end=\"4607\">Die Kopfnote er\u00f6ffnet mit der spritzigen Frische der <strong data-start=\"4203\" data-end=\"4217\">Bergamotte<\/strong>, die Energie und Leuchtkraft vermittelt. Im Herzen entfaltet sich die \u00fcberraschende Verbindung von <strong data-start=\"4317\" data-end=\"4332\">zarter Iris<\/strong> und <strong data-start=\"4337\" data-end=\"4355\">Whisky-Absolue<\/strong>, eine einzigartige Komposition, die florale Weichheit mit intensiver, lik\u00f6rartiger Tiefe verbindet. Die Basisnoten aus <strong data-start=\"4475\" data-end=\"4484\">Amber<\/strong>, der s\u00fc\u00dfen <strong data-start=\"4496\" data-end=\"4508\">Kastanie<\/strong> und <strong data-start=\"4513\" data-end=\"4530\">edlen H\u00f6lzern<\/strong> sorgen f\u00fcr ein warmes, langanhaltendes und unverwechselbares Dufterlebnis.<\/p>\n<p data-start=\"4609\" data-end=\"4783\">Der Flakon unterstreicht diese Essenz perfekt: modern, elegant und in Bernsteinfarben, die an die warmen Nuancen von Whisky erinnern \u2013 ein Symbol f\u00fcr St\u00e4rke und Raffinesse.<\/p>\n<p data-start=\"4785\" data-end=\"5048\"><strong data-start=\"4785\" data-end=\"4813\">Gentleman R\u00e9serve Priv\u00e9e<\/strong> ist der ideale Begleiter f\u00fcr besondere Anl\u00e4sse oder Abende, an denen man Eindruck hinterlassen m\u00f6chte. Mit seiner warmen und sinnlichen Aura passt er hervorragend zu Herbst und Winter, bleibt jedoch zu jeder Jahreszeit faszinierend<\/p>\n<p data-start=\"1392\" data-end=\"1758\">Follow us! <a href=\"https:\/\/www.instagram.com\/freeshopswiss\/\" target=\"_blank\" rel=\"noopener\">@freeshopswiss<\/a><\/p>\n","protected":false},"excerpt":{"rendered":"<p>GIVENCHY Gentleman R\u00e9serve Priv\u00e9e Eau de Parfum \u2013 Die Eleganz maskuliner Raffinesse GIVENCHY Gentleman R\u00e9serve Priv\u00e9e Eau de Parfum ist ein raffinierter und intensiver Duft, der die Eleganz des modernen Mannes feiert. Er entstand aus der Verbindung franz\u00f6sischer Parf\u00fcmeurskunst mit der Handwerkskunst des schottischen Whiskys und vereint W\u00e4rme, Tiefe und unverwechselbaren Charakter. F\u00fcr M\u00e4nner, die [&hellip;]<\/p>\n","protected":false},"featured_media":34525,"comment_status":"open","ping_status":"closed","template":"","meta":[],"pwb-brand":[2171],"product_brand":[],"product_cat":[84,86],"product_tag":[952,254,953,1642],"class_list":{"0":"post-34534","1":"product","2":"type-product","3":"status-publish","4":"has-post-thumbnail","6":"pwb-brand-givenchy","7":"product_cat-duefte","8":"product_cat-fur-ihn-de","9":"product_tag-profumi-de","10":"product_tag-eau-de-parfum-de","11":"product_tag-uomo-de","12":"product_tag-mens-fragrances-de","14":"first","15":"outofstock","16":"sale","17":"taxable","18":"shipping-taxable","19":"purchasable","20":"product-type-simple"},"brands":[{"id":2171,"name":"Givenchy","slug":"givenchy"}],"_links":{"self":[{"href":"https:\/\/www.freeshopfrontiera.ch\/de\/wp-json\/wp\/v2\/product\/34534","targetHints":{"allow":["GET"]}}],"collection":[{"href":"https:\/\/www.freeshopfrontiera.ch\/de\/wp-json\/wp\/v2\/product"}],"about":[{"href":"https:\/\/www.freeshopfrontiera.ch\/de\/wp-json\/wp\/v2\/types\/product"}],"replies":[{"embeddable":true,"href":"https:\/\/www.freeshopfrontiera.ch\/de\/wp-json\/wp\/v2\/comments?post=34534"}],"version-history":[{"count":3,"href":"https:\/\/www.freeshopfrontiera.ch\/de\/wp-json\/wp\/v2\/product\/34534\/revisions"}],"predecessor-version":[{"id":35509,"href":"https:\/\/www.freeshopfrontiera.ch\/de\/wp-json\/wp\/v2\/product\/34534\/revisions\/35509"}],"wp:featuredmedia":[{"embeddable":true,"href":"https:\/\/www.freeshopfrontiera.ch\/de\/wp-json\/wp\/v2\/media\/34525"}],"wp:attachment":[{"href":"https:\/\/www.freeshopfrontiera.ch\/de\/wp-json\/wp\/v2\/media?parent=34534"}],"wp:term":[{"taxonomy":"pwb-brand","embeddable":true,"href":"https:\/\/www.freeshopfrontiera.ch\/de\/wp-json\/wp\/v2\/pwb-brand?post=34534"},{"taxonomy":"product_brand","embeddable":true,"href":"https:\/\/www.freeshopfrontiera.ch\/de\/wp-json\/wp\/v2\/product_brand?post=34534"},{"taxonomy":"product_cat","embeddable":true,"href":"https:\/\/www.freeshopfrontiera.ch\/de\/wp-json\/wp\/v2\/product_cat?post=34534"},{"taxonomy":"product_tag","embeddable":true,"href":"https:\/\/www.freeshopfrontiera.ch\/de\/wp-json\/wp\/v2\/product_tag?post=34534"}],"curies":[{"name":"wp","href":"https:\/\/api.w.org\/{rel}","templated":true}]}}