{"id":34550,"date":"2025-08-18T09:50:29","date_gmt":"2025-08-18T09:50:29","guid":{"rendered":"https:\/\/www.freeshopfrontiera.ch\/shop\/givenchy-amarige-woman-30ml\/"},"modified":"2025-08-18T09:52:18","modified_gmt":"2025-08-18T09:52:18","slug":"givenchy-amarige-woman-30ml","status":"publish","type":"product","link":"https:\/\/www.freeshopfrontiera.ch\/de\/shop\/givenchy-amarige-woman-30ml\/","title":{"rendered":"GIVENCHY Amarige Woman 30ml"},"content":{"rendered":"<p data-start=\"309\" data-end=\"739\"><strong data-start=\"309\" data-end=\"345\">GIVENCHY Amarige Eau de Toilette<\/strong> \u00e8 un profumo iconico e intramontabile, che celebra l\u2019amore, la femminilit\u00e0 e la gioia di vivere. Creato nel 1991, questo capolavoro della maison Givenchy \u00e8 dedicato alla donna passionale, elegante e romantica, che ama esprimere la propria personalit\u00e0 con grazia e intensit\u00e0. Un\u2019essenza luminosa, avvolgente e inconfondibile che, ancora oggi, conquista generazioni di donne in tutto il mondo.<\/p>\n<p data-start=\"741\" data-end=\"1373\">La piramide olfattiva di <strong data-start=\"766\" data-end=\"777\">Amarige<\/strong> \u00e8 ricca e opulenta, un bouquet floreale intenso che cattura i sensi sin dalle prime note. L\u2019apertura \u00e8 fresca e frizzante, grazie al <strong data-start=\"911\" data-end=\"966\">fiore di mandarino, alla prugna succosa e al neroli<\/strong>, che regalano energia e dolcezza. Nel cuore esplode un trionfo floreale sensuale: la <strong data-start=\"1052\" data-end=\"1064\">tuberosa<\/strong>, il <strong data-start=\"1069\" data-end=\"1082\">gelsomino<\/strong>, il <strong data-start=\"1087\" data-end=\"1097\">mimosa<\/strong> e l\u2019<strong data-start=\"1102\" data-end=\"1117\">ylang-ylang<\/strong> si fondono in un accordo radioso e femminile, simbolo di eleganza eterna. Sul fondo, la fragranza si fa calda e persistente grazie alla <strong data-start=\"1254\" data-end=\"1272\">vaniglia dolce<\/strong>, al <strong data-start=\"1277\" data-end=\"1297\">legno di sandalo<\/strong> e al <strong data-start=\"1303\" data-end=\"1321\">muschio bianco<\/strong>, che donano profondit\u00e0 e una scia inconfondibile.<\/p>\n<p data-start=\"1375\" data-end=\"1597\">Il flacone di <strong data-start=\"1389\" data-end=\"1400\">Amarige<\/strong> riflette perfettamente lo spirito del profumo: linee morbide e sinuose, un design elegante coronato da un tappo bianco che ricorda un fiore in piena fioritura, simbolo di purezza e romanticismo.<\/p>\n<p data-start=\"1599\" data-end=\"1843\">Ideale per la donna che ama sentirsi speciale in ogni occasione, <strong data-start=\"1664\" data-end=\"1684\">GIVENCHY Amarige<\/strong> \u00e8 perfetto sia di giorno, per sottolineare la propria luminosit\u00e0 naturale, sia di sera, quando la sua intensit\u00e0 floreale lascia una traccia indimenticabile.<\/p>\n<p data-start=\"1599\" data-end=\"1843\">Follow us! <a href=\"https:\/\/www.instagram.com\/freeshopswiss\/\" target=\"_blank\" rel=\"noopener\">@freeshopswiss<\/a><\/p>\n","protected":false},"excerpt":{"rendered":"<p>GIVENCHY Amarige Eau de Toilette \u00e8 un profumo iconico e intramontabile, che celebra l\u2019amore, la femminilit\u00e0 e la gioia di vivere. Creato nel 1991, questo capolavoro della maison Givenchy \u00e8 dedicato alla donna passionale, elegante e romantica, che ama esprimere la propria personalit\u00e0 con grazia e intensit\u00e0. Un\u2019essenza luminosa, avvolgente e inconfondibile che, ancora oggi, [&hellip;]<\/p>\n","protected":false},"featured_media":34545,"comment_status":"open","ping_status":"closed","template":"","meta":[],"pwb-brand":[2171],"product_brand":[],"product_cat":[84,111],"product_tag":[790,952,147,293],"class_list":{"0":"post-34550","1":"product","2":"type-product","3":"status-publish","4":"has-post-thumbnail","6":"pwb-brand-givenchy","7":"product_cat-duefte","8":"product_cat-fur-sie-de","9":"product_tag-womens-fragrances-de","10":"product_tag-profumi-de","11":"product_tag-eau-de-toilette-de","12":"product_tag-frau","14":"first","15":"instock","16":"sale","17":"taxable","18":"shipping-taxable","19":"purchasable","20":"product-type-simple"},"brands":[{"id":2171,"name":"Givenchy","slug":"givenchy"}],"_links":{"self":[{"href":"https:\/\/www.freeshopfrontiera.ch\/de\/wp-json\/wp\/v2\/product\/34550","targetHints":{"allow":["GET"]}}],"collection":[{"href":"https:\/\/www.freeshopfrontiera.ch\/de\/wp-json\/wp\/v2\/product"}],"about":[{"href":"https:\/\/www.freeshopfrontiera.ch\/de\/wp-json\/wp\/v2\/types\/product"}],"replies":[{"embeddable":true,"href":"https:\/\/www.freeshopfrontiera.ch\/de\/wp-json\/wp\/v2\/comments?post=34550"}],"version-history":[{"count":1,"href":"https:\/\/www.freeshopfrontiera.ch\/de\/wp-json\/wp\/v2\/product\/34550\/revisions"}],"predecessor-version":[{"id":34553,"href":"https:\/\/www.freeshopfrontiera.ch\/de\/wp-json\/wp\/v2\/product\/34550\/revisions\/34553"}],"wp:featuredmedia":[{"embeddable":true,"href":"https:\/\/www.freeshopfrontiera.ch\/de\/wp-json\/wp\/v2\/media\/34545"}],"wp:attachment":[{"href":"https:\/\/www.freeshopfrontiera.ch\/de\/wp-json\/wp\/v2\/media?parent=34550"}],"wp:term":[{"taxonomy":"pwb-brand","embeddable":true,"href":"https:\/\/www.freeshopfrontiera.ch\/de\/wp-json\/wp\/v2\/pwb-brand?post=34550"},{"taxonomy":"product_brand","embeddable":true,"href":"https:\/\/www.freeshopfrontiera.ch\/de\/wp-json\/wp\/v2\/product_brand?post=34550"},{"taxonomy":"product_cat","embeddable":true,"href":"https:\/\/www.freeshopfrontiera.ch\/de\/wp-json\/wp\/v2\/product_cat?post=34550"},{"taxonomy":"product_tag","embeddable":true,"href":"https:\/\/www.freeshopfrontiera.ch\/de\/wp-json\/wp\/v2\/product_tag?post=34550"}],"curies":[{"name":"wp","href":"https:\/\/api.w.org\/{rel}","templated":true}]}}