{"id":34650,"date":"2025-08-18T13:56:04","date_gmt":"2025-08-18T13:56:04","guid":{"rendered":"https:\/\/www.freeshopfrontiera.ch\/shop\/guerlain-aqua-allegoria-nerolia-vetiver-125ml\/"},"modified":"2025-08-18T14:09:36","modified_gmt":"2025-08-18T14:09:36","slug":"guerlain-aqua-allegoria-nerolia-vetiver-125ml","status":"publish","type":"product","link":"https:\/\/www.freeshopfrontiera.ch\/de\/shop\/guerlain-aqua-allegoria-nerolia-vetiver-125ml\/","title":{"rendered":"GUERLAIN Aqua Allegoria Nerolia Vetiver 125ml"},"content":{"rendered":"<p data-start=\"3574\" data-end=\"3680\"><strong data-start=\"3574\" data-end=\"3678\">GUERLAIN Aqua Allegoria Nerolia Vetiver Eau de Toilette 125ml \u2013 Frische und Eleganz in jedem Tropfen<\/strong><\/p>\n<p data-start=\"3682\" data-end=\"3987\">Entdecken Sie <strong data-start=\"3696\" data-end=\"3739\">GUERLAIN Aqua Allegoria Nerolia Vetiver<\/strong>, ein Eau de Toilette, das Frische und Raffinesse perfekt vereint. Diese Unisex-Duftnote aus der renommierten <strong data-start=\"3849\" data-end=\"3867\">Aqua Allegoria<\/strong> Kollektion ist f\u00fcr alle, die leichte, aber langanhaltende D\u00fcfte lieben, die jeden Moment des Tages elegant begleiten.<\/p>\n<p data-start=\"3989\" data-end=\"4456\">Die Kopfnote \u00f6ffnet sich mit einem Ausbruch von <strong data-start=\"4037\" data-end=\"4047\">Neroli<\/strong>, Zitrusfr\u00fcchten und frischen Blumen, die sofort Vitalit\u00e4t und Leuchtkraft verleihen. Das Herz offenbart <strong data-start=\"4152\" data-end=\"4171\">Vetiver-Akzente<\/strong>, die Tiefe und Charakter hinzuf\u00fcgen und die anf\u00e4ngliche Frische mit einer warmen, umh\u00fcllenden Spur ausbalancieren. Die Basis ist weich und raffiniert und rundet das sensorische Erlebnis mit dezenten, lang anhaltenden Noten ab, die auf der Haut verbleiben, ohne aufdringlich zu sein.<\/p>\n<p data-start=\"4458\" data-end=\"4795\">Perfekt f\u00fcr den t\u00e4glichen Gebrauch, ist <strong data-start=\"4498\" data-end=\"4517\">Nerolia Vetiver<\/strong> ideal f\u00fcr alle, die einen vielseitigen, frischen und anspruchsvollen Duft suchen. Der 125ml-Flakon vereint Eleganz und Praktikabilit\u00e4t \u2013 ideal f\u00fcr den Schreibtisch oder die Handtasche \u2013 und ist auch ein wunderbares Geschenk f\u00fcr alle, die feine und hochwertige D\u00fcfte sch\u00e4tzen.<\/p>\n<p data-start=\"4797\" data-end=\"5101\">Mit <strong data-start=\"4801\" data-end=\"4844\">GUERLAIN Aqua Allegoria Nerolia Vetiver<\/strong> wird jeder Tag zu einem einzigartigen Sinneserlebnis, das Eleganz, Frische und Nat\u00fcrlichkeit verk\u00f6rpert. Verpassen Sie nicht die Gelegenheit, diesen ikonischen Duft Ihrer Sammlung hinzuzuf\u00fcgen und die olfaktorische Perfektion von <strong data-start=\"5075\" data-end=\"5087\">Guerlain<\/strong> zu erleben.<\/p>\n<p data-start=\"1379\" data-end=\"1676\">Follow us! <a href=\"https:\/\/www.instagram.com\/freeshopswiss\/\" target=\"_blank\" rel=\"noopener\">@freeshopswiss<\/a><\/p>\n","protected":false},"excerpt":{"rendered":"<p>Entdecken Sie <strong data-start=\"3696\" data-end=\"3739\">GUERLAIN Aqua Allegoria Nerolia Vetiver<\/strong>, ein Eau de Toilette, das Frische und Raffinesse perfekt vereint.<\/p>\n","protected":false},"featured_media":34642,"comment_status":"open","ping_status":"closed","template":"","meta":[],"pwb-brand":[2199],"product_brand":[],"product_cat":[84,111],"product_tag":[790,952,147,293,5051,5073],"class_list":{"0":"post-34650","1":"product","2":"type-product","3":"status-publish","4":"has-post-thumbnail","6":"pwb-brand-guerlain","7":"product_cat-duefte","8":"product_cat-fur-sie-de","9":"product_tag-womens-fragrances-de","10":"product_tag-profumi-de","11":"product_tag-eau-de-toilette-de","12":"product_tag-frau","13":"product_tag-muttertag","14":"product_tag-muttertags-parfums","16":"first","17":"instock","18":"sale","19":"taxable","20":"shipping-taxable","21":"purchasable","22":"product-type-simple"},"brands":[{"id":2199,"name":"Guerlain","slug":"guerlain"}],"_links":{"self":[{"href":"https:\/\/www.freeshopfrontiera.ch\/de\/wp-json\/wp\/v2\/product\/34650","targetHints":{"allow":["GET"]}}],"collection":[{"href":"https:\/\/www.freeshopfrontiera.ch\/de\/wp-json\/wp\/v2\/product"}],"about":[{"href":"https:\/\/www.freeshopfrontiera.ch\/de\/wp-json\/wp\/v2\/types\/product"}],"replies":[{"embeddable":true,"href":"https:\/\/www.freeshopfrontiera.ch\/de\/wp-json\/wp\/v2\/comments?post=34650"}],"version-history":[{"count":1,"href":"https:\/\/www.freeshopfrontiera.ch\/de\/wp-json\/wp\/v2\/product\/34650\/revisions"}],"predecessor-version":[{"id":34654,"href":"https:\/\/www.freeshopfrontiera.ch\/de\/wp-json\/wp\/v2\/product\/34650\/revisions\/34654"}],"wp:featuredmedia":[{"embeddable":true,"href":"https:\/\/www.freeshopfrontiera.ch\/de\/wp-json\/wp\/v2\/media\/34642"}],"wp:attachment":[{"href":"https:\/\/www.freeshopfrontiera.ch\/de\/wp-json\/wp\/v2\/media?parent=34650"}],"wp:term":[{"taxonomy":"pwb-brand","embeddable":true,"href":"https:\/\/www.freeshopfrontiera.ch\/de\/wp-json\/wp\/v2\/pwb-brand?post=34650"},{"taxonomy":"product_brand","embeddable":true,"href":"https:\/\/www.freeshopfrontiera.ch\/de\/wp-json\/wp\/v2\/product_brand?post=34650"},{"taxonomy":"product_cat","embeddable":true,"href":"https:\/\/www.freeshopfrontiera.ch\/de\/wp-json\/wp\/v2\/product_cat?post=34650"},{"taxonomy":"product_tag","embeddable":true,"href":"https:\/\/www.freeshopfrontiera.ch\/de\/wp-json\/wp\/v2\/product_tag?post=34650"}],"curies":[{"name":"wp","href":"https:\/\/api.w.org\/{rel}","templated":true}]}}