{"id":34728,"date":"2025-08-19T08:13:09","date_gmt":"2025-08-19T08:13:09","guid":{"rendered":"https:\/\/www.freeshopfrontiera.ch\/shop\/guerlain-aqua-allegoria-forte-florabloom-125ml\/"},"modified":"2025-08-19T10:54:22","modified_gmt":"2025-08-19T10:54:22","slug":"guerlain-aqua-allegoria-forte-florabloom-125ml","status":"publish","type":"product","link":"https:\/\/www.freeshopfrontiera.ch\/de\/shop\/guerlain-aqua-allegoria-forte-florabloom-125ml\/","title":{"rendered":"GUERLAIN Aqua Allegoria Forte Florabloom 125ml"},"content":{"rendered":"<p data-start=\"3442\" data-end=\"3799\"><strong data-start=\"3442\" data-end=\"3506\">GUERLAIN Aqua Allegoria Forte Florabloom Eau de Parfum 125ml<\/strong> ist eine kraftvolle und strahlende Komposition, die die ganze Sch\u00f6nheit und Energie der Natur in voller Bl\u00fcte einf\u00e4ngt. Als Teil der renommierten <strong data-start=\"3653\" data-end=\"3671\">Aqua Allegoria<\/strong>-Kollektion von Guerlain entf\u00fchrt dieser Duft in \u00fcppige G\u00e4rten, in denen Blumen unter dem warmen Licht des Fr\u00fchlings erbl\u00fchen.<\/p>\n<p data-start=\"3801\" data-end=\"4175\">Schon beim ersten Aufspr\u00fchen begeistert Florabloom Forte mit einer frischen, leuchtenden Er\u00f6ffnung voller Vitalit\u00e4t. Im Herzen entfaltet sich ein edles Bouquet aus <strong data-start=\"3965\" data-end=\"3994\">Jasmin, Rose und Tuberose<\/strong>, das Eleganz und Sinnlichkeit ausstrahlt. Zarte fruchtige und sonnige Facetten verleihen der Komposition zus\u00e4tzliche Harmonie und Tiefe, ohne die nat\u00fcrliche Frische zu verlieren.<\/p>\n<p data-start=\"4177\" data-end=\"4482\">Die <strong data-start=\"4181\" data-end=\"4195\">Basisnoten<\/strong> sorgen f\u00fcr W\u00e4rme, Tiefe und Best\u00e4ndigkeit und h\u00fcllen die Haut in eine raffinierte, langanhaltende Aura. Dieses ausgewogene Zusammenspiel macht Aqua Allegoria Forte Florabloom zu einem vielseitigen Eau de Parfum, das sich sowohl im Alltag als auch zu besonderen Anl\u00e4ssen perfekt tr\u00e4gt.<\/p>\n<p data-start=\"4484\" data-end=\"4708\">Der ikonische <strong data-start=\"4498\" data-end=\"4520\">Bienenwaben-Flakon<\/strong>, das Symbol der Aqua Allegoria-Linie, unterstreicht die zeitlose Eleganz dieser Kreation. Er verk\u00f6rpert Guerlains Engagement, die Natur zu feiern und sie in reine Emotion zu verwandeln.<\/p>\n<p data-start=\"4710\" data-end=\"4914\">Florabloom Forte ist mehr als ein Parfum \u2013 es ist eine Einladung, das Leben intensiv zu genie\u00dfen, sich von der Kraft der Blumen verzaubern zu lassen und eine moderne, elegante Weiblichkeit zu entfalten.<\/p>\n<p data-start=\"1688\" data-end=\"2046\">Follow us! <a href=\"https:\/\/www.instagram.com\/freeshopswiss\/\" target=\"_blank\" rel=\"noopener\">@freeshopswiss<\/a><\/p>\n","protected":false},"excerpt":{"rendered":"<p><strong data-start=\"3442\" data-end=\"3506\">GUERLAIN Aqua Allegoria Forte Florabloom Eau de Parfum 125ml<\/strong> ist eine kraftvolle und strahlende Komposition, die die ganze Sch\u00f6nheit und Energie der Natur in voller Bl\u00fcte einf\u00e4ngt.<\/p>\n","protected":false},"featured_media":34723,"comment_status":"open","ping_status":"closed","template":"","meta":[],"pwb-brand":[2199],"product_brand":[],"product_cat":[84,111],"product_tag":[790,952,254,293],"class_list":{"0":"post-34728","1":"product","2":"type-product","3":"status-publish","4":"has-post-thumbnail","6":"pwb-brand-guerlain","7":"product_cat-duefte","8":"product_cat-fur-sie-de","9":"product_tag-womens-fragrances-de","10":"product_tag-profumi-de","11":"product_tag-eau-de-parfum-de","12":"product_tag-frau","14":"first","15":"outofstock","16":"sale","17":"taxable","18":"shipping-taxable","19":"purchasable","20":"product-type-simple"},"brands":[{"id":2199,"name":"Guerlain","slug":"guerlain"}],"_links":{"self":[{"href":"https:\/\/www.freeshopfrontiera.ch\/de\/wp-json\/wp\/v2\/product\/34728","targetHints":{"allow":["GET"]}}],"collection":[{"href":"https:\/\/www.freeshopfrontiera.ch\/de\/wp-json\/wp\/v2\/product"}],"about":[{"href":"https:\/\/www.freeshopfrontiera.ch\/de\/wp-json\/wp\/v2\/types\/product"}],"replies":[{"embeddable":true,"href":"https:\/\/www.freeshopfrontiera.ch\/de\/wp-json\/wp\/v2\/comments?post=34728"}],"version-history":[{"count":2,"href":"https:\/\/www.freeshopfrontiera.ch\/de\/wp-json\/wp\/v2\/product\/34728\/revisions"}],"predecessor-version":[{"id":34732,"href":"https:\/\/www.freeshopfrontiera.ch\/de\/wp-json\/wp\/v2\/product\/34728\/revisions\/34732"}],"wp:featuredmedia":[{"embeddable":true,"href":"https:\/\/www.freeshopfrontiera.ch\/de\/wp-json\/wp\/v2\/media\/34723"}],"wp:attachment":[{"href":"https:\/\/www.freeshopfrontiera.ch\/de\/wp-json\/wp\/v2\/media?parent=34728"}],"wp:term":[{"taxonomy":"pwb-brand","embeddable":true,"href":"https:\/\/www.freeshopfrontiera.ch\/de\/wp-json\/wp\/v2\/pwb-brand?post=34728"},{"taxonomy":"product_brand","embeddable":true,"href":"https:\/\/www.freeshopfrontiera.ch\/de\/wp-json\/wp\/v2\/product_brand?post=34728"},{"taxonomy":"product_cat","embeddable":true,"href":"https:\/\/www.freeshopfrontiera.ch\/de\/wp-json\/wp\/v2\/product_cat?post=34728"},{"taxonomy":"product_tag","embeddable":true,"href":"https:\/\/www.freeshopfrontiera.ch\/de\/wp-json\/wp\/v2\/product_tag?post=34728"}],"curies":[{"name":"wp","href":"https:\/\/api.w.org\/{rel}","templated":true}]}}