{"id":34820,"date":"2025-08-26T08:12:30","date_gmt":"2025-08-26T08:12:30","guid":{"rendered":"https:\/\/www.freeshopfrontiera.ch\/shop\/gucci-flora-gorgeous-gardenia-eau-de-parfum-intense-100ml\/"},"modified":"2025-08-26T09:10:24","modified_gmt":"2025-08-26T09:10:24","slug":"gucci-flora-gorgeous-gardenia-eau-de-parfum-intense-100ml","status":"publish","type":"product","link":"https:\/\/www.freeshopfrontiera.ch\/de\/shop\/gucci-flora-gorgeous-gardenia-eau-de-parfum-intense-100ml\/","title":{"rendered":"GUCCI Flora Gorgeous Gardenia Eau de Parfum Intense 100ml"},"content":{"rendered":"<h3 data-start=\"3833\" data-end=\"3939\">GUCCI Flora Gorgeous Gardenia Eau de Parfum Intense \u2013 Ein raffiniertes und umh\u00fcllendes Blumenbouquet<\/h3>\n<p data-start=\"3941\" data-end=\"4341\"><strong data-start=\"3941\" data-end=\"3996\">GUCCI Flora Gorgeous Gardenia Eau de Parfum Intense<\/strong> ist ein femininer Duft, der die Sch\u00f6nheit der Blumen in ihrer ganzen Intensit\u00e4t feiert und sich zu einem ikonischen und unwiderstehlichen Parfum verwandelt. Ideal f\u00fcr Frauen, die es lieben, sich mit Eleganz und Pers\u00f6nlichkeit abzuheben, vereint dieses Eau de Parfum Raffinesse, Sinnlichkeit und Modernit\u00e4t in einer einzigartigen Duftkreation.<\/p>\n<p data-start=\"4343\" data-end=\"4838\">Die Komposition er\u00f6ffnet mit spritzigen und strahlenden Noten, die sofort alle Blicke auf sich ziehen. Im Herzen entfaltet sich die <strong data-start=\"4475\" data-end=\"4493\">wei\u00dfe Gardenie<\/strong>, ein Symbol f\u00fcr Weiblichkeit und Reinheit, verfeinert durch cremige und samtige Akzente, die dem Duft einen raffinierten und umh\u00fcllenden Charakter verleihen. Die intensive und langanhaltende Duftspur wird durch warme, sinnliche Akkorde abgerundet, die diese Kreation unvergesslich machen \u2013 perfekt f\u00fcr jeden Anlass, ob tags\u00fcber oder am Abend.<\/p>\n<p data-start=\"4840\" data-end=\"5164\">Der Flakon spiegelt den unverkennbaren Stil des Hauses GUCCI wider: elegant, edel und mit modernen Details versehen, die an die ikonische Flora-Kollektion erinnern. Die tiefe Farbgebung und die floralen Motive machen ihn nicht nur zu einem Parfum, sondern auch zu einem Sammlerst\u00fcck, das jedes Schminktischchen bereichert.<\/p>\n<p data-start=\"5166\" data-end=\"5237\"><strong data-start=\"5166\" data-end=\"5235\">Warum GUCCI Flora Gorgeous Gardenia Eau de Parfum Intense w\u00e4hlen?<\/strong><\/p>\n<ul data-start=\"5238\" data-end=\"5494\">\n<li data-start=\"5238\" data-end=\"5300\">\n<p data-start=\"5240\" data-end=\"5300\">Ein intensiver, femininer und zeitgen\u00f6ssischer Blumenduft.<\/p>\n<\/li>\n<li data-start=\"5301\" data-end=\"5374\">\n<p data-start=\"5303\" data-end=\"5374\">Perfekt f\u00fcr alle, die einen langanhaltenden, umh\u00fcllenden Duft suchen.<\/p>\n<\/li>\n<li data-start=\"5375\" data-end=\"5439\">\n<p data-start=\"5377\" data-end=\"5439\">Verk\u00f6rpert den eleganten und anspruchsvollen Stil von GUCCI.<\/p>\n<\/li>\n<li data-start=\"5440\" data-end=\"5494\">\n<p data-start=\"5442\" data-end=\"5494\">Ein ideales Luxusgeschenk f\u00fcr eine besondere Frau.<\/p>\n<\/li>\n<\/ul>\n<p data-start=\"5496\" data-end=\"5750\">Mit GUCCI Flora Gorgeous Gardenia Intense taucht man ein in eine Welt voller Sinnlichkeit, Raffinesse und Ausdrucksfreiheit. Ein Duft, der authentische Sch\u00f6nheit feiert und f\u00fcr alle geschaffen ist, die sich einzigartig und unvergesslich f\u00fchlen m\u00f6chten<\/p>\n<p data-start=\"1777\" data-end=\"2020\">Follow us! <a href=\"https:\/\/www.instagram.com\/freeshopswiss\/\" target=\"_blank\" rel=\"noopener\">@freeshopswiss<\/a><\/p>\n","protected":false},"excerpt":{"rendered":"<p><strong data-start=\"3941\" data-end=\"3996\">GUCCI Flora Gorgeous Gardenia Eau de Parfum Intense<\/strong> ist ein femininer Duft, der die Sch\u00f6nheit der Blumen in ihrer ganzen Intensit\u00e4t feiert und sich zu einem ikonischen und unwiderstehlichen Parfum verwandelt.<\/p>\n","protected":false},"featured_media":34798,"comment_status":"open","ping_status":"closed","template":"","meta":[],"pwb-brand":[270],"product_brand":[],"product_cat":[84,111],"product_tag":[790,952,254,293],"class_list":{"0":"post-34820","1":"product","2":"type-product","3":"status-publish","4":"has-post-thumbnail","6":"pwb-brand-gucci","7":"product_cat-duefte","8":"product_cat-fur-sie-de","9":"product_tag-womens-fragrances-de","10":"product_tag-profumi-de","11":"product_tag-eau-de-parfum-de","12":"product_tag-frau","14":"first","15":"outofstock","16":"taxable","17":"shipping-taxable","18":"product-type-variable","19":"has-default-attributes"},"brands":[{"id":270,"name":"Gucci","slug":"gucci"}],"_links":{"self":[{"href":"https:\/\/www.freeshopfrontiera.ch\/de\/wp-json\/wp\/v2\/product\/34820","targetHints":{"allow":["GET"]}}],"collection":[{"href":"https:\/\/www.freeshopfrontiera.ch\/de\/wp-json\/wp\/v2\/product"}],"about":[{"href":"https:\/\/www.freeshopfrontiera.ch\/de\/wp-json\/wp\/v2\/types\/product"}],"replies":[{"embeddable":true,"href":"https:\/\/www.freeshopfrontiera.ch\/de\/wp-json\/wp\/v2\/comments?post=34820"}],"version-history":[{"count":1,"href":"https:\/\/www.freeshopfrontiera.ch\/de\/wp-json\/wp\/v2\/product\/34820\/revisions"}],"predecessor-version":[{"id":34826,"href":"https:\/\/www.freeshopfrontiera.ch\/de\/wp-json\/wp\/v2\/product\/34820\/revisions\/34826"}],"wp:featuredmedia":[{"embeddable":true,"href":"https:\/\/www.freeshopfrontiera.ch\/de\/wp-json\/wp\/v2\/media\/34798"}],"wp:attachment":[{"href":"https:\/\/www.freeshopfrontiera.ch\/de\/wp-json\/wp\/v2\/media?parent=34820"}],"wp:term":[{"taxonomy":"pwb-brand","embeddable":true,"href":"https:\/\/www.freeshopfrontiera.ch\/de\/wp-json\/wp\/v2\/pwb-brand?post=34820"},{"taxonomy":"product_brand","embeddable":true,"href":"https:\/\/www.freeshopfrontiera.ch\/de\/wp-json\/wp\/v2\/product_brand?post=34820"},{"taxonomy":"product_cat","embeddable":true,"href":"https:\/\/www.freeshopfrontiera.ch\/de\/wp-json\/wp\/v2\/product_cat?post=34820"},{"taxonomy":"product_tag","embeddable":true,"href":"https:\/\/www.freeshopfrontiera.ch\/de\/wp-json\/wp\/v2\/product_tag?post=34820"}],"curies":[{"name":"wp","href":"https:\/\/api.w.org\/{rel}","templated":true}]}}