{"id":34854,"date":"2025-08-26T08:51:48","date_gmt":"2025-08-26T08:51:48","guid":{"rendered":"https:\/\/www.freeshopfrontiera.ch\/shop\/marc-jacobs-perfect-absolute-eau-de-parfum\/"},"modified":"2025-08-26T09:01:00","modified_gmt":"2025-08-26T09:01:00","slug":"marc-jacobs-perfect-absolute-eau-de-parfum","status":"publish","type":"product","link":"https:\/\/www.freeshopfrontiera.ch\/de\/shop\/marc-jacobs-perfect-absolute-eau-de-parfum\/","title":{"rendered":"MARC JACOBS Perfect Absolute Eau de Parfum"},"content":{"rendered":"<h3 data-start=\"3899\" data-end=\"3998\">MARC JACOBS Perfect Absolute Eau de Parfum \u2013 Ein intensiver, moderner und \u00fcberraschender Duft<\/h3>\n<p data-start=\"4000\" data-end=\"4410\"><strong data-start=\"4000\" data-end=\"4046\">MARC JACOBS Perfect Absolute Eau de Parfum<\/strong> verk\u00f6rpert eine k\u00fchne, freie und authentische Weiblichkeit. Ein Duft, der dazu einl\u00e4dt, die eigene Einzigartigkeit ohne Kompromisse zu feiern \u2013 perfekt f\u00fcr alle, die mit Stil und Originalit\u00e4t hervorstechen m\u00f6chten. Intensiver und umh\u00fcllender als die klassische Version, verf\u00fchrt dieses Parfum die Sinne mit einem reichen, sinnlichen und unvergesslichen Bouquet.<\/p>\n<p data-start=\"4412\" data-end=\"4873\">Die Duftkomposition er\u00f6ffnet mit der saftigen Frische von <strong data-start=\"4470\" data-end=\"4479\">Feige<\/strong>, verfeinert durch k\u00f6stliche <strong data-start=\"4508\" data-end=\"4525\">Karamellnoten<\/strong>, die einen unerwarteten und unwiderstehlichen Auftakt schaffen. Im Herzen entfaltet sich die leuchtende Zartheit von <strong data-start=\"4643\" data-end=\"4653\">Jasmin<\/strong>, die dem Duft eine raffinierte und umh\u00fcllende florale Nuance verleiht. Die Basis aus <strong data-start=\"4739\" data-end=\"4748\">Ambra<\/strong> rundet die Kreation mit W\u00e4rme und Intensit\u00e4t ab und hinterl\u00e4sst eine tiefe, sinnliche Spur, die lange auf der Haut anh\u00e4lt.<\/p>\n<p data-start=\"4875\" data-end=\"5183\">Der Flakon spiegelt die einzigartige und verspielte \u00c4sthetik von Marc Jacobs wider: Der ikonische Verschluss mit bunten, extravaganten Details macht ihn zu einem wahren Sammlerst\u00fcck. Dieser Duft f\u00e4llt sowohl durch seinen charakterstarken olfaktorischen Ausdruck als auch durch das auff\u00e4llige Packaging auf.<\/p>\n<p data-start=\"5185\" data-end=\"5247\"><strong data-start=\"5185\" data-end=\"5245\">Warum MARC JACOBS Perfect Absolute Eau de Parfum w\u00e4hlen?<\/strong><\/p>\n<ul data-start=\"5248\" data-end=\"5600\">\n<li data-start=\"5248\" data-end=\"5320\">\n<p data-start=\"5250\" data-end=\"5320\">Ein intensiver, langanhaltender Duft, der die Pers\u00f6nlichkeit betont.<\/p>\n<\/li>\n<li data-start=\"5321\" data-end=\"5407\">\n<p data-start=\"5323\" data-end=\"5407\">Verf\u00fchrerische Noten von Feige und Karamell, erg\u00e4nzt durch die Eleganz von Jasmin.<\/p>\n<\/li>\n<li data-start=\"5408\" data-end=\"5474\">\n<p data-start=\"5410\" data-end=\"5474\">Sinnliche Ambra-Basis f\u00fcr eine tiefe, unvergessliche Duftspur.<\/p>\n<\/li>\n<li data-start=\"5475\" data-end=\"5538\">\n<p data-start=\"5477\" data-end=\"5538\">Ikonischer Flakon mit spielerischem, sammelw\u00fcrdigem Design.<\/p>\n<\/li>\n<li data-start=\"5539\" data-end=\"5600\">\n<p data-start=\"5541\" data-end=\"5600\">Ideal f\u00fcr Frauen mit modernem und unverwechselbarem Stil.<\/p>\n<\/li>\n<\/ul>\n<p data-start=\"5602\" data-end=\"5800\">Mit <strong data-start=\"5606\" data-end=\"5626\">Perfect Absolute<\/strong> bekr\u00e4ftigt man die eigene Individualit\u00e4t mit Mut und Leichtigkeit. Ein Duft, der die Sch\u00f6nheit des Selbstseins feiert und jeden Moment einzigartig und unvergesslich macht<\/p>\n<p data-start=\"1981\" data-end=\"2187\">Follow us! <a href=\"https:\/\/www.instagram.com\/freeshopswiss\/\" target=\"_blank\" rel=\"noopener\">@freeshopswiss<\/a><\/p>\n","protected":false},"excerpt":{"rendered":"<p><strong data-start=\"4000\" data-end=\"4046\">MARC JACOBS Perfect Absolute Eau de Parfum<\/strong> verk\u00f6rpert eine k\u00fchne, freie und authentische Weiblichkeit.<\/p>\n","protected":false},"featured_media":34832,"comment_status":"open","ping_status":"closed","template":"","meta":[],"pwb-brand":[286],"product_brand":[],"product_cat":[84,111],"product_tag":[790,952,254,293],"class_list":{"0":"post-34854","1":"product","2":"type-product","3":"status-publish","4":"has-post-thumbnail","6":"pwb-brand-marc-jacobs","7":"product_cat-duefte","8":"product_cat-fur-sie-de","9":"product_tag-womens-fragrances-de","10":"product_tag-profumi-de","11":"product_tag-eau-de-parfum-de","12":"product_tag-frau","14":"first","15":"outofstock","16":"sale","17":"taxable","18":"shipping-taxable","19":"purchasable","20":"product-type-variable","21":"has-default-attributes"},"brands":[{"id":286,"name":"Marc Jacobs","slug":"marc-jacobs"}],"_links":{"self":[{"href":"https:\/\/www.freeshopfrontiera.ch\/de\/wp-json\/wp\/v2\/product\/34854","targetHints":{"allow":["GET"]}}],"collection":[{"href":"https:\/\/www.freeshopfrontiera.ch\/de\/wp-json\/wp\/v2\/product"}],"about":[{"href":"https:\/\/www.freeshopfrontiera.ch\/de\/wp-json\/wp\/v2\/types\/product"}],"replies":[{"embeddable":true,"href":"https:\/\/www.freeshopfrontiera.ch\/de\/wp-json\/wp\/v2\/comments?post=34854"}],"version-history":[{"count":2,"href":"https:\/\/www.freeshopfrontiera.ch\/de\/wp-json\/wp\/v2\/product\/34854\/revisions"}],"predecessor-version":[{"id":34863,"href":"https:\/\/www.freeshopfrontiera.ch\/de\/wp-json\/wp\/v2\/product\/34854\/revisions\/34863"}],"wp:featuredmedia":[{"embeddable":true,"href":"https:\/\/www.freeshopfrontiera.ch\/de\/wp-json\/wp\/v2\/media\/34832"}],"wp:attachment":[{"href":"https:\/\/www.freeshopfrontiera.ch\/de\/wp-json\/wp\/v2\/media?parent=34854"}],"wp:term":[{"taxonomy":"pwb-brand","embeddable":true,"href":"https:\/\/www.freeshopfrontiera.ch\/de\/wp-json\/wp\/v2\/pwb-brand?post=34854"},{"taxonomy":"product_brand","embeddable":true,"href":"https:\/\/www.freeshopfrontiera.ch\/de\/wp-json\/wp\/v2\/product_brand?post=34854"},{"taxonomy":"product_cat","embeddable":true,"href":"https:\/\/www.freeshopfrontiera.ch\/de\/wp-json\/wp\/v2\/product_cat?post=34854"},{"taxonomy":"product_tag","embeddable":true,"href":"https:\/\/www.freeshopfrontiera.ch\/de\/wp-json\/wp\/v2\/product_tag?post=34854"}],"curies":[{"name":"wp","href":"https:\/\/api.w.org\/{rel}","templated":true}]}}